{"id":15,"date":"2023-12-15T13:31:26","date_gmt":"2023-12-15T18:31:26","guid":{"rendered":"http:\/\/localhost\/equipemcinnis\/?page_id=15"},"modified":"2023-12-21T18:11:31","modified_gmt":"2023-12-21T23:11:31","slug":"acheter","status":"publish","type":"page","link":"https:\/\/infoimmobilier360.com\/en\/acheter\/","title":{"rendered":"Buy"},"content":{"rendered":"<p>[et_pb_section fb_built=&raquo;1&Prime; _builder_version=&raquo;4.23.1&Prime; _module_preset=&raquo;default&raquo; global_colors_info=&raquo;{}&raquo;][et_pb_row column_structure=&raquo;3_5,2_5&Prime; _builder_version=&raquo;4.23.1&Prime; _module_preset=&raquo;default&raquo; hover_enabled=&raquo;0&Prime; global_colors_info=&raquo;{}&raquo; border_color_all=&raquo;#F3F5F6&Prime; border_width_all=&raquo;2px&raquo; custom_margin=&raquo;|||||false&raquo; custom_padding=&raquo;25px|25px|25px|25px|true|true&raquo; sticky_enabled=&raquo;0&Prime;][et_pb_column type=&raquo;3_5&Prime; _builder_version=&raquo;4.23.1&Prime; _module_preset=&raquo;default&raquo; global_colors_info=&raquo;{}&raquo;][et_pb_heading title=&raquo;Ne payez plus un cent en loyer \u00e0 votre propri\u00e9taire\u2026 sans avoir lu ce rapport sp\u00e9cial GRATUIT&raquo; _builder_version=&raquo;4.23.1&Prime; _module_preset=&raquo;default&raquo; title_font=&raquo;Lato|300||on|||||&raquo; title_text_color=&raquo;#FF6B6B&raquo; title_line_height=&raquo;0.9em&raquo; global_colors_info=&raquo;{}&raquo;][\/et_pb_heading][et_pb_heading title=&raquo;AYEZ UN ACC\u00c8S INSTANTAN\u00c9 GRATUIT EN REMPLISSANT LE FORMULAIRE SUR CETTE PAGE.&raquo; _builder_version=&raquo;4.23.1&Prime; _module_preset=&raquo;default&raquo; title_font=&raquo;Lato|300||on|||||&raquo; title_line_height=&raquo;0.9em&raquo; hover_enabled=&raquo;0&Prime; sticky_enabled=&raquo;0&Prime; title_font_size=&raquo;23px&raquo;][\/et_pb_heading][et_pb_text _builder_version=&raquo;4.23.1&Prime; _module_preset=&raquo;default&raquo; text_orientation=&raquo;justified&raquo; hover_enabled=&raquo;0&Prime; global_colors_info=&raquo;{}&raquo; text_font=&raquo;Lato|300|||||||&raquo; text_font_size=&raquo;16px&raquo; sticky_enabled=&raquo;0&Prime;]<\/p>\n<p><span>C\u2019est un r\u00eave que nous avons tous d\u2019\u00eatre propri\u00e9taire de notre maison et d\u2019arr\u00eater de payer le loyer. Mais si vous \u00eates comme la plupart des locataires, vous vous sentez pris au pi\u00e8ge dans les murs d\u2019une maison ou d\u2019un appartement pour lequel vous n\u2019avez aucun sentiment d\u2019appartenance. Comment le pourriez-vous lorsque vous ne pouvez pas planter un clou ou deux sans que \u00e7a cause des histoires. Vous vous sentez pris dans l\u2019orni\u00e8re du propri\u00e9taire sans avoir aucune possibilit\u00e9 de vous sortir de l\u00e0 et d\u2019\u00eatre propri\u00e9taire de votre propre maison.<\/span><\/p>\n<p>[\/et_pb_text][et_pb_heading title=&raquo;Ne vous sentez plus pris au pi\u00e8ge&raquo; _builder_version=&raquo;4.23.1&Prime; _module_preset=&raquo;default&raquo; title_font=&raquo;Lato|300||on|||||&raquo; hover_enabled=&raquo;0&Prime; sticky_enabled=&raquo;0&Prime; title_font_size=&raquo;23px&raquo;][\/et_pb_heading][et_pb_text _builder_version=&raquo;4.23.1&Prime; _module_preset=&raquo;default&raquo; text_font=&raquo;Lato|300|||||||&raquo; text_font_size=&raquo;16px&raquo; text_orientation=&raquo;justified&raquo; hover_enabled=&raquo;0&Prime; sticky_enabled=&raquo;0&Prime;]<\/p>\n<p>Peu importe depuis combien de temps vous \u00eates locataire ou \u00e0 quel point votre situation financi\u00e8re peut sembler insurmontable, la v\u00e9rit\u00e9 est qu\u2019il y a quelques faits connus qui peuvent vous aider \u00e0 surmonter la pente et \u00e0 changer votre statut de locataire \u00e0 propri\u00e9taire. Avec cette information, vous commencerez \u00e0 voir comment vous pouvez vraiment\u00a0:<\/p>\n<ul>\n<li>Sauver sur le comptant n\u00e9cessaire<\/li>\n<li>Arr\u00eater de remplir les poches de votre propri\u00e9taire<\/li>\n<li>Arr\u00eater de gaspiller des milliers de dollars en location<\/li>\n<\/ul>\n<p>Un rapport GRATUIT intitul\u00e9\u00a0:<span>\u00a0<\/span><strong>\u00ab\u00a0Ne payez plus un sous de loyer \u00e0 votre propri\u00e9taire\u00a0\u00bb<\/strong><span>\u00a0<\/span>a \u00e9t\u00e9 con\u00e7u afin de vous fournir toutes les informations n\u00e9cessaires pour devenir propri\u00e9taire.<\/p>\n<p>Commandez ce rapport maintenant pour d\u00e9couvrir comment r\u00e9ussir \u00e0 devenir propri\u00e9taire.<\/p>\n<p>[\/et_pb_text][\/et_pb_column][et_pb_column type=&raquo;2_5&Prime; _builder_version=&raquo;4.23.1&Prime; _module_preset=&raquo;default&raquo; global_colors_info=&raquo;{}&raquo;][et_pb_text _builder_version=&raquo;4.23.1&Prime; _module_preset=&raquo;default&raquo; global_colors_info=&raquo;{}&raquo;]<\/p>\n<p><strong>For more information, fill out the form below:<\/strong><\/p>\n<p>[\/et_pb_text][et_pb_contact_form _builder_version=&raquo;4.23.1&Prime; _module_preset=&raquo;default&raquo; _unique_id=&raquo;9655a4d2-2368-4b7e-a1da-73dcda57d3a4&Prime; captcha_text_color=&raquo;#292F36&Prime; custom_button=&raquo;on&raquo; button_text_color=&raquo;#292F36&Prime; button_bg_color=&raquo;#CCE2F5&Prime; button_border_width=&raquo;0px&raquo; button_font=&raquo;Roboto||||||||&raquo; global_colors_info=&raquo;{}&raquo;][et_pb_contact_field field_id=&raquo;Pr\u00e9nom&raquo; field_title=&raquo;Pr\u00e9nom&raquo; fullwidth_field=&raquo;on&raquo; _builder_version=&raquo;4.23.1&Prime; global_colors_info=&raquo;{}&raquo; button_text_size__hover_enabled=&raquo;off&raquo; button_one_text_size__hover_enabled=&raquo;off&raquo; button_two_text_size__hover_enabled=&raquo;off&raquo; button_text_color__hover_enabled=&raquo;off&raquo; button_one_text_color__hover_enabled=&raquo;off&raquo; button_two_text_color__hover_enabled=&raquo;off&raquo; button_border_width__hover_enabled=&raquo;off&raquo; button_one_border_width__hover_enabled=&raquo;off&raquo; button_two_border_width__hover_enabled=&raquo;off&raquo; button_border_color__hover_enabled=&raquo;off&raquo; button_one_border_color__hover_enabled=&raquo;off&raquo; button_two_border_color__hover_enabled=&raquo;off&raquo; button_border_radius__hover_enabled=&raquo;off&raquo; button_one_border_radius__hover_enabled=&raquo;off&raquo; button_two_border_radius__hover_enabled=&raquo;off&raquo; button_letter_spacing__hover_enabled=&raquo;off&raquo; button_one_letter_spacing__hover_enabled=&raquo;off&raquo; button_two_letter_spacing__hover_enabled=&raquo;off&raquo; button_bg_color__hover_enabled=&raquo;off&raquo; button_one_bg_color__hover_enabled=&raquo;off&raquo; button_two_bg_color__hover_enabled=&raquo;off&raquo;][\/et_pb_contact_field][et_pb_contact_field field_id=&raquo;Nom&raquo; field_title=&raquo;Nom&raquo; fullwidth_field=&raquo;on&raquo; _builder_version=&raquo;4.23.1&Prime; _module_preset=&raquo;default&raquo; global_colors_info=&raquo;{}&raquo;][\/et_pb_contact_field][et_pb_contact_field field_id=&raquo;Courriel&raquo; field_title=&raquo;Courriel&raquo; field_type=&raquo;email&raquo; fullwidth_field=&raquo;on&raquo; _builder_version=&raquo;4.23.1&Prime; global_colors_info=&raquo;{}&raquo; button_text_size__hover_enabled=&raquo;off&raquo; button_one_text_size__hover_enabled=&raquo;off&raquo; button_two_text_size__hover_enabled=&raquo;off&raquo; button_text_color__hover_enabled=&raquo;off&raquo; button_one_text_color__hover_enabled=&raquo;off&raquo; button_two_text_color__hover_enabled=&raquo;off&raquo; button_border_width__hover_enabled=&raquo;off&raquo; button_one_border_width__hover_enabled=&raquo;off&raquo; button_two_border_width__hover_enabled=&raquo;off&raquo; button_border_color__hover_enabled=&raquo;off&raquo; button_one_border_color__hover_enabled=&raquo;off&raquo; button_two_border_color__hover_enabled=&raquo;off&raquo; button_border_radius__hover_enabled=&raquo;off&raquo; button_one_border_radius__hover_enabled=&raquo;off&raquo; button_two_border_radius__hover_enabled=&raquo;off&raquo; button_letter_spacing__hover_enabled=&raquo;off&raquo; button_one_letter_spacing__hover_enabled=&raquo;off&raquo; button_two_letter_spacing__hover_enabled=&raquo;off&raquo; button_bg_color__hover_enabled=&raquo;off&raquo; button_one_bg_color__hover_enabled=&raquo;off&raquo; button_two_bg_color__hover_enabled=&raquo;off&raquo;][\/et_pb_contact_field][et_pb_contact_field field_id=&raquo;Celluaire&raquo; field_title=&raquo;Cellulaire&raquo; fullwidth_field=&raquo;on&raquo; _builder_version=&raquo;4.23.1&Prime; global_colors_info=&raquo;{}&raquo; button_text_size__hover_enabled=&raquo;off&raquo; button_one_text_size__hover_enabled=&raquo;off&raquo; button_two_text_size__hover_enabled=&raquo;off&raquo; button_text_color__hover_enabled=&raquo;off&raquo; button_one_text_color__hover_enabled=&raquo;off&raquo; button_two_text_color__hover_enabled=&raquo;off&raquo; button_border_width__hover_enabled=&raquo;off&raquo; button_one_border_width__hover_enabled=&raquo;off&raquo; button_two_border_width__hover_enabled=&raquo;off&raquo; button_border_color__hover_enabled=&raquo;off&raquo; button_one_border_color__hover_enabled=&raquo;off&raquo; button_two_border_color__hover_enabled=&raquo;off&raquo; button_border_radius__hover_enabled=&raquo;off&raquo; button_one_border_radius__hover_enabled=&raquo;off&raquo; button_two_border_radius__hover_enabled=&raquo;off&raquo; button_letter_spacing__hover_enabled=&raquo;off&raquo; button_one_letter_spacing__hover_enabled=&raquo;off&raquo; button_two_letter_spacing__hover_enabled=&raquo;off&raquo; button_bg_color__hover_enabled=&raquo;off&raquo; button_one_bg_color__hover_enabled=&raquo;off&raquo; button_two_bg_color__hover_enabled=&raquo;off&raquo;][\/et_pb_contact_field][\/et_pb_contact_form][et_pb_text _builder_version=&raquo;4.23.1&Prime; _module_preset=&raquo;default&raquo; text_font=&raquo;Roboto|300|||||||&raquo; global_colors_info=&raquo;{}&raquo;]<\/p>\n<p style=\"text-align: justify;\"><b>Nous prenons soin de votre vie priv\u00e9e<\/b><br \/><span>Vos renseignements personnels sont recueillis pour que nous puissions vous envoyer de l\u2019information suppl\u00e9mentaire au sujet du service immobilier, hypoth\u00e9caire ou autres produits et services pour lesquels vous avez demand\u00e9 de l\u2019information. S\u2019il y a un service que nous ne pouvons pas vous offrir, il est possible que nous demandions \u00e0 un autre courtier de vous fournir l\u2019information demand\u00e9e. Si vous avez des questions quant \u00e0 la cueillette, l\u2019utilisation ou la divulgation de vos renseignements personnels, veuillez consulter la section <\/span><u><a href=\"https:\/\/www.equipemcinnis.com\/privacy\">Conditions d\u2019utilisation et Confidentialit\u00e9<\/a><\/u><span>\u00a0accessible par le lien qui est disponible au bas de cette page.<\/span><\/p>\n<p>[\/et_pb_text][\/et_pb_column][\/et_pb_row][\/et_pb_section][et_pb_section fb_built=&raquo;1&Prime; fullwidth=&raquo;on&raquo; _builder_version=&raquo;4.23.1&Prime; _module_preset=&raquo;default&raquo; global_colors_info=&raquo;{}&raquo;][\/et_pb_section]<\/p>","protected":false},"excerpt":{"rendered":"<p>C\u2019est un r\u00eave que nous avons tous d\u2019\u00eatre propri\u00e9taire de notre maison et d\u2019arr\u00eater de payer le loyer. Mais si vous \u00eates comme la plupart des locataires, vous vous sentez pris au pi\u00e8ge dans les murs d\u2019une maison ou d\u2019un appartement pour lequel vous n\u2019avez aucun sentiment d\u2019appartenance. Comment le pourriez-vous lorsque vous ne pouvez [&hellip;]<\/p>","protected":false},"author":1,"featured_media":0,"parent":0,"menu_order":0,"comment_status":"closed","ping_status":"closed","template":"","meta":{"_et_pb_use_builder":"on","_et_pb_old_content":"","_et_gb_content_width":"","footnotes":""},"_links":{"self":[{"href":"https:\/\/infoimmobilier360.com\/en\/wp-json\/wp\/v2\/pages\/15"}],"collection":[{"href":"https:\/\/infoimmobilier360.com\/en\/wp-json\/wp\/v2\/pages"}],"about":[{"href":"https:\/\/infoimmobilier360.com\/en\/wp-json\/wp\/v2\/types\/page"}],"author":[{"embeddable":true,"href":"https:\/\/infoimmobilier360.com\/en\/wp-json\/wp\/v2\/users\/1"}],"replies":[{"embeddable":true,"href":"https:\/\/infoimmobilier360.com\/en\/wp-json\/wp\/v2\/comments?post=15"}],"version-history":[{"count":9,"href":"https:\/\/infoimmobilier360.com\/en\/wp-json\/wp\/v2\/pages\/15\/revisions"}],"predecessor-version":[{"id":6438,"href":"https:\/\/infoimmobilier360.com\/en\/wp-json\/wp\/v2\/pages\/15\/revisions\/6438"}],"wp:attachment":[{"href":"https:\/\/infoimmobilier360.com\/en\/wp-json\/wp\/v2\/media?parent=15"}],"curies":[{"name":"wp","href":"https:\/\/api.w.org\/{rel}","templated":true}]}}