{"id":6423,"date":"2023-12-21T17:12:27","date_gmt":"2023-12-21T22:12:27","guid":{"rendered":"http:\/\/localhost\/equipemcinnis\/?page_id=6423"},"modified":"2023-12-28T20:30:08","modified_gmt":"2023-12-29T01:30:08","slug":"politique-dutilisation-et-confidentialite","status":"publish","type":"page","link":"https:\/\/infoimmobilier360.com\/en\/politique-dutilisation-et-confidentialite\/","title":{"rendered":"Politique d&rsquo;utilisation et Confidentialit\u00e9"},"content":{"rendered":"<p>[et_pb_section fb_built=&raquo;1&Prime; _builder_version=&raquo;4.23.2&Prime; _module_preset=&raquo;default&raquo; global_colors_info=&raquo;{}&raquo;][et_pb_row _builder_version=&raquo;4.23.1&Prime; _module_preset=&raquo;default&raquo; global_colors_info=&raquo;{}&raquo;][et_pb_column type=&raquo;4_4&Prime; _builder_version=&raquo;4.23.1&Prime; _module_preset=&raquo;default&raquo; global_colors_info=&raquo;{}&raquo;][et_pb_heading title=&raquo;Politique de confidentialit\u00e9&raquo; _builder_version=&raquo;4.23.1&Prime; _module_preset=&raquo;default&raquo; title_font=&raquo;Lato|300||on|||||&raquo; title_text_color=&raquo;#FF6B6B&raquo; global_colors_info=&raquo;{}&raquo;][\/et_pb_heading][et_pb_text _builder_version=&raquo;4.23.1&Prime; _module_preset=&raquo;default&raquo; global_colors_info=&raquo;{}&raquo;]<\/p>\n<p style=\"text-align: justify;\" class=\" translation-block\">This Policy describes the way in which Sasha Mc Innis, Real Estate Broker, member of the Nous Vendons Votre Maison real estate agency (<strong>\u201cSasha Mc Innis\u201d or \u201cwe\u201d or \u201cus\u201d or \u201cour\u201d<\/strong>) collects, uses and shares your personal information on this website.<\/p>\n<p style=\"text-align: justify;\" class=\" translation-block\"><strong>What is personal information?<\/strong><br>By what means is personal information collected?<br>Is any personal information collected automatically or by cookie files?<br> For what purposes is personal information collected?<br>Is personal information shared?<br>How can we withdraw our consent to the use or disclosure of our personal information?<br>What is your responsibility for Third Party Products? How can we contact the Privacy Officer?<\/p>\n<p style=\"text-align: justify;\">\n<p style=\"text-align: justify;\"><strong>What is personal information?<\/strong><\/p>\n<p style=\"text-align: justify;\">In this Policy, the expression \u201cpersonal information(s)\u201d means any information collected through this website which allows, alone or in conjunction with other information, to directly or indirectly identify a customer.\u00a0<\/p>\n<p style=\"text-align: justify;\">By transmitting one or more personal details to us through your use of the Website, you consent to our collecting, using, communicating and storing this personal information in accordance with the terms and conditions provided for in this Policy.<\/p>\n<p style=\"text-align: justify;\">\n<p style=\"text-align: justify;\" class=\" translation-block\"><strong>By what means is personal information collected?<\/strong><br>We collect personal information by the following means: (i) when voluntarily transmitting such personal information to one of our employees or authorized representatives (ii) during your use of the Website (for example, when you complete a web form or send an email) and\/or (iii) when you authorize one of our partners to communicate such personal information to us.<\/p>\n<p style=\"text-align: justify;\">\n<p style=\"text-align: justify;\"><strong>Is any personal information collected automatically or by cookie file?<\/strong><\/p>\n<p style=\"text-align: justify;\">In order to ensure the functionality of the Website we collect the following personal information from Customers visiting the Website:<\/p>\n<p style=\"text-align: justify;\" class=\" translation-block\">Their IP address;<br>The date and time of their visit;<br>The pages they consulted; and <br>The address of the referring site;<br>All of this information is collected automatically from the moment a Customer connects to the Website. Some of this personal information is collected through the placement of temporary cookies (\u201ccookies\u201d) or \u201cweb beacons\u201d (also sometimes called \u201cpixel tags\u201d). These files or tags also allow us to improve the performance of the Website and some of its features.<\/p>\n<p style=\"text-align: justify;\">\n<p style=\"text-align: justify;\" class=\" translation-block\"><strong>For what purposes is personal information collected?<\/strong><br>Generally, the objective of the Website is to provide information related to real estate. However, like any other website, we need to collect certain personal information in order to ensure access to those who wish to access the Website and to accomplish the following purposes:<\/p>\n<p style=\"text-align: justify;\" class=\" translation-block\">In general, communicate with you in order to send you various information related to real estate, and to offer you products and services likely to interest you;<br>Refer you, with your consent, to other partners or suppliers for additional products and services.<br>Periodic follow-ups with you to ensure that you are satisfied with the information and services you have obtained.<br>Please note that you are responsible for obtaining consent from a natural person before communicating to us any personal information concerning that natural person, including members of your family.<\/p>\n<p style=\"text-align: justify;\">\n<p style=\"text-align: justify;\" class=\" translation-block\"><strong>Is personal information shared?<\/strong><br>Generally, we use our Customers' personal information for internal purposes only. However, we may communicate personal information about you to the following people or entities:<\/p>\n<p style=\"text-align: justify;\" class=\" translation-block\">To our employees and representatives who need to have access to this personal information in pursuit of the purposes listed above;<br>To any other person or entity, when required, prescribed or permitted by applicable legislation, or with consent of the Customer concerned. <br>To our partners and other suppliers, with your consent. We recommend that you contact these third parties directly for additional information about their privacy policies.<br>We may also (a) disclose personal information to a potential purchaser in connection with a transaction regarding the sale of our business, and (b) send the personal information abroad for the purposes indicated above, including for processing and archiving by service providers in relation to those purposes. Please note that while this information is located abroad, it is subject to the laws of the country in which it is held, and may be subject to disclosure to governments, courts, law enforcement agencies of the law or regulation of that country and in accordance with its laws.<\/p>\n<p style=\"text-align: justify;\" class=\" translation-block\"><strong>How can we withdraw our consent to the use or disclosure of our personal information?<\/strong><br>Subject to applicable law, you can withdraw or modify your consent to the collection, use and\/or communication of your personal information. To do this, you must send a written request to this effect to soldwithsasha@gmail.com You can also withdraw your consent at any time by clicking the \u201cUnsubscribe\u201d link when you receive an email or reply with the word \u201cSTOP\u201d when you receive a text message. Please note that withdrawing or modifying your consent may limit or prevent our ability to provide you with the Services, including access and use of the Website.<\/p>\n<p style=\"text-align: justify;\" class=\" translation-block\"><strong>What is your responsibility or obligation with respect to Third Party Products?<\/strong><br>The Website may contain links to other third party websites or products and services (collectively: the \u201cThird Party Products\u201d). Third Party Products may be subject to terms of use and privacy policies that differ from ours. We cannot under any circumstances be held responsible or subject to any obligation relating to the content of the conditions of use and\/or the confidentiality policy of these third-party Products. Without limiting the generality of the foregoing, we have no responsibility or liability for your personal information that may be collected, used, disclosed and retained by any person or entity in connection with your access or use of Third Party Products.<\/p>\n<p style=\"text-align: justify;\">Any link on the Website to a Third Party Product does not imply or mean that we assume or accept responsibility for the content or use of such Third Party Product. We make no representations regarding the quality, safety, suitability or reliability of Third Party Products or the content or materials contained therein. When you access or use Third Party Products, you should review the related terms of use and privacy policy.<\/p>\n<p style=\"text-align: justify;\">\n<p style=\"text-align: justify;\"><strong>How can we contact the Privacy Officer?<\/strong><\/p>\n<p style=\"text-align: justify;\">If you require further assistance, please write to soldwithsasha@gmail.com to the attention of the Privacy Officer.<\/p>\n<p style=\"text-align: justify;\">\n<p>[\/et_pb_text][et_pb_heading title=&raquo;Politique d&rsquo;utilisation du site&raquo; _builder_version=&raquo;4.23.1&Prime; _module_preset=&raquo;default&raquo; title_font=&raquo;Lato|300||on|||||&raquo; title_text_color=&raquo;#FF6B6B&raquo; global_colors_info=&raquo;{}&raquo;][\/et_pb_heading][et_pb_text _builder_version=&raquo;4.23.1&Prime; _module_preset=&raquo;default&raquo; global_colors_info=&raquo;{}&raquo;]<\/p>\n<p style=\"text-align: justify;\" class=\" translation-block\"><strong>Accuracy<\/strong><br>All information provided on this site is believed to be accurate, we make every effort to ensure the accuracy of all information made available to visitors to the site but this accuracy cannot be guaranteed.<\/p>\n<p style=\"text-align: justify;\">Information reported as containing technical inaccuracies, typographical errors or being incomplete will be processed. You can contact us at the email address indicated at the bottom of the page.<\/p>\n<p style=\"text-align: justify;\">Regarding the listing sheets, please confirm all the data with the real estate broker responsible for the listing that interests you by contacting him or her either by email or by telephone, using the number provided in the description sheet.<\/p>\n<p style=\"text-align: justify;\">\n<p style=\"text-align: justify;\"><strong>G\u00e9n\u00e9ralit\u00e9s<\/strong><br \/>En acc\u00e9dant au pr\u00e9sent site web (le &laquo;Site&raquo;), vous acceptez d&rsquo;en respecter les modalit\u00e9s d&rsquo;utilisation \u00e9nonc\u00e9es dans la pr\u00e9sente politique d&rsquo;utilisation, d&rsquo;\u00eatre li\u00e9 par cette politique et de vous y conformer. Si vous refusez cette politique n&rsquo;utilisez pas ce Site.<\/p>\n<p style=\"text-align: justify;\">This policy applies to all products and services offered on the Site.<\/p>\n<p style=\"text-align: justify;\">You must read this policy in conjunction with any provisions or disclaimers set forth in the pages of the Site and you are deemed to be aware of them, even if you do not use this Site or only download a part of it.<\/p>\n<p style=\"text-align: justify;\"><strong>Intellectual property<\/strong><\/p>\n<p style=\"text-align: justify;\">The Site is protected by copyright. The broker owns the data presentation. The broker who provided the listing data displayed on this Site is the owner. The listing data and other information available on this Site are offered to individuals for personal, non-commercial use. Any commercial use of the listings or data, in whole or in part, directly or indirectly, is expressly prohibited without the prior written permission of the copyright owner.<\/p>\n<p style=\"text-align: justify;\">Users may, subject to these terms and conditions, print or otherwise save individual pages for personal use. However, it is prohibited to modify or change the real estate listings and\/or data in any way, to combine them with other data, to aggregate them or to publish them in any form whatsoever. Prohibited uses include screen or data scraping, data recovery and any other activity whose purpose is to collect, store, reorganize or manipulate data on pages prepared by its owner or otherwise displayed on the latter's Site. .<\/p>\n<p style=\"text-align: justify;\"><strong>Copyright and Trademark Notices<\/strong><\/p>\n<p style=\"text-align: justify;\">The Site is protected by copyright. The broker owns the data presentation. The broker who provided the listing data displayed on this Site is the owner. The listing data and other information available on this Site are offered to individuals for personal, non-commercial use. Any commercial use of the listings or data, in whole or in part, directly or indirectly, is expressly prohibited without the prior written permission of the copyright owner.<\/p>\n<p style=\"text-align: justify;\">Users may, subject to these terms and conditions, print or otherwise save individual pages for personal use. However, it is prohibited to modify or change the real estate listings and\/or data in any way, to combine them with other data, to aggregate them or to publish them in any form whatsoever. Prohibited uses include screen or data scraping, data recovery and any other activity whose purpose is to collect, store, reorganize or manipulate data on pages prepared by its owner or otherwise displayed on the latter's Site. .<\/p>\n<p style=\"text-align: justify;\">\n<p style=\"text-align: justify;\"><strong>Hyperlinks<\/strong><\/p>\n<p style=\"text-align: justify;\">Certain hyperlinks on the Site direct you to sites managed by third parties. We cannot be held responsible for the content of these sites or for having referenced them. Hyperlinks from or to other websites are provided for convenience only. Connection to these sites is at your own risk and we disclaim any liability for any related damages. The Privacy Policy does not apply to websites operated by third parties.<\/p>\n<p style=\"text-align: justify;\"><strong>Links and frames<\/strong><\/p>\n<p style=\"text-align: justify;\">It is prohibited to use any technology to display the content of this Site in a frame or by any other means that could modify its appearance compared to what the user would see if they entered the URL address in the browser. The link must result in the full functioning of a complete image, a new browser window occupied only by the pages produced by the Site.<\/p>\n<p style=\"text-align: justify;\"><strong>Revisions<\/strong><\/p>\n<p style=\"text-align: justify;\">The material, information and data contained in the pages of the Site may be modified at any time without notice. These changes may be made by updating this notice and continuing to view or use the Site means you accept them. All users of the Site are bound by these terms and conditions and should therefore visit this page periodically to find out about changes to these requirements.<\/p>\n<p style=\"text-align: justify;\"><b>Electronic mail online<\/b><\/p>\n<p style=\"text-align: justify;\">Like communications established by other means (for example, cell phone or regular mail), unprotected communications by electronic mail over the Internet are not confidential, may be intercepted or lost, or may be subject to certain modifications. We are not liable to you or anyone else for damages caused during the transmission of an electronic message that you send to us or that we send to you at your request.<\/p>\n<p style=\"text-align: justify;\"><strong>Limited liability<\/strong><\/p>\n<p style=\"text-align: justify;\">Brokers, employees or other representatives cannot be held responsible for damages related to the use of the Site. This limitation of liability is exhaustive and applies to all damages, including compensatory damages, direct or indirect damages, loss of data, income or profits, property loss or damage and claims of third parties.<\/p>\n<p style=\"text-align: justify;\" class=\" translation-block\"><b>Disclaimer of Warranty<\/b><br>We make no representation as to whether the data and graphics published on this Site are suitable for their intended purposes. Listing information is deemed reliable, but is not guaranteed. All content on the Site is provided \u201cas is\u201d without warranty of any kind, including the implied warranties and conditions of merchantability, fitness for the intended purpose, title and non-infringement.<\/p>\n<p style=\"text-align: justify;\"><strong>Jusrisdiction<\/strong><\/p>\n<p style=\"text-align: justify;\">The Site is administered in Quebec. The Site is governed by the laws of the province of Quebec and the laws of Canada which apply there. By accessing the Site, you agree to submit to the exclusive jurisdiction of the courts of the province of Quebec.<\/p>\n<p style=\"text-align: justify;\"><strong>Collection of information<\/strong><\/p>\n<p style=\"text-align: justify;\">When you use the real estate services offered on this Site, you may need to communicate often with a REAL ESTATE BROKER or broker. The broker may use your email address and all the information you provide to guide you, make suggestions and offer you a service. We also collect email addresses submitted through the \u201cContact Us\u201d feature of this Website in order to respond to your questions or suggestions.<\/p>\n<p style=\"text-align: justify;\">\u00c0 l&rsquo;instar d&rsquo;autres sites Web commerciaux, notre Site utilise une technologie standard mieux connue sous le nom de t\u00e9moins ( &laquo;cookies&raquo; ) et des registres de serveurs Web afin de recueillir des renseignements sur l&rsquo;usage de notre Site. Toutes les fois qu&rsquo;un internaute nous rend visite sur ce Site, notre serveur retient le nom de domaine ou IP du visiteur, mais pas l&rsquo;adresse \u00e9lectronique. Ces renseignements peuvent \u00eatre r\u00e9unis en donn\u00e9es collectives, donn\u00e9es qui peuvent \u00eatre partag\u00e9es globalement avec des firmes de recherche et avec des chambres et associations membres. Les donn\u00e9es ainsi partag\u00e9es ne divulgueront pas votre identit\u00e9 ni vos renseignements personnels, et elles ne permettront pas non plus aux destinataires de communiquer avec vous.<\/p>\n<p style=\"text-align: justify;\">The data collected helps us analyze the browsing habits of Internet users in order to improve the content and appearance of the site. Personal information will not be sold to third parties; they will also not be added to electronic mailing lists.<\/p>\n<p style=\"text-align: justify;\">Please note that our advertising partners and other third parties may also set cookies or web beacons when you click on their advertising messages or links to their websites or services on our websites. This Privacy Policy does not apply to third party websites or third party advertising providers. We are not responsible for the practices of these partners and other third parties relating to the protection of your personal information, the use of cookies and other online tracking tools. We therefore encourage you to consult the policies of these other entities to obtain more information on this subject.<\/p>\n<p>[\/et_pb_text][\/et_pb_column][\/et_pb_row][\/et_pb_section]<\/p>","protected":false},"excerpt":{"rendered":"<p>La pr\u00e9sente Politique d\u00e9crit la mani\u00e8re dont Sasha Mc Innis, Courtier immobilier de l&rsquo;agence Immobili\u00e8re Nous Vendons Votre Maison (\u00ab Sasha Mc Innis \u00bb ou \u00ab nous \u00bb ou \u00ab nos \u00bb ou \u00ab notre \u00bb) collecte, utilise et partage vos renseignements personnels sur ce site Web. Que sont les renseignements personnelles?Par quels moyens les [&hellip;]<\/p>","protected":false},"author":1,"featured_media":0,"parent":0,"menu_order":0,"comment_status":"closed","ping_status":"closed","template":"","meta":{"_et_pb_use_builder":"on","_et_pb_old_content":"","_et_gb_content_width":"","footnotes":""},"_links":{"self":[{"href":"https:\/\/infoimmobilier360.com\/en\/wp-json\/wp\/v2\/pages\/6423"}],"collection":[{"href":"https:\/\/infoimmobilier360.com\/en\/wp-json\/wp\/v2\/pages"}],"about":[{"href":"https:\/\/infoimmobilier360.com\/en\/wp-json\/wp\/v2\/types\/page"}],"author":[{"embeddable":true,"href":"https:\/\/infoimmobilier360.com\/en\/wp-json\/wp\/v2\/users\/1"}],"replies":[{"embeddable":true,"href":"https:\/\/infoimmobilier360.com\/en\/wp-json\/wp\/v2\/comments?post=6423"}],"version-history":[{"count":8,"href":"https:\/\/infoimmobilier360.com\/en\/wp-json\/wp\/v2\/pages\/6423\/revisions"}],"predecessor-version":[{"id":6867,"href":"https:\/\/infoimmobilier360.com\/en\/wp-json\/wp\/v2\/pages\/6423\/revisions\/6867"}],"wp:attachment":[{"href":"https:\/\/infoimmobilier360.com\/en\/wp-json\/wp\/v2\/media?parent=6423"}],"curies":[{"name":"wp","href":"https:\/\/api.w.org\/{rel}","templated":true}]}}