{"id":6448,"date":"2023-12-21T19:54:57","date_gmt":"2023-12-22T00:54:57","guid":{"rendered":"http:\/\/localhost\/equipemcinnis\/?page_id=6448"},"modified":"2024-01-17T01:16:49","modified_gmt":"2024-01-17T06:16:49","slug":"erreurs_hypotheque","status":"publish","type":"page","link":"https:\/\/infoimmobilier360.com\/en\/acheter\/erreurs_hypotheque\/","title":{"rendered":"6 conseils \u00e0 conna\u00eetre avant d&rsquo;obtenir un pr\u00eat hypoth\u00e9caire"},"content":{"rendered":"<p>[et_pb_section fb_built=&raquo;1&Prime; _builder_version=&raquo;4.23.3&Prime; _module_preset=&raquo;default&raquo; global_colors_info=&raquo;{}&raquo;][et_pb_row column_structure=&raquo;3_5,2_5&Prime; _builder_version=&raquo;4.23.1&Prime; _module_preset=&raquo;default&raquo; custom_margin=&raquo;|||||false&raquo; custom_padding=&raquo;25px|25px|25px|25px|true|true&raquo; border_width_all=&raquo;2px&raquo; border_color_all=&raquo;#F3F5F6&Prime; global_colors_info=&raquo;{}&raquo;][et_pb_column type=&raquo;3_5&Prime; _builder_version=&raquo;4.23.1&Prime; _module_preset=&raquo;default&raquo; global_colors_info=&raquo;{}&raquo;][et_pb_heading title=&raquo;6 conseils \u00e0 conna\u00eetre avant d&rsquo;obtenir un pr\u00eat hypoth\u00e9caire&raquo; _builder_version=&raquo;4.23.4&Prime; _module_preset=&raquo;default&raquo; title_font=&raquo;Lato|300||on|||||&raquo; title_text_color=&raquo;#A4C2A5&Prime; title_line_height=&raquo;0.9em&raquo; global_colors_info=&raquo;{}&raquo;][\/et_pb_heading][et_pb_image src=&raquo;https:\/\/infoimmobilier360.com\/wp-content\/uploads\/2024\/01\/conseils-hypotheque.png&raquo; title_text=&raquo;conseils hypoth\u00e8que&raquo; _builder_version=&raquo;4.23.4&Prime; _module_preset=&raquo;default&raquo; hover_enabled=&raquo;0&Prime; global_colors_info=&raquo;{}&raquo; sticky_enabled=&raquo;0&Prime;][\/et_pb_image][et_pb_text _builder_version=&raquo;4.23.2&Prime; _module_preset=&raquo;default&raquo; text_font=&raquo;Roboto|300|||||||&raquo; text_font_size=&raquo;17px&raquo; text_orientation=&raquo;justified&raquo; global_colors_info=&raquo;{}&raquo;]<\/p>\n<p><span>Becoming a homeowner is a project that requires a lot of planning. First-time buyers have every advantage to develop a good strategy if they want to make their dream come true. In this text, we reveal 6 tips that will help you save money.\u00a0<\/span><\/p>\n<p class=\" translation-block\">Request this FREE text today to be well prepared to purchase a property and <strong>avoid making costly mistakes with your mortgage.<\/strong><\/p>\n<p>[\/et_pb_text][\/et_pb_column][et_pb_column type=&raquo;2_5&Prime; _builder_version=&raquo;4.23.1&Prime; _module_preset=&raquo;default&raquo; global_colors_info=&raquo;{}&raquo;][et_pb_text _builder_version=&raquo;4.23.2&Prime; _module_preset=&raquo;default&raquo; text_font=&raquo;Roboto||||||||&raquo; text_font_size=&raquo;17px&raquo; global_colors_info=&raquo;{}&raquo;]<\/p>\n<p><strong>For more information, fill out the form below:<\/strong><\/p>\n<p>[\/et_pb_text][wpforms_selector form_id=&raquo;6823&Prime; _builder_version=&raquo;4.23.3&Prime; _module_preset=&raquo;default&raquo; global_colors_info=&raquo;{}&raquo;][\/wpforms_selector][et_pb_text _builder_version=&raquo;4.23.1&Prime; _module_preset=&raquo;default&raquo; text_font=&raquo;Roboto|300|||||||&raquo; global_colors_info=&raquo;{}&raquo;]<\/p>\n<p style=\"text-align: justify;\" class=\" translation-block\"><b>We care about your privacy<\/b><br>\n<span>If you have any questions about the collection, use or disclosure of your personal information, please consult the Usage and privacy policy page accessible through the link at the bottom of this page.<\/span><\/p>\n<p>[\/et_pb_text][\/et_pb_column][\/et_pb_row][\/et_pb_section]<\/p>","protected":false},"excerpt":{"rendered":"<p>Devenir propri\u00e9taire est un projet qui exige beaucoup de planification. Et les premiers acheteurs ont tout avantage \u00e0 \u00e9laborer une bonne strat\u00e9gie s\u2019ils souhaitent concr\u00e9tiser leur r\u00eave. Dans ce text, nous vous d\u00e9voilons 6 conseils qui vous permettent de sauver de l&rsquo;argent.\u00a0 Commandez ce text GRATUIT d\u00e8s aujourd&rsquo;hui pour \u00eatre bien pr\u00e9par\u00e9 \u00e0 l&rsquo;achat d&rsquo;une [&hellip;]<\/p>","protected":false},"author":1,"featured_media":0,"parent":15,"menu_order":1,"comment_status":"closed","ping_status":"closed","template":"","meta":{"_et_pb_use_builder":"on","_et_pb_old_content":"","_et_gb_content_width":"","footnotes":""},"_links":{"self":[{"href":"https:\/\/infoimmobilier360.com\/en\/wp-json\/wp\/v2\/pages\/6448"}],"collection":[{"href":"https:\/\/infoimmobilier360.com\/en\/wp-json\/wp\/v2\/pages"}],"about":[{"href":"https:\/\/infoimmobilier360.com\/en\/wp-json\/wp\/v2\/types\/page"}],"author":[{"embeddable":true,"href":"https:\/\/infoimmobilier360.com\/en\/wp-json\/wp\/v2\/users\/1"}],"replies":[{"embeddable":true,"href":"https:\/\/infoimmobilier360.com\/en\/wp-json\/wp\/v2\/comments?post=6448"}],"version-history":[{"count":13,"href":"https:\/\/infoimmobilier360.com\/en\/wp-json\/wp\/v2\/pages\/6448\/revisions"}],"predecessor-version":[{"id":7383,"href":"https:\/\/infoimmobilier360.com\/en\/wp-json\/wp\/v2\/pages\/6448\/revisions\/7383"}],"up":[{"embeddable":true,"href":"https:\/\/infoimmobilier360.com\/en\/wp-json\/wp\/v2\/pages\/15"}],"wp:attachment":[{"href":"https:\/\/infoimmobilier360.com\/en\/wp-json\/wp\/v2\/media?parent=6448"}],"curies":[{"name":"wp","href":"https:\/\/api.w.org\/{rel}","templated":true}]}}