{"id":6476,"date":"2023-12-21T20:47:53","date_gmt":"2023-12-22T01:47:53","guid":{"rendered":"http:\/\/localhost\/equipemcinnis\/?page_id=6476"},"modified":"2024-02-01T00:13:33","modified_gmt":"2024-02-01T05:13:33","slug":"couts_supplementaires","status":"publish","type":"page","link":"https:\/\/infoimmobilier360.com\/en\/acheter\/couts_supplementaires\/","title":{"rendered":"12 Co\u00fbts suppl\u00e9mentaires que vous devez conna\u00eetre avant d&rsquo;acheter une propri\u00e9t\u00e9"},"content":{"rendered":"<p>[et_pb_section fb_built=&raquo;1&Prime; _builder_version=&raquo;4.23.3&Prime; _module_preset=&raquo;default&raquo; global_colors_info=&raquo;{}&raquo;][et_pb_row column_structure=&raquo;3_5,2_5&Prime; _builder_version=&raquo;4.23.1&Prime; _module_preset=&raquo;default&raquo; custom_margin=&raquo;|||||false&raquo; custom_padding=&raquo;25px|25px|25px|25px|true|true&raquo; border_width_all=&raquo;2px&raquo; border_color_all=&raquo;#F3F5F6&Prime; global_colors_info=&raquo;{}&raquo;][et_pb_column type=&raquo;3_5&Prime; _builder_version=&raquo;4.23.1&Prime; _module_preset=&raquo;default&raquo; global_colors_info=&raquo;{}&raquo;][et_pb_heading title=&raquo;12 co\u00fbts suppl\u00e9mentaires que vous devez conna\u00eetre avant d\u2019acheter une propri\u00e9t\u00e9&raquo; _builder_version=&raquo;4.23.4&Prime; _module_preset=&raquo;default&raquo; title_font=&raquo;Lato|300||on|||||&raquo; title_text_color=&raquo;#A4C2A5&Prime; title_line_height=&raquo;0.9em&raquo; global_colors_info=&raquo;{}&raquo;][\/et_pb_heading][et_pb_image src=&raquo;https:\/\/infoimmobilier360.com\/wp-content\/uploads\/2023\/12\/couts-supplementaires.png&raquo; title_text=&raquo;couts suppl\u00e9mentaires&raquo; _builder_version=&raquo;4.24.0&Prime; _module_preset=&raquo;default&raquo; hover_enabled=&raquo;0&Prime; global_colors_info=&raquo;{}&raquo; sticky_enabled=&raquo;0&Prime;][\/et_pb_image][et_pb_text _builder_version=&raquo;4.23.2&Prime; _module_preset=&raquo;default&raquo; text_font=&raquo;Roboto|300|||||||&raquo; text_font_size=&raquo;17px&raquo; text_orientation=&raquo;justified&raquo; custom_padding=&raquo;|||0px||&raquo; global_colors_info=&raquo;{}&raquo;]<\/p>\n<p><span>When purchasing a first home, it's common for some buyers to use all of their financial resources to make a substantial down payment in order to reduce their mortgage loan. However, this approach can leave them with no room to maneuver for next steps and put them in a difficult situation.<\/span><\/p>\n<p class=\" translation-block\">Avoid finding yourself in an unfortunate situation. Fill out the form to get our <strong>FREE checklist that outlines the 12 short-term expenses that you must assume when you become a property owner.<\/strong><\/p>\n<p><span><\/span><\/p>\n<p>[\/et_pb_text][\/et_pb_column][et_pb_column type=&raquo;2_5&Prime; _builder_version=&raquo;4.23.1&Prime; _module_preset=&raquo;default&raquo; global_colors_info=&raquo;{}&raquo;][et_pb_text _builder_version=&raquo;4.23.2&Prime; _module_preset=&raquo;default&raquo; text_font=&raquo;Roboto||||||||&raquo; text_font_size=&raquo;17px&raquo; global_colors_info=&raquo;{}&raquo;]<\/p>\n<p><strong>For more information, fill out the form below:<\/strong><\/p>\n<p>[\/et_pb_text][wpforms_selector form_id=&raquo;6823&Prime; _builder_version=&raquo;4.23.3&Prime; _module_preset=&raquo;default&raquo; global_colors_info=&raquo;{}&raquo;][\/wpforms_selector][et_pb_text _builder_version=&raquo;4.23.2&Prime; _module_preset=&raquo;default&raquo; text_font=&raquo;Roboto|300|||||||&raquo; global_colors_info=&raquo;{}&raquo;]<\/p>\n<p style=\"text-align: justify;\" class=\" translation-block\"><b>We care about your privacy<\/b><br>\n<span>If you have any questions about the collection, use or disclosure of your personal information, please consult the Usage and privacy policy page accessible through the link at the bottom of this page.<\/span><\/p>\n<p>[\/et_pb_text][\/et_pb_column][\/et_pb_row][\/et_pb_section]<\/p>","protected":false},"excerpt":{"rendered":"<p>Lors de l&rsquo;achat d&rsquo;une premi\u00e8re maison, il est courant que certains acheteurs utilisent la totalit\u00e9 de leurs ressources financi\u00e8res pour effectuer une mise de fonds cons\u00e9quente dans le but de r\u00e9duire leur pr\u00eat hypoth\u00e9caire. Cependant, cette approche peut les laisser sans marge de man\u0153uvre pour les \u00e9tapes suivantes et les placer dans une situation difficile. [&hellip;]<\/p>","protected":false},"author":1,"featured_media":0,"parent":15,"menu_order":6,"comment_status":"closed","ping_status":"closed","template":"","meta":{"_et_pb_use_builder":"on","_et_pb_old_content":"","_et_gb_content_width":"","footnotes":""},"_links":{"self":[{"href":"https:\/\/infoimmobilier360.com\/en\/wp-json\/wp\/v2\/pages\/6476"}],"collection":[{"href":"https:\/\/infoimmobilier360.com\/en\/wp-json\/wp\/v2\/pages"}],"about":[{"href":"https:\/\/infoimmobilier360.com\/en\/wp-json\/wp\/v2\/types\/page"}],"author":[{"embeddable":true,"href":"https:\/\/infoimmobilier360.com\/en\/wp-json\/wp\/v2\/users\/1"}],"replies":[{"embeddable":true,"href":"https:\/\/infoimmobilier360.com\/en\/wp-json\/wp\/v2\/comments?post=6476"}],"version-history":[{"count":15,"href":"https:\/\/infoimmobilier360.com\/en\/wp-json\/wp\/v2\/pages\/6476\/revisions"}],"predecessor-version":[{"id":7463,"href":"https:\/\/infoimmobilier360.com\/en\/wp-json\/wp\/v2\/pages\/6476\/revisions\/7463"}],"up":[{"embeddable":true,"href":"https:\/\/infoimmobilier360.com\/en\/wp-json\/wp\/v2\/pages\/15"}],"wp:attachment":[{"href":"https:\/\/infoimmobilier360.com\/en\/wp-json\/wp\/v2\/media?parent=6476"}],"curies":[{"name":"wp","href":"https:\/\/api.w.org\/{rel}","templated":true}]}}