{"id":6493,"date":"2023-12-21T21:15:09","date_gmt":"2023-12-22T02:15:09","guid":{"rendered":"http:\/\/localhost\/equipemcinnis\/?page_id=6493"},"modified":"2024-02-01T01:18:02","modified_gmt":"2024-02-01T06:18:02","slug":"alertes","status":"publish","type":"page","link":"https:\/\/infoimmobilier360.com\/en\/acheter\/alertes\/","title":{"rendered":"Alertes Immobili\u00e8res"},"content":{"rendered":"<p>[et_pb_section fb_built=&raquo;1&Prime; _builder_version=&raquo;4.23.1&Prime; _module_preset=&raquo;default&raquo; global_colors_info=&raquo;{}&raquo;][et_pb_row column_structure=&raquo;3_5,2_5&Prime; _builder_version=&raquo;4.23.2&Prime; _module_preset=&raquo;default&raquo; custom_margin=&raquo;|||||false&raquo; custom_padding=&raquo;25px|25px|25px|25px|true|true&raquo; border_width_all=&raquo;2px&raquo; border_color_all=&raquo;#F3F5F6&Prime; global_colors_info=&raquo;{}&raquo;][et_pb_column type=&raquo;3_5&Prime; _builder_version=&raquo;4.23.1&Prime; _module_preset=&raquo;default&raquo; global_colors_info=&raquo;{}&raquo;][et_pb_heading title=&raquo;SOYEZ PARMI LES PREMIERS INFORM\u00c9S DES NOUVEAUT\u00c9 SUR LE MARCH\u00c9&raquo; _builder_version=&raquo;4.23.4&Prime; _module_preset=&raquo;default&raquo; title_font=&raquo;Lato|300||on|||||&raquo; title_text_color=&raquo;#A4C2A5&Prime; title_line_height=&raquo;0.9em&raquo; global_colors_info=&raquo;{}&raquo;][\/et_pb_heading][et_pb_image src=&raquo;https:\/\/infoimmobilier360.com\/wp-content\/uploads\/2023\/12\/Property-alerts.png&raquo; title_text=&raquo;Property alerts&raquo; _builder_version=&raquo;4.24.0&Prime; _module_preset=&raquo;default&raquo; hover_enabled=&raquo;0&Prime; global_colors_info=&raquo;{}&raquo; sticky_enabled=&raquo;0&Prime;][\/et_pb_image][et_pb_heading _builder_version=&raquo;4.23.3&Prime; _module_preset=&raquo;default&raquo; title_font=&raquo;Lato|300||on|||||&raquo; title_font_size=&raquo;23px&raquo; global_colors_info=&raquo;{}&raquo;][\/et_pb_heading][et_pb_heading title=&raquo;\u00c0 tous les acheteurs&#8230;&raquo; _builder_version=&raquo;4.23.3&Prime; _module_preset=&raquo;default&raquo; title_font=&raquo;Lato|300||on|||||&raquo; title_text_color=&raquo;#292F36&Prime; title_font_size=&raquo;24px&raquo; title_line_height=&raquo;0.9em&raquo; global_colors_info=&raquo;{}&raquo;][\/et_pb_heading][et_pb_text _builder_version=&raquo;4.23.3&Prime; _module_preset=&raquo;default&raquo; text_font=&raquo;Roboto|300|||||||&raquo; text_font_size=&raquo;17px&raquo; text_orientation=&raquo;justified&raquo; global_colors_info=&raquo;{}&raquo;]<\/p>\n<p class=\" translation-block\">Get priority access to all the newest properties on the market as soon as they become available by subscribing for free to our online property alerts!<\/p>\n<p>Nos alertes inclus les d\u00e9tails compl\u00e8tes et photos de tous les propri\u00e9t\u00e9s de toutes les banni\u00e8res et m\u00eame ceux qui ne sont pas inscits sur le MLS, incluant:<span><\/span><\/p>\n<ul>\n<li>New construction<\/li>\n<li>Resale properties<\/li>\n<li>Bank foreclosures<\/li>\n<li>Luxury homes<\/li>\n<li>and so much more!<\/li>\n<\/ul>\n<p><span><\/span><\/p>\n<p>[\/et_pb_text][et_pb_text _builder_version=&raquo;4.23.3&Prime; _module_preset=&raquo;default&raquo; text_font=&raquo;Roboto|300|||||||&raquo; text_font_size=&raquo;17px&raquo; text_orientation=&raquo;justified&raquo; global_colors_info=&raquo;{}&raquo;]Soyez parmis les premiers \u00e0 \u00eatre avisez en remplissant le formulaire sur cette page d\u00e8s aujourd&rsquo;hui![\/et_pb_text][\/et_pb_column][et_pb_column type=&raquo;2_5&Prime; _builder_version=&raquo;4.23.1&Prime; _module_preset=&raquo;default&raquo; global_colors_info=&raquo;{}&raquo;][et_pb_text _builder_version=&raquo;4.23.2&Prime; _module_preset=&raquo;default&raquo; text_font=&raquo;Roboto||||||||&raquo; text_font_size=&raquo;17px&raquo; global_colors_info=&raquo;{}&raquo;]<\/p>\n<p><strong>For more information, fill out the form below<\/strong><\/p>\n<p>[\/et_pb_text][wpforms_selector form_id=&raquo;7085&Prime; _builder_version=&raquo;4.23.3&Prime; _module_preset=&raquo;default&raquo; global_colors_info=&raquo;{}&raquo;][\/wpforms_selector][et_pb_text _builder_version=&raquo;4.23.1&Prime; _module_preset=&raquo;default&raquo; text_font=&raquo;Roboto|300|||||||&raquo; global_colors_info=&raquo;{}&raquo;]<\/p>\n<p style=\"text-align: justify;\" class=\" translation-block\"><b>We care about your privacy<\/b><br>\n<span>If you have any questions about the collection, use or disclosure of your personal information, please consult the Usage and privacy policy page accessible through the link at the bottom of this page.<\/span><\/p>\n<p>[\/et_pb_text][\/et_pb_column][\/et_pb_row][\/et_pb_section]<\/p>","protected":false},"excerpt":{"rendered":"<p>Recevez en primeur toutes les nouveaut\u00e9s sur le march\u00e9 d\u00e8s leur disponibilit\u00e9 en vous inscrivant gratuitement aux\u00a0alertes immobili\u00e8res\u00a0en ligne! Nos alertes inclus les d\u00e9tails compl\u00e8tes et photos de tous les propri\u00e9t\u00e9s de toutes les banni\u00e8res et m\u00eame ceux qui ne sont pas inscits sur le MLS, incluant: Les nouvelles constructions Les maisons \u00e0 revendre Les [&hellip;]<\/p>","protected":false},"author":1,"featured_media":0,"parent":15,"menu_order":0,"comment_status":"closed","ping_status":"closed","template":"","meta":{"_et_pb_use_builder":"on","_et_pb_old_content":"","_et_gb_content_width":"","footnotes":""},"_links":{"self":[{"href":"https:\/\/infoimmobilier360.com\/en\/wp-json\/wp\/v2\/pages\/6493"}],"collection":[{"href":"https:\/\/infoimmobilier360.com\/en\/wp-json\/wp\/v2\/pages"}],"about":[{"href":"https:\/\/infoimmobilier360.com\/en\/wp-json\/wp\/v2\/types\/page"}],"author":[{"embeddable":true,"href":"https:\/\/infoimmobilier360.com\/en\/wp-json\/wp\/v2\/users\/1"}],"replies":[{"embeddable":true,"href":"https:\/\/infoimmobilier360.com\/en\/wp-json\/wp\/v2\/comments?post=6493"}],"version-history":[{"count":22,"href":"https:\/\/infoimmobilier360.com\/en\/wp-json\/wp\/v2\/pages\/6493\/revisions"}],"predecessor-version":[{"id":7481,"href":"https:\/\/infoimmobilier360.com\/en\/wp-json\/wp\/v2\/pages\/6493\/revisions\/7481"}],"up":[{"embeddable":true,"href":"https:\/\/infoimmobilier360.com\/en\/wp-json\/wp\/v2\/pages\/15"}],"wp:attachment":[{"href":"https:\/\/infoimmobilier360.com\/en\/wp-json\/wp\/v2\/media?parent=6493"}],"curies":[{"name":"wp","href":"https:\/\/api.w.org\/{rel}","templated":true}]}}