{"id":6500,"date":"2023-12-22T00:49:13","date_gmt":"2023-12-22T05:49:13","guid":{"rendered":"http:\/\/localhost\/equipemcinnis\/?page_id=6500"},"modified":"2024-01-16T10:09:09","modified_gmt":"2024-01-16T15:09:09","slug":"evaluation","status":"publish","type":"page","link":"https:\/\/infoimmobilier360.com\/en\/vendre\/evaluation\/","title":{"rendered":"How much is your home worth?"},"content":{"rendered":"<p>[et_pb_section fb_built=&raquo;1&Prime; _builder_version=&raquo;4.23.1&Prime; _module_preset=&raquo;default&raquo; global_colors_info=&raquo;{}&raquo;][et_pb_row column_structure=&raquo;1_2,1_2&Prime; _builder_version=&raquo;4.23.2&Prime; _module_preset=&raquo;default&raquo; custom_margin=&raquo;|||||false&raquo; custom_padding=&raquo;25px|25px|25px|25px|true|true&raquo; border_width_all=&raquo;2px&raquo; border_color_all=&raquo;#F3F5F6&Prime; global_colors_info=&raquo;{}&raquo;][et_pb_column type=&raquo;1_2&Prime; _builder_version=&raquo;4.23.1&Prime; _module_preset=&raquo;default&raquo; global_colors_info=&raquo;{}&raquo;][et_pb_heading title=&raquo;Estimation GRATUITE de votre propri\u00e9t\u00e9&raquo; _builder_version=&raquo;4.23.4&Prime; _module_preset=&raquo;default&raquo; title_font=&raquo;Lato|300||on|||||&raquo; title_text_color=&raquo;#A4C2A5&Prime; title_line_height=&raquo;0.9em&raquo; hover_enabled=&raquo;0&Prime; global_colors_info=&raquo;{}&raquo; sticky_enabled=&raquo;0&Prime;][\/et_pb_heading][et_pb_image src=&raquo;https:\/\/infoimmobilier360.com\/wp-content\/uploads\/2023\/12\/Property-evaluation-2.png&raquo; title_text=&raquo;Property evaluation&raquo; _builder_version=&raquo;4.23.2&Prime; _module_preset=&raquo;default&raquo; global_colors_info=&raquo;{}&raquo;][\/et_pb_image][et_pb_text _builder_version=&raquo;4.23.2&Prime; _module_preset=&raquo;default&raquo; text_font=&raquo;Roboto|300|||||||&raquo; text_font_size=&raquo;17px&raquo; text_orientation=&raquo;justified&raquo; global_colors_info=&raquo;{}&raquo;]<\/p>\n<p>Si vous voulez vendre votre propri\u00e9t\u00e9, une \u00e9valuation de la valeur marchande est souvent une \u00e9tape incontournable, mais comment s&rsquo;y prendre?<\/p>\n<p>Lorsqu&rsquo;il s&rsquo;agit d&rsquo;\u00e9tablir un prix pour une demeure qui renferme de nombreux souvenirs heureux, il est important de prendre en compte des crit\u00e8res objectifs li\u00e9s au march\u00e9 immobilier plut\u00f4t que de se laisser guider par les \u00e9motions. Une \u00e9valuation doit \u00eatre r\u00e9alis\u00e9e de mani\u00e8re objective, dans votre meilleur int\u00e9r\u00eat.<\/p>\n<p>\u00c0 l`aide des informations receuillis sur votre propri\u00e9t\u00e9, nous aurons ainsi une vue d&rsquo;ensemble qui nous permettra d&rsquo;effectuer une \u00e9tudes de comparables en utilisant des donn\u00e9es \u00c0 JOUR pour d\u00e9terminer \u00e0 combien votre propri\u00e9t\u00e9 pourrait etre vendue.<\/p>\n<p><strong>Ce service est compl\u00e8tement GRATUIT et ne comporte aucune obligation de votre part. Compl\u00e9tez le formulaire d\u00e8s aujourd&rsquo;hui pour connaitre la valeur de votre propri\u00e9t\u00e9.<\/strong><\/p>\n<p>[\/et_pb_text][\/et_pb_column][et_pb_column type=&raquo;1_2&Prime; _builder_version=&raquo;4.23.1&Prime; _module_preset=&raquo;default&raquo; global_colors_info=&raquo;{}&raquo;][et_pb_text _builder_version=&raquo;4.23.3&Prime; _module_preset=&raquo;default&raquo; text_font=&raquo;Roboto||||||||&raquo; text_font_size=&raquo;17px&raquo; custom_padding=&raquo;|0px||||&raquo; global_colors_info=&raquo;{}&raquo;]<\/p>\n<p><strong>For more information, fill out the form below<\/strong><\/p>\n<p>[\/et_pb_text][wpforms_selector form_id=&raquo;6725&Prime; show_title=&raquo;off&raquo; show_desc=&raquo;off&raquo; _builder_version=&raquo;4.23.2&Prime; _module_preset=&raquo;default&raquo; width=&raquo;100%&raquo; global_colors_info=&raquo;{}&raquo;][\/wpforms_selector][et_pb_text _builder_version=&raquo;4.23.2&Prime; _module_preset=&raquo;default&raquo; text_font=&raquo;Roboto|300|||||||&raquo; global_colors_info=&raquo;{}&raquo;]<\/p>\n<p style=\"text-align: justify;\"><b>Nous prenons soin de votre vie priv\u00e9e<\/b><br \/><span>Si vous avez des questions quant \u00e0 la cueillette, l\u2019utilisation ou la divulgation de vos renseignements personnels, veuillez consulter la section <\/span><u>politique d\u2019utilisation et confidentialit\u00e9<\/u><span>\u00a0accessible par le lien qui est disponible au bas de cette page.<\/span><\/p>\n<p>[\/et_pb_text][\/et_pb_column][\/et_pb_row][\/et_pb_section]<\/p>","protected":false},"excerpt":{"rendered":"<p>Si vous voulez vendre votre propri\u00e9t\u00e9, une \u00e9valuation de la valeur marchande est souvent une \u00e9tape incontournable, mais comment s&rsquo;y prendre? Lorsqu&rsquo;il s&rsquo;agit d&rsquo;\u00e9tablir un prix pour une demeure qui renferme de nombreux souvenirs heureux, il est important de prendre en compte des crit\u00e8res objectifs li\u00e9s au march\u00e9 immobilier plut\u00f4t que de se laisser guider [&hellip;]<\/p>","protected":false},"author":1,"featured_media":0,"parent":16,"menu_order":0,"comment_status":"closed","ping_status":"closed","template":"","meta":{"_et_pb_use_builder":"on","_et_pb_old_content":"<!-- wp:divi\/placeholder \/-->","_et_gb_content_width":"","footnotes":""},"_links":{"self":[{"href":"https:\/\/infoimmobilier360.com\/en\/wp-json\/wp\/v2\/pages\/6500"}],"collection":[{"href":"https:\/\/infoimmobilier360.com\/en\/wp-json\/wp\/v2\/pages"}],"about":[{"href":"https:\/\/infoimmobilier360.com\/en\/wp-json\/wp\/v2\/types\/page"}],"author":[{"embeddable":true,"href":"https:\/\/infoimmobilier360.com\/en\/wp-json\/wp\/v2\/users\/1"}],"replies":[{"embeddable":true,"href":"https:\/\/infoimmobilier360.com\/en\/wp-json\/wp\/v2\/comments?post=6500"}],"version-history":[{"count":21,"href":"https:\/\/infoimmobilier360.com\/en\/wp-json\/wp\/v2\/pages\/6500\/revisions"}],"predecessor-version":[{"id":7313,"href":"https:\/\/infoimmobilier360.com\/en\/wp-json\/wp\/v2\/pages\/6500\/revisions\/7313"}],"up":[{"embeddable":true,"href":"https:\/\/infoimmobilier360.com\/en\/wp-json\/wp\/v2\/pages\/16"}],"wp:attachment":[{"href":"https:\/\/infoimmobilier360.com\/en\/wp-json\/wp\/v2\/media?parent=6500"}],"curies":[{"name":"wp","href":"https:\/\/api.w.org\/{rel}","templated":true}]}}