{"id":6503,"date":"2023-12-22T00:49:33","date_gmt":"2023-12-22T05:49:33","guid":{"rendered":"http:\/\/localhost\/equipemcinnis\/?page_id=6503"},"modified":"2024-01-17T18:08:12","modified_gmt":"2024-01-17T23:08:12","slug":"erreurs_vendeurs","status":"publish","type":"page","link":"https:\/\/infoimmobilier360.com\/en\/vendre\/erreurs_vendeurs\/","title":{"rendered":"5 Costly mistakes to avoid when selling your property"},"content":{"rendered":"<p>[et_pb_section fb_built=&raquo;1&Prime; _builder_version=&raquo;4.23.1&Prime; _module_preset=&raquo;default&raquo; global_colors_info=&raquo;{}&raquo;][et_pb_row column_structure=&raquo;3_5,2_5&Prime; _builder_version=&raquo;4.23.1&Prime; _module_preset=&raquo;default&raquo; custom_margin=&raquo;|||||false&raquo; custom_padding=&raquo;25px|25px|25px|25px|true|true&raquo; border_width_all=&raquo;2px&raquo; border_color_all=&raquo;#F3F5F6&Prime; global_colors_info=&raquo;{}&raquo;][et_pb_column type=&raquo;3_5&Prime; _builder_version=&raquo;4.23.1&Prime; _module_preset=&raquo;default&raquo; global_colors_info=&raquo;{}&raquo;][et_pb_heading title=&raquo;5 erreurs co\u00fbteuses \u00e0 \u00e9viter lors de la vente de votre propri\u00e9t\u00e9 ?&raquo; _builder_version=&raquo;4.23.4&Prime; _module_preset=&raquo;default&raquo; title_font=&raquo;Lato|300||on|||||&raquo; title_text_color=&raquo;#A4C2A5&Prime; title_line_height=&raquo;0.9em&raquo; global_colors_info=&raquo;{}&raquo;][\/et_pb_heading][et_pb_image src=&raquo;https:\/\/infoimmobilier360.com\/wp-content\/uploads\/2023\/12\/erreurs-couteuses.png&raquo; title_text=&raquo;erreurs couteuses&raquo; _builder_version=&raquo;4.23.3&Prime; _module_preset=&raquo;default&raquo; global_colors_info=&raquo;{}&raquo;][\/et_pb_image][et_pb_text _builder_version=&raquo;4.23.2&Prime; _module_preset=&raquo;default&raquo; text_font=&raquo;Roboto|300|||||||&raquo; text_font_size=&raquo;17px&raquo; text_orientation=&raquo;justified&raquo; global_colors_info=&raquo;{}&raquo;]<\/p>\n<p>\u00c7a y est, vous y \u00eates. Apr\u00e8s des semaines ou des mois de r\u00e9flexion, vous avez enfin d\u00e9cid\u00e9 de vendre votre maison. La r\u00e9ussite de votre projet sera grandement influenc\u00e9e par les choix que vous ferez tout au long du processus&#8230; Mais comment distinguer un bon choix d&rsquo;un mauvais choix?<\/p>\n<p>En \u00e9vitant 5 erreurs courantes, vous \u00e9viterez non seulement d\u2019\u00eatre d\u00e9savantag\u00e9 financi\u00e8rement, mais vous r\u00e9duisez les risques de complications et optimisez vos r\u00e9sultats, pour une transaction immobili\u00e8re efficace et fructueuse !<\/p>\n<p><strong>Remplissez le formulaire pour obtenir notre guide GRATUIT sur les 5 erreurs \u00e0 \u00e9viter pour vendre votre propri\u00e9t\u00e9 au meilleur prix.<\/strong><\/p>\n<p>[\/et_pb_text][\/et_pb_column][et_pb_column type=&raquo;2_5&Prime; _builder_version=&raquo;4.23.1&Prime; _module_preset=&raquo;default&raquo; global_colors_info=&raquo;{}&raquo;][et_pb_text _builder_version=&raquo;4.23.2&Prime; _module_preset=&raquo;default&raquo; text_font=&raquo;Roboto||||||||&raquo; text_font_size=&raquo;17px&raquo; global_colors_info=&raquo;{}&raquo;]<\/p>\n<p><strong>For more information, fill out the form below:<\/strong><\/p>\n<p>[\/et_pb_text][wpforms_selector form_id=&raquo;6823&Prime; _builder_version=&raquo;4.23.3&Prime; _module_preset=&raquo;default&raquo; global_colors_info=&raquo;{}&raquo;][\/wpforms_selector][et_pb_text _builder_version=&raquo;4.23.2&Prime; _module_preset=&raquo;default&raquo; text_font=&raquo;Roboto|300|||||||&raquo; global_colors_info=&raquo;{}&raquo;]<\/p>\n<p><b>Nous prenons soin de votre vie priv\u00e9e<\/b><br \/><span>Si vous avez des questions quant \u00e0 la cueillette, l\u2019utilisation ou la divulgation de vos renseignements personnels, veuillez consulter la section\u00a0<\/span><u>politique d\u2019utilisation et confidentialit\u00e9<\/u><span>\u00a0accessible par le lien qui est disponible au bas de cette page<\/span><\/p>\n<p>[\/et_pb_text][\/et_pb_column][\/et_pb_row][\/et_pb_section]<\/p>","protected":false},"excerpt":{"rendered":"<p>\u00c7a y est, vous y \u00eates. Apr\u00e8s des semaines ou des mois de r\u00e9flexion, vous avez enfin d\u00e9cid\u00e9 de vendre votre maison. La r\u00e9ussite de votre projet sera grandement influenc\u00e9e par les choix que vous ferez tout au long du processus&#8230; Mais comment distinguer un bon choix d&rsquo;un mauvais choix? En \u00e9vitant 5 erreurs courantes, [&hellip;]<\/p>","protected":false},"author":1,"featured_media":0,"parent":16,"menu_order":1,"comment_status":"closed","ping_status":"closed","template":"","meta":{"_et_pb_use_builder":"on","_et_pb_old_content":"<!-- wp:divi\/placeholder \/-->","_et_gb_content_width":"","footnotes":""},"_links":{"self":[{"href":"https:\/\/infoimmobilier360.com\/en\/wp-json\/wp\/v2\/pages\/6503"}],"collection":[{"href":"https:\/\/infoimmobilier360.com\/en\/wp-json\/wp\/v2\/pages"}],"about":[{"href":"https:\/\/infoimmobilier360.com\/en\/wp-json\/wp\/v2\/types\/page"}],"author":[{"embeddable":true,"href":"https:\/\/infoimmobilier360.com\/en\/wp-json\/wp\/v2\/users\/1"}],"replies":[{"embeddable":true,"href":"https:\/\/infoimmobilier360.com\/en\/wp-json\/wp\/v2\/comments?post=6503"}],"version-history":[{"count":11,"href":"https:\/\/infoimmobilier360.com\/en\/wp-json\/wp\/v2\/pages\/6503\/revisions"}],"predecessor-version":[{"id":7443,"href":"https:\/\/infoimmobilier360.com\/en\/wp-json\/wp\/v2\/pages\/6503\/revisions\/7443"}],"up":[{"embeddable":true,"href":"https:\/\/infoimmobilier360.com\/en\/wp-json\/wp\/v2\/pages\/16"}],"wp:attachment":[{"href":"https:\/\/infoimmobilier360.com\/en\/wp-json\/wp\/v2\/media?parent=6503"}],"curies":[{"name":"wp","href":"https:\/\/api.w.org\/{rel}","templated":true}]}}