{"id":6509,"date":"2023-12-22T00:49:59","date_gmt":"2023-12-22T05:49:59","guid":{"rendered":"http:\/\/localhost\/equipemcinnis\/?page_id=6509"},"modified":"2024-01-17T17:44:40","modified_gmt":"2024-01-17T22:44:40","slug":"inspection","status":"publish","type":"page","link":"https:\/\/infoimmobilier360.com\/en\/vendre\/inspection\/","title":{"rendered":"\u00cates-vous pr\u00eat pour la visite de l&rsquo;inspecteur?"},"content":{"rendered":"<p>[et_pb_section fb_built=&raquo;1&Prime; _builder_version=&raquo;4.23.4&Prime; _module_preset=&raquo;default&raquo; hover_enabled=&raquo;0&Prime; global_colors_info=&raquo;{}&raquo; sticky_enabled=&raquo;0&Prime;][et_pb_row column_structure=&raquo;3_5,2_5&Prime; _builder_version=&raquo;4.23.1&Prime; _module_preset=&raquo;default&raquo; custom_margin=&raquo;|||||false&raquo; custom_padding=&raquo;25px|25px|25px|25px|true|true&raquo; border_width_all=&raquo;2px&raquo; border_color_all=&raquo;#F3F5F6&Prime; global_colors_info=&raquo;{}&raquo;][et_pb_column type=&raquo;3_5&Prime; _builder_version=&raquo;4.23.1&Prime; _module_preset=&raquo;default&raquo; global_colors_info=&raquo;{}&raquo;][et_pb_heading title=&raquo;\u00caTES-VOUS pr\u00eat pour la visite de l&rsquo;inspecteur?&raquo; _builder_version=&raquo;4.23.4&Prime; _module_preset=&raquo;default&raquo; title_font=&raquo;Lato|300||on|||||&raquo; title_text_color=&raquo;#A4C2A5&Prime; title_line_height=&raquo;0.9em&raquo; global_colors_info=&raquo;{}&raquo;][\/et_pb_heading][et_pb_image src=&raquo;https:\/\/infoimmobilier360.com\/wp-content\/uploads\/2023\/12\/inspection.png&raquo; title_text=&raquo;inspection&raquo; _builder_version=&raquo;4.23.3&Prime; _module_preset=&raquo;default&raquo; global_colors_info=&raquo;{}&raquo;][\/et_pb_image][et_pb_text _builder_version=&raquo;4.23.2&Prime; _module_preset=&raquo;default&raquo; text_font=&raquo;Roboto|300|||||||&raquo; text_font_size=&raquo;17px&raquo; text_orientation=&raquo;justified&raquo; global_colors_info=&raquo;{}&raquo;]<\/p>\n<p>Aucun acheteur ne veut faire face \u00e0 des travaux et \u00e0 des d\u00e9penses impr\u00e9vus lors de l\u2019achat d\u2019une propri\u00e9t\u00e9. La majorit\u00e9 des acheteurs souhaitent acqu\u00e9rir une maison cl\u00e9 en main ou avec tr\u00e8s peu de travaux \u00e0 r\u00e9aliser. Une inspection pr\u00e9achat permet \u00e0 l\u2019acheteur de savoir s\u2019il y a des signes de probl\u00e8mes potentiels ou de r\u00e9parations co\u00fbteuses \u00e0 anticiper.<\/p>\n<p>Pour un vendeur qui attend une r\u00e9ponse apr\u00e8s une inspection par un acheteur potentiel, le processus peut \u00eatre stressant et la r\u00e9action du vendeur au contenu du rapport peut faire la diff\u00e9rence entre une transaction r\u00e9ussie ou un \u00e9chec.<\/p>\n<p>Une inspection pr\u00e9vente est le meilleur moyen de conna\u00eetre l\u2019\u00e9tat de la propri\u00e9t\u00e9 avant de la mettre sur le march\u00e9. Quoi qu\u2019il en soit, les vendeurs doivent savoir quels \u00e9l\u00e9ments v\u00e9rifier pour \u00e9viter des surprises co\u00fbteuses lors de la vente de leur maison.<\/p>\n<p><strong>Si vous souhaitez \u00eatre bien pr\u00e9par\u00e9 pour une inspection et minimiser les surprises co\u00fbteuses, remplissez le formulaire d\u00e8s aujourd&rsquo;hui pour recevoir une copie GRATUITE de notre liste de contr\u00f4le pr\u00e9-inspection pour les vendeurs.<\/strong><\/p>\n<p>[\/et_pb_text][\/et_pb_column][et_pb_column type=&raquo;2_5&Prime; _builder_version=&raquo;4.23.1&Prime; _module_preset=&raquo;default&raquo; global_colors_info=&raquo;{}&raquo;][et_pb_text _builder_version=&raquo;4.23.3&Prime; _module_preset=&raquo;default&raquo; text_font=&raquo;Roboto||||||||&raquo; text_font_size=&raquo;17px&raquo; global_colors_info=&raquo;{}&raquo;]<\/p>\n<p><strong>For more information, fill out the form below<\/strong><\/p>\n<p>[\/et_pb_text][wpforms_selector form_id=&raquo;6823&Prime; _builder_version=&raquo;4.23.3&Prime; _module_preset=&raquo;default&raquo; global_colors_info=&raquo;{}&raquo;][\/wpforms_selector][et_pb_text _builder_version=&raquo;4.23.2&Prime; _module_preset=&raquo;default&raquo; text_font=&raquo;Roboto|300|||||||&raquo; global_colors_info=&raquo;{}&raquo;]<\/p>\n<p style=\"text-align: justify;\"><b>Nous prenons soin de votre vie priv\u00e9e<\/b><br \/><span>Si vous avez des questions quant \u00e0 la cueillette, l\u2019utilisation ou la divulgation de vos renseignements personnels, veuillez consulter la section <\/span><u>politique d\u2019utilisation et confidentialit\u00e9<\/u><span>\u00a0accessible par le lien qui est disponible au bas de cette page.<\/span><\/p>\n<p>[\/et_pb_text][\/et_pb_column][\/et_pb_row][\/et_pb_section]<\/p>","protected":false},"excerpt":{"rendered":"<p>Aucun acheteur ne veut faire face \u00e0 des travaux et \u00e0 des d\u00e9penses impr\u00e9vus lors de l\u2019achat d\u2019une propri\u00e9t\u00e9. La majorit\u00e9 des acheteurs souhaitent acqu\u00e9rir une maison cl\u00e9 en main ou avec tr\u00e8s peu de travaux \u00e0 r\u00e9aliser. Une inspection pr\u00e9achat permet \u00e0 l\u2019acheteur de savoir s\u2019il y a des signes de probl\u00e8mes potentiels ou [&hellip;]<\/p>","protected":false},"author":1,"featured_media":0,"parent":16,"menu_order":4,"comment_status":"closed","ping_status":"closed","template":"","meta":{"_et_pb_use_builder":"on","_et_pb_old_content":"<!-- wp:divi\/placeholder \/-->","_et_gb_content_width":"","footnotes":""},"_links":{"self":[{"href":"https:\/\/infoimmobilier360.com\/en\/wp-json\/wp\/v2\/pages\/6509"}],"collection":[{"href":"https:\/\/infoimmobilier360.com\/en\/wp-json\/wp\/v2\/pages"}],"about":[{"href":"https:\/\/infoimmobilier360.com\/en\/wp-json\/wp\/v2\/types\/page"}],"author":[{"embeddable":true,"href":"https:\/\/infoimmobilier360.com\/en\/wp-json\/wp\/v2\/users\/1"}],"replies":[{"embeddable":true,"href":"https:\/\/infoimmobilier360.com\/en\/wp-json\/wp\/v2\/comments?post=6509"}],"version-history":[{"count":19,"href":"https:\/\/infoimmobilier360.com\/en\/wp-json\/wp\/v2\/pages\/6509\/revisions"}],"predecessor-version":[{"id":7441,"href":"https:\/\/infoimmobilier360.com\/en\/wp-json\/wp\/v2\/pages\/6509\/revisions\/7441"}],"up":[{"embeddable":true,"href":"https:\/\/infoimmobilier360.com\/en\/wp-json\/wp\/v2\/pages\/16"}],"wp:attachment":[{"href":"https:\/\/infoimmobilier360.com\/en\/wp-json\/wp\/v2\/media?parent=6509"}],"curies":[{"name":"wp","href":"https:\/\/api.w.org\/{rel}","templated":true}]}}