{"id":6511,"date":"2023-12-22T00:50:06","date_gmt":"2023-12-22T05:50:06","guid":{"rendered":"http:\/\/localhost\/equipemcinnis\/?page_id=6511"},"modified":"2024-01-16T10:03:05","modified_gmt":"2024-01-16T15:03:05","slug":"divorce","status":"publish","type":"page","link":"https:\/\/infoimmobilier360.com\/en\/vendre\/divorce\/","title":{"rendered":"Separation or divorce: What to do with the house?"},"content":{"rendered":"<p>[et_pb_section fb_built=&raquo;1&Prime; _builder_version=&raquo;4.23.1&Prime; _module_preset=&raquo;default&raquo; global_colors_info=&raquo;{}&raquo;][et_pb_row column_structure=&raquo;3_5,2_5&Prime; _builder_version=&raquo;4.23.1&Prime; _module_preset=&raquo;default&raquo; custom_margin=&raquo;|||||false&raquo; custom_padding=&raquo;25px|25px|25px|25px|true|true&raquo; border_width_all=&raquo;2px&raquo; border_color_all=&raquo;#F3F5F6&Prime; global_colors_info=&raquo;{}&raquo;][et_pb_column type=&raquo;3_5&Prime; _builder_version=&raquo;4.23.1&Prime; _module_preset=&raquo;default&raquo; global_colors_info=&raquo;{}&raquo;][et_pb_heading title=&raquo;s\u00e9paration ou divorce: quoi faire avec la maison?&raquo; _builder_version=&raquo;4.23.4&Prime; _module_preset=&raquo;default&raquo; title_font=&raquo;Lato|300||on|||||&raquo; title_text_color=&raquo;#A4C2A5&Prime; title_line_height=&raquo;0.9em&raquo; hover_enabled=&raquo;0&Prime; global_colors_info=&raquo;{}&raquo; sticky_enabled=&raquo;0&Prime;][\/et_pb_heading][et_pb_image src=&raquo;https:\/\/infoimmobilier360.com\/wp-content\/uploads\/2023\/12\/divorce-1.png&raquo; title_text=&raquo;divorce&raquo; _builder_version=&raquo;4.23.2&Prime; _module_preset=&raquo;default&raquo; box_shadow_style=&raquo;preset2&Prime; box_shadow_horizontal=&raquo;8px&raquo; box_shadow_vertical=&raquo;8px&raquo; global_colors_info=&raquo;{}&raquo;][\/et_pb_image][et_pb_text _builder_version=&raquo;4.23.3&Prime; _module_preset=&raquo;default&raquo; text_font=&raquo;Roboto|300|||||||&raquo; text_font_size=&raquo;17px&raquo; text_orientation=&raquo;justified&raquo; custom_padding=&raquo;||||false|false&raquo; global_colors_info=&raquo;{}&raquo;]<\/p>\n<p><span>Personne n\u2019envisage de divorcer lors de l\u2019achat d\u2019un bien immobilier en couple, et pourtant c\u2019est une r\u00e9alit\u00e9 pour un tr\u00e8s grand nombre de personnes. La s\u00e9paration est un moment difficile \u00e0 traverser qui peut \u00eatre \u00e9puisant, \u00e0 la fois \u00e9motionnellement et juridiquement.<\/span><\/p>\n<p><span>Lorsqu&rsquo;on se trouve dans une telle situation, il peut \u00eatre complexe de d\u00e9terminer comment r\u00e9partir les biens, en particulier lorsqu&rsquo;il s&rsquo;agit d&rsquo;une maison et d&rsquo;une hypoth\u00e8que. Cependant, il existe\u00a0 quelques solutions qui s&rsquo;offrent \u00e0 vous pour minimiser les cons\u00e9quences financi\u00e8res et le potentiel des regrets dans le futur.<\/span><\/p>\n<p>Remplissez le formulaire d\u00e8s aujourd&rsquo;hui pour obtenir une copie GRATUITE de notre texte qui d\u00e9taille les 4 options qui s&rsquo;offrent \u00e0 vous lors d&rsquo;une s\u00e9paration et commencez \u00e0 parcourir votre situation de mani\u00e8re un peu plus \u00e9clair\u00e9e .<\/p>\n<p>[\/et_pb_text][\/et_pb_column][et_pb_column type=&raquo;2_5&Prime; _builder_version=&raquo;4.23.1&Prime; _module_preset=&raquo;default&raquo; global_colors_info=&raquo;{}&raquo;][et_pb_text _builder_version=&raquo;4.23.3&Prime; _module_preset=&raquo;default&raquo; text_font_size=&raquo;17px&raquo; global_colors_info=&raquo;{}&raquo;]<\/p>\n<p><strong>For more information, fill out the form below<\/strong><\/p>\n<p>[\/et_pb_text][wpforms_selector form_id=&raquo;6823&Prime; _builder_version=&raquo;4.23.3&Prime; _module_preset=&raquo;default&raquo; global_colors_info=&raquo;{}&raquo;][\/wpforms_selector][et_pb_text _builder_version=&raquo;4.23.1&Prime; _module_preset=&raquo;default&raquo; text_font=&raquo;Roboto|300|||||||&raquo; global_colors_info=&raquo;{}&raquo;]<\/p>\n<p style=\"text-align: justify;\"><b>Nous prenons soin de votre vie priv\u00e9e<\/b><br \/><span>Si vous avez des questions quant \u00e0 la cueillette, l\u2019utilisation ou la divulgation de vos renseignements personnels, veuillez consulter la section\u00a0<\/span><u>politique d\u2019utilisation et confidentialit\u00e9<\/u><span>\u00a0accessible par le lien qui est disponible au bas de cette page<\/span><\/p>\n<p>[\/et_pb_text][\/et_pb_column][\/et_pb_row][\/et_pb_section]<\/p>","protected":false},"excerpt":{"rendered":"<p>Personne n\u2019envisage de divorcer lors de l\u2019achat d\u2019un bien immobilier en couple, et pourtant c\u2019est une r\u00e9alit\u00e9 pour un tr\u00e8s grand nombre de personnes. La s\u00e9paration est un moment difficile \u00e0 traverser qui peut \u00eatre \u00e9puisant, \u00e0 la fois \u00e9motionnellement et juridiquement. Lorsqu&rsquo;on se trouve dans une telle situation, il peut \u00eatre complexe de d\u00e9terminer [&hellip;]<\/p>","protected":false},"author":1,"featured_media":0,"parent":16,"menu_order":5,"comment_status":"closed","ping_status":"closed","template":"","meta":{"_et_pb_use_builder":"on","_et_pb_old_content":"<!-- wp:divi\/placeholder \/-->","_et_gb_content_width":"","footnotes":""},"_links":{"self":[{"href":"https:\/\/infoimmobilier360.com\/en\/wp-json\/wp\/v2\/pages\/6511"}],"collection":[{"href":"https:\/\/infoimmobilier360.com\/en\/wp-json\/wp\/v2\/pages"}],"about":[{"href":"https:\/\/infoimmobilier360.com\/en\/wp-json\/wp\/v2\/types\/page"}],"author":[{"embeddable":true,"href":"https:\/\/infoimmobilier360.com\/en\/wp-json\/wp\/v2\/users\/1"}],"replies":[{"embeddable":true,"href":"https:\/\/infoimmobilier360.com\/en\/wp-json\/wp\/v2\/comments?post=6511"}],"version-history":[{"count":20,"href":"https:\/\/infoimmobilier360.com\/en\/wp-json\/wp\/v2\/pages\/6511\/revisions"}],"predecessor-version":[{"id":7308,"href":"https:\/\/infoimmobilier360.com\/en\/wp-json\/wp\/v2\/pages\/6511\/revisions\/7308"}],"up":[{"embeddable":true,"href":"https:\/\/infoimmobilier360.com\/en\/wp-json\/wp\/v2\/pages\/16"}],"wp:attachment":[{"href":"https:\/\/infoimmobilier360.com\/en\/wp-json\/wp\/v2\/media?parent=6511"}],"curies":[{"name":"wp","href":"https:\/\/api.w.org\/{rel}","templated":true}]}}