{"id":6513,"date":"2023-12-22T00:37:08","date_gmt":"2023-12-22T05:37:08","guid":{"rendered":"http:\/\/localhost\/equipemcinnis\/?page_id=6513"},"modified":"2024-01-16T10:07:33","modified_gmt":"2024-01-16T15:07:33","slug":"conseils_de_vente","status":"publish","type":"page","link":"https:\/\/infoimmobilier360.com\/en\/vendre\/conseils_de_vente\/","title":{"rendered":"30 Tips to help you sell you property for the highest possible price"},"content":{"rendered":"<p>[et_pb_section fb_built=&raquo;1&Prime; _builder_version=&raquo;4.23.1&Prime; _module_preset=&raquo;default&raquo; global_colors_info=&raquo;{}&raquo;][et_pb_row column_structure=&raquo;3_5,2_5&Prime; _builder_version=&raquo;4.23.1&Prime; _module_preset=&raquo;default&raquo; custom_margin=&raquo;|||||false&raquo; custom_padding=&raquo;25px|25px|25px|25px|true|true&raquo; border_width_all=&raquo;2px&raquo; border_color_all=&raquo;#F3F5F6&Prime; global_colors_info=&raquo;{}&raquo;][et_pb_column type=&raquo;3_5&Prime; _builder_version=&raquo;4.23.1&Prime; _module_preset=&raquo;default&raquo; global_colors_info=&raquo;{}&raquo;][et_pb_heading title=&raquo;30 conseils pour vendre votre propri\u00e9t\u00e9 au meilleur prix et dans les meilleurs d\u00e9lais&raquo; _builder_version=&raquo;4.23.4&Prime; _module_preset=&raquo;default&raquo; title_font=&raquo;Lato|300||on|||||&raquo; title_text_color=&raquo;#A4C2A5&Prime; title_line_height=&raquo;0.9em&raquo; hover_enabled=&raquo;0&Prime; global_colors_info=&raquo;{}&raquo; sticky_enabled=&raquo;0&Prime;][\/et_pb_heading][et_pb_image src=&raquo;https:\/\/infoimmobilier360.com\/wp-content\/uploads\/2023\/12\/renovations.png&raquo; title_text=&raquo;renovations&raquo; _builder_version=&raquo;4.23.3&Prime; _module_preset=&raquo;default&raquo; global_colors_info=&raquo;{}&raquo;][\/et_pb_image][et_pb_text _builder_version=&raquo;4.23.2&Prime; _module_preset=&raquo;default&raquo; text_font=&raquo;Roboto|300|||||||&raquo; text_font_size=&raquo;17px&raquo; text_orientation=&raquo;justified&raquo; global_colors_info=&raquo;{}&raquo;]<\/p>\n<p>Vous avez d\u00e9cid\u00e9 de vendre votre propri\u00e9t\u00e9 ? Consid\u00e9rant que votre maison est probablement l\u2019un de vos actifs les plus importants, il est dans votre int\u00e9r\u00eat d\u2019investir le temps de vous pr\u00e9parer avant de mettre votre maison sur le march\u00e9. Pour vous aider \u00e0 d\u00e9marrer du bon pied, nous avons dress\u00e9 une liste de 30 conseils qui vous permettra de d\u00e9marquer votre propri\u00e9t\u00e9 pour que vous puissiez \u00e9conomiser temps et argent tout en maximisant vos profits.<\/p>\n<p>Cette liste de conseils vous \u00e9vite de devoir deviner comment attirer des acheteurs potentiels chez vous et vous aide \u00e0 garder une longueur d&rsquo;avance sur la concurrence.<\/p>\n<p><strong>Si vous souhaitez savoir comment \u00e9conomiser du temps et de l&rsquo;argent et maximiser vos profits, demandez notre liste GRATUITE de 30 conseils en remplissant le formulaire de demande d\u00e8s aujourd&rsquo;hui.<\/strong><\/p>\n<p>[\/et_pb_text][\/et_pb_column][et_pb_column type=&raquo;2_5&Prime; _builder_version=&raquo;4.23.1&Prime; _module_preset=&raquo;default&raquo; global_colors_info=&raquo;{}&raquo;][et_pb_text _builder_version=&raquo;4.23.2&Prime; _module_preset=&raquo;default&raquo; text_font=&raquo;Roboto||||||||&raquo; text_font_size=&raquo;17px&raquo; global_colors_info=&raquo;{}&raquo;]<\/p>\n<p><strong>For more information, fill out the form below:<\/strong><\/p>\n<p>[\/et_pb_text][wpforms_selector form_id=&raquo;6823&Prime; _builder_version=&raquo;4.23.3&Prime; _module_preset=&raquo;default&raquo; global_colors_info=&raquo;{}&raquo;][\/wpforms_selector][et_pb_text _builder_version=&raquo;4.23.2&Prime; _module_preset=&raquo;default&raquo; text_font=&raquo;Roboto|300|||||||&raquo; global_colors_info=&raquo;{}&raquo;]<\/p>\n<p style=\"text-align: justify;\"><b>Nous prenons soin de votre vie priv\u00e9e<\/b><br \/><span>Si vous avez des questions quant \u00e0 la cueillette, l\u2019utilisation ou la divulgation de vos renseignements personnels, veuillez consulter la section <\/span><u>politique d\u2019utilisation et confidentialit\u00e9<\/u><span>\u00a0accessible par le lien qui est disponible au bas de cette page.<\/span><\/p>\n<p>[\/et_pb_text][\/et_pb_column][\/et_pb_row][\/et_pb_section]<\/p>","protected":false},"excerpt":{"rendered":"<p>Vous avez d\u00e9cid\u00e9 de vendre votre propri\u00e9t\u00e9 ? Consid\u00e9rant que votre maison est probablement l\u2019un de vos actifs les plus importants, il est dans votre int\u00e9r\u00eat d\u2019investir le temps de vous pr\u00e9parer avant de mettre votre maison sur le march\u00e9. Pour vous aider \u00e0 d\u00e9marrer du bon pied, nous avons dress\u00e9 une liste de 30 [&hellip;]<\/p>","protected":false},"author":1,"featured_media":0,"parent":16,"menu_order":6,"comment_status":"closed","ping_status":"closed","template":"","meta":{"_et_pb_use_builder":"on","_et_pb_old_content":"<!-- wp:divi\/placeholder \/-->","_et_gb_content_width":"","footnotes":""},"_links":{"self":[{"href":"https:\/\/infoimmobilier360.com\/en\/wp-json\/wp\/v2\/pages\/6513"}],"collection":[{"href":"https:\/\/infoimmobilier360.com\/en\/wp-json\/wp\/v2\/pages"}],"about":[{"href":"https:\/\/infoimmobilier360.com\/en\/wp-json\/wp\/v2\/types\/page"}],"author":[{"embeddable":true,"href":"https:\/\/infoimmobilier360.com\/en\/wp-json\/wp\/v2\/users\/1"}],"replies":[{"embeddable":true,"href":"https:\/\/infoimmobilier360.com\/en\/wp-json\/wp\/v2\/comments?post=6513"}],"version-history":[{"count":12,"href":"https:\/\/infoimmobilier360.com\/en\/wp-json\/wp\/v2\/pages\/6513\/revisions"}],"predecessor-version":[{"id":7311,"href":"https:\/\/infoimmobilier360.com\/en\/wp-json\/wp\/v2\/pages\/6513\/revisions\/7311"}],"up":[{"embeddable":true,"href":"https:\/\/infoimmobilier360.com\/en\/wp-json\/wp\/v2\/pages\/16"}],"wp:attachment":[{"href":"https:\/\/infoimmobilier360.com\/en\/wp-json\/wp\/v2\/media?parent=6513"}],"curies":[{"name":"wp","href":"https:\/\/api.w.org\/{rel}","templated":true}]}}