{"id":6528,"date":"2023-12-22T00:50:59","date_gmt":"2023-12-22T05:50:59","guid":{"rendered":"http:\/\/localhost\/equipemcinnis\/?page_id=6528"},"modified":"2024-01-16T11:43:39","modified_gmt":"2024-01-16T16:43:39","slug":"animaux","status":"publish","type":"page","link":"https:\/\/infoimmobilier360.com\/en\/vendre\/animaux\/","title":{"rendered":"8 TIPS TO MAKE MOVING WITH PETS EASIER"},"content":{"rendered":"<p>[et_pb_section fb_built=&raquo;1&Prime; _builder_version=&raquo;4.23.1&Prime; _module_preset=&raquo;default&raquo; global_colors_info=&raquo;{}&raquo;][et_pb_row column_structure=&raquo;3_5,2_5&Prime; _builder_version=&raquo;4.23.1&Prime; _module_preset=&raquo;default&raquo; custom_margin=&raquo;|||||false&raquo; custom_padding=&raquo;25px|25px|25px|25px|true|true&raquo; border_width_all=&raquo;2px&raquo; border_color_all=&raquo;#F3F5F6&Prime; global_colors_info=&raquo;{}&raquo;][et_pb_column type=&raquo;3_5&Prime; _builder_version=&raquo;4.23.1&Prime; _module_preset=&raquo;default&raquo; global_colors_info=&raquo;{}&raquo;][et_pb_heading title=&raquo;8 Conseils pour faciliter le d\u00e9m\u00e9nagement pour les animaux de compagnie&raquo; _builder_version=&raquo;4.23.4&Prime; _module_preset=&raquo;default&raquo; title_font=&raquo;Lato|300||on|||||&raquo; title_text_color=&raquo;#A4C2A5&Prime; title_line_height=&raquo;0.9em&raquo; global_colors_info=&raquo;{}&raquo;][\/et_pb_heading][et_pb_image src=&raquo;https:\/\/infoimmobilier360.com\/wp-content\/uploads\/2023\/12\/Pets.png&raquo; title_text=&raquo;Pets&raquo; _builder_version=&raquo;4.23.3&Prime; _module_preset=&raquo;default&raquo; global_colors_info=&raquo;{}&raquo;][\/et_pb_image][et_pb_text _builder_version=&raquo;4.23.2&Prime; _module_preset=&raquo;default&raquo; text_font=&raquo;Roboto|300|||||||&raquo; text_font_size=&raquo;17px&raquo; text_orientation=&raquo;justified&raquo; global_colors_info=&raquo;{}&raquo;]<\/p>\n<p><span>Moving with your pet can be a stressful process for everyone. Animals can easily feel confused and anxious when faced with a new environment. So it\u2019s important to take steps to make the move as smooth as possible for them.\u00a0<\/span><\/p>\n<p><span>With proper planning and preparation, you can minimize stress and allow your pet to have a more pleasant transition. By considering the specific challenges you may face, planning ahead, choosing the right mode of transportation, and helping your pet adjust to their new environment, you can make the move a positive experience for everyone. So, take the necessary steps and get ready to start this new adventure with your beloved companion!<\/span><\/p>\n<p><strong>Complete the form to receive our FREE guide to 8 tips to make moving with your pet easier.<\/strong><\/p>\n<p>[\/et_pb_text][\/et_pb_column][et_pb_column type=&raquo;2_5&Prime; _builder_version=&raquo;4.23.1&Prime; _module_preset=&raquo;default&raquo; global_colors_info=&raquo;{}&raquo;][et_pb_text _builder_version=&raquo;4.23.2&Prime; _module_preset=&raquo;default&raquo; text_font=&raquo;Roboto||||||||&raquo; text_font_size=&raquo;17px&raquo; global_colors_info=&raquo;{}&raquo;]<\/p>\n<p><strong>For more information, fill out the form below:<\/strong><\/p>\n<p>[\/et_pb_text][wpforms_selector form_id=&raquo;6823&Prime; _builder_version=&raquo;4.23.3&Prime; _module_preset=&raquo;default&raquo; global_colors_info=&raquo;{}&raquo;][\/wpforms_selector][et_pb_text _builder_version=&raquo;4.23.2&Prime; _module_preset=&raquo;default&raquo; text_font=&raquo;Roboto|300|||||||&raquo; global_colors_info=&raquo;{}&raquo;]<\/p>\n<p style=\"text-align: justify;\" class=\" translation-block\"><b>We care about your privacy<\/b><br>\n<span>If you have any questions about the collection, use or disclosure of your personal information, please consult the Usage and privacy policy page accessible through the link at the bottom of this page.<\/span><\/p>\n<p>[\/et_pb_text][\/et_pb_column][\/et_pb_row][\/et_pb_section]<\/p>","protected":false},"excerpt":{"rendered":"<p>D\u00e9m\u00e9nager avec son animal de compagnie peut \u00eatre un processus stressant pour tout le monde. Les animaux peuvent facilement se sentir d\u00e9boussol\u00e9s et anxieux lorsqu&rsquo;ils sont confront\u00e9s \u00e0 un nouvel environnement. Il est donc important de prendre des mesures pour rendre le d\u00e9m\u00e9nagement aussi doux que possible pour eux.\u00a0 Avec une planification et une pr\u00e9paration [&hellip;]<\/p>","protected":false},"author":1,"featured_media":0,"parent":16,"menu_order":12,"comment_status":"closed","ping_status":"closed","template":"","meta":{"_et_pb_use_builder":"on","_et_pb_old_content":"<!-- wp:divi\/placeholder \/-->","_et_gb_content_width":"","footnotes":""},"_links":{"self":[{"href":"https:\/\/infoimmobilier360.com\/en\/wp-json\/wp\/v2\/pages\/6528"}],"collection":[{"href":"https:\/\/infoimmobilier360.com\/en\/wp-json\/wp\/v2\/pages"}],"about":[{"href":"https:\/\/infoimmobilier360.com\/en\/wp-json\/wp\/v2\/types\/page"}],"author":[{"embeddable":true,"href":"https:\/\/infoimmobilier360.com\/en\/wp-json\/wp\/v2\/users\/1"}],"replies":[{"embeddable":true,"href":"https:\/\/infoimmobilier360.com\/en\/wp-json\/wp\/v2\/comments?post=6528"}],"version-history":[{"count":13,"href":"https:\/\/infoimmobilier360.com\/en\/wp-json\/wp\/v2\/pages\/6528\/revisions"}],"predecessor-version":[{"id":7346,"href":"https:\/\/infoimmobilier360.com\/en\/wp-json\/wp\/v2\/pages\/6528\/revisions\/7346"}],"up":[{"embeddable":true,"href":"https:\/\/infoimmobilier360.com\/en\/wp-json\/wp\/v2\/pages\/16"}],"wp:attachment":[{"href":"https:\/\/infoimmobilier360.com\/en\/wp-json\/wp\/v2\/media?parent=6528"}],"curies":[{"name":"wp","href":"https:\/\/api.w.org\/{rel}","templated":true}]}}