{"id":6530,"date":"2023-12-22T00:51:07","date_gmt":"2023-12-22T05:51:07","guid":{"rendered":"http:\/\/localhost\/equipemcinnis\/?page_id=6530"},"modified":"2024-01-17T09:15:14","modified_gmt":"2024-01-17T14:15:14","slug":"enfants","status":"publish","type":"page","link":"https:\/\/infoimmobilier360.com\/en\/vendre\/enfants\/","title":{"rendered":"8 conseils pour faciliter le d\u00e9m\u00e9nagement avec les enfants"},"content":{"rendered":"<p>[et_pb_section fb_built=&raquo;1&Prime; _builder_version=&raquo;4.23.1&Prime; _module_preset=&raquo;default&raquo; global_colors_info=&raquo;{}&raquo;][et_pb_row column_structure=&raquo;3_5,2_5&Prime; _builder_version=&raquo;4.23.1&Prime; _module_preset=&raquo;default&raquo; custom_margin=&raquo;|||||false&raquo; custom_padding=&raquo;25px|25px|25px|25px|true|true&raquo; border_width_all=&raquo;2px&raquo; border_color_all=&raquo;#F3F5F6&Prime; global_colors_info=&raquo;{}&raquo;][et_pb_column type=&raquo;3_5&Prime; _builder_version=&raquo;4.23.1&Prime; _module_preset=&raquo;default&raquo; global_colors_info=&raquo;{}&raquo;][et_pb_heading title=&raquo;8 fa\u00e7ons de faciliter le d\u00e9m\u00e9nagement avec les enfants&raquo; _builder_version=&raquo;4.23.4&Prime; _module_preset=&raquo;default&raquo; title_font=&raquo;Lato|300||on|||||&raquo; title_text_color=&raquo;#A4C2A5&Prime; title_line_height=&raquo;0.9em&raquo; global_colors_info=&raquo;{}&raquo;][\/et_pb_heading][et_pb_image src=&raquo;https:\/\/infoimmobilier360.com\/wp-content\/uploads\/2023\/12\/moving-with-kids.png&raquo; title_text=&raquo;moving with kids&raquo; _builder_version=&raquo;4.23.3&Prime; _module_preset=&raquo;default&raquo; global_colors_info=&raquo;{}&raquo;][\/et_pb_image][et_pb_text _builder_version=&raquo;4.23.4&Prime; _module_preset=&raquo;default&raquo; text_font=&raquo;Roboto|300|||||||&raquo; text_font_size=&raquo;17px&raquo; text_orientation=&raquo;justified&raquo; global_colors_info=&raquo;{}&raquo;]<\/p>\n<p><span>Moving is an exciting time. You found a new nest to settle down and create new memories with your family. But it is also a stressful stage, especially if you have young children. Changes, novelty and the unknown are principles that are difficult to master at this age. Your child may not really understand what is happening and feel distraught at the idea of losing his usual points of reference, his established routine or the environment he knows. Luckily, you can help your little one cope well with this change! <\/span><\/p>\n<p><strong>Complete the form to receive our FREE list of 8 tips to make moving with children easier.<\/strong><\/p>\n<p>[\/et_pb_text][\/et_pb_column][et_pb_column type=&raquo;2_5&Prime; _builder_version=&raquo;4.23.1&Prime; _module_preset=&raquo;default&raquo; global_colors_info=&raquo;{}&raquo;][et_pb_text _builder_version=&raquo;4.23.2&Prime; _module_preset=&raquo;default&raquo; text_font=&raquo;Roboto||||||||&raquo; text_font_size=&raquo;17px&raquo; global_colors_info=&raquo;{}&raquo;]<\/p>\n<p><strong>For more information, fill out the form below:<\/strong><\/p>\n<p>[\/et_pb_text][wpforms_selector form_id=&raquo;6823&Prime; _builder_version=&raquo;4.23.3&Prime; _module_preset=&raquo;default&raquo; global_colors_info=&raquo;{}&raquo;][\/wpforms_selector][et_pb_text _builder_version=&raquo;4.23.2&Prime; _module_preset=&raquo;default&raquo; text_font=&raquo;Roboto|300|||||||&raquo; hover_enabled=&raquo;0&Prime; global_colors_info=&raquo;{}&raquo; sticky_enabled=&raquo;0&Prime;]<\/p>\n<p style=\"text-align: justify;\" class=\" translation-block\"><b>We care about your privacy<\/b><br>\n<span>If you have any questions about the collection, use or disclosure of your personal information, please consult the Usage and privacy policy page accessible through the link at the bottom of this page.<\/span><\/p>\n<p>[\/et_pb_text][\/et_pb_column][\/et_pb_row][\/et_pb_section]<\/p>","protected":false},"excerpt":{"rendered":"<p>D\u00e9m\u00e9nager est un moment excitant. Vous avez trouv\u00e9 un nouveau nid o\u00f9 vous poser et o\u00f9 cr\u00e9er de nouveaux souvenirs en famille. Mais il s\u2019agit \u00e9galement d\u2019une \u00e9tape stressante, surtout si vous avez de jeunes enfants. Les changements, la nouveaut\u00e9 et l\u2019inconnu sont des principes difficiles \u00e0 apprivoiser \u00e0 cet \u00e2ge. Votre enfant peut ne [&hellip;]<\/p>","protected":false},"author":1,"featured_media":0,"parent":16,"menu_order":12,"comment_status":"closed","ping_status":"closed","template":"","meta":{"_et_pb_use_builder":"on","_et_pb_old_content":"","_et_gb_content_width":"","footnotes":""},"_links":{"self":[{"href":"https:\/\/infoimmobilier360.com\/en\/wp-json\/wp\/v2\/pages\/6530"}],"collection":[{"href":"https:\/\/infoimmobilier360.com\/en\/wp-json\/wp\/v2\/pages"}],"about":[{"href":"https:\/\/infoimmobilier360.com\/en\/wp-json\/wp\/v2\/types\/page"}],"author":[{"embeddable":true,"href":"https:\/\/infoimmobilier360.com\/en\/wp-json\/wp\/v2\/users\/1"}],"replies":[{"embeddable":true,"href":"https:\/\/infoimmobilier360.com\/en\/wp-json\/wp\/v2\/comments?post=6530"}],"version-history":[{"count":18,"href":"https:\/\/infoimmobilier360.com\/en\/wp-json\/wp\/v2\/pages\/6530\/revisions"}],"predecessor-version":[{"id":7393,"href":"https:\/\/infoimmobilier360.com\/en\/wp-json\/wp\/v2\/pages\/6530\/revisions\/7393"}],"up":[{"embeddable":true,"href":"https:\/\/infoimmobilier360.com\/en\/wp-json\/wp\/v2\/pages\/16"}],"wp:attachment":[{"href":"https:\/\/infoimmobilier360.com\/en\/wp-json\/wp\/v2\/media?parent=6530"}],"curies":[{"name":"wp","href":"https:\/\/api.w.org\/{rel}","templated":true}]}}