{"id":7160,"date":"2024-01-15T21:55:10","date_gmt":"2024-01-16T02:55:10","guid":{"rendered":"http:\/\/localhost\/infoimmobilier360\/?page_id=7160"},"modified":"2024-01-17T11:31:48","modified_gmt":"2024-01-17T16:31:48","slug":"avocat","status":"publish","type":"page","link":"https:\/\/infoimmobilier360.com\/en\/ressources\/avocat\/","title":{"rendered":"Real Estate Lawyers"},"content":{"rendered":"<p>[et_pb_section fb_built=&raquo;1&Prime; admin_label=&raquo;section&raquo; _builder_version=&raquo;4.16&Prime; global_colors_info=&raquo;{}&raquo;][et_pb_row column_structure=&raquo;1_2,1_2&Prime; admin_label=&raquo;row&raquo; _builder_version=&raquo;4.16&Prime; background_size=&raquo;initial&raquo; background_position=&raquo;top_left&raquo; background_repeat=&raquo;repeat&raquo; global_colors_info=&raquo;{}&raquo;][et_pb_column type=&raquo;1_2&Prime; _builder_version=&raquo;4.16&Prime; custom_padding=&raquo;|||&raquo; global_colors_info=&raquo;{}&raquo; custom_padding__hover=&raquo;|||&raquo;][et_pb_heading title=&raquo;AVOCATS EN DROIT IMMOBILIER&raquo; _builder_version=&raquo;4.23.4&Prime; _module_preset=&raquo;default&raquo; title_font=&raquo;Lato|300|||||||&raquo; title_text_color=&raquo;#A4C2A5&Prime; title_line_height=&raquo;0.9em&raquo; custom_padding=&raquo;||0px|||&raquo; global_colors_info=&raquo;{}&raquo;][\/et_pb_heading][et_pb_image src=&raquo;https:\/\/infoimmobilier360.com\/wp-content\/uploads\/2024\/01\/avocat.png&raquo; title_text=&raquo;avocat&raquo; _builder_version=&raquo;4.23.4&Prime; _module_preset=&raquo;default&raquo; global_colors_info=&raquo;{}&raquo;][\/et_pb_image][et_pb_text admin_label=&raquo;Text&raquo; _builder_version=&raquo;4.23.4&Prime; text_font=&raquo;Roboto|300|||||||&raquo; text_font_size=&raquo;17px&raquo; background_size=&raquo;initial&raquo; background_position=&raquo;top_left&raquo; background_repeat=&raquo;repeat&raquo; global_colors_info=&raquo;{}&raquo;]<\/p>\n<p style=\"text-align: justify;\"><span>Droit familial, droit criminel, droit du travail, droit civil, droit de la personne\u2026 L\u2019avocat est une personne cl\u00e9 dans tout secteur. C\u2019est \u00e9galement le cas lorsqu\u2019il en vient au domaine de l\u2019immobilier. Comme ils sont grandement sollicit\u00e9s, plusieurs avocats se sp\u00e9cialisent en immobilier. <\/span>Il s\u2019agit l\u00e0 d\u2019un avocat en droit immobilier<span>. Mais dans quelles circonstances faire affaire avec cet expert?<\/span><span><\/span><\/p>\n<p style=\"text-align: justify;\"><span><\/span><\/p>\n<p style=\"text-align: justify;\"><span>Vous venez de faire l\u2019acquisition d\u2019une propri\u00e9t\u00e9 et y d\u00e9couvrez de nombreux vices cach\u00e9s? Vous avez fait l\u2019acquisition d\u2019une nouvelle construction et l\u2019entrepreneur fait d\u00e9faut \u00e0 son contrat\u2009? Votre voisin ne respecte pas les limitations de votre terrain? <\/span><span><\/span><span>Comme le domaine de l\u2019immobilier est complexe, les affaires litigieuses ne se font pas rares. Copropri\u00e9t\u00e9, servitude, permis de construction, achat, vente, bail commercial, trouble de voisinage, vice cach\u00e9, malfa\u00e7on\u2026 Rien n\u2019est hors de son expertise. Dans cette optique, l\u2019avocat en droit immobilier est le professionnel parfait afin de vous aider \u00e0 naviguer une telle situation.<\/span><\/p>\n<p style=\"text-align: justify;\"><strong>Remplissez le formulaire pour trouver le professionnel que vous cherchez.<\/strong><\/p>\n<p style=\"text-align: justify;\"><span><\/span><\/p>\n<p style=\"text-align: justify;\"><span><\/span><\/p>\n<p>[\/et_pb_text][\/et_pb_column][et_pb_column type=&raquo;1_2&Prime; _builder_version=&raquo;4.16&Prime; custom_padding=&raquo;|||&raquo; global_colors_info=&raquo;{}&raquo; custom_padding__hover=&raquo;|||&raquo;][et_pb_text _builder_version=&raquo;4.23.4&Prime; _module_preset=&raquo;default&raquo; text_font=&raquo;Roboto||||||||&raquo; text_font_size=&raquo;17px&raquo; global_colors_info=&raquo;{}&raquo;]<\/p>\n<p><strong>For more information, fill out the form below<\/strong><\/p>\n<p>[\/et_pb_text][wpforms_selector form_id=&raquo;6823&Prime; _builder_version=&raquo;4.23.4&Prime; _module_preset=&raquo;default&raquo; global_colors_info=&raquo;{}&raquo;][\/wpforms_selector][\/et_pb_column][\/et_pb_row][\/et_pb_section]<\/p>","protected":false},"excerpt":{"rendered":"<p>Droit familial, droit criminel, droit du travail, droit civil, droit de la personne\u2026 L\u2019avocat est une personne cl\u00e9 dans tout secteur. C\u2019est \u00e9galement le cas lorsqu\u2019il en vient au domaine de l\u2019immobilier. Comme ils sont grandement sollicit\u00e9s, plusieurs avocats se sp\u00e9cialisent en immobilier. Il s\u2019agit l\u00e0 d\u2019un avocat en droit immobilier. Mais dans quelles circonstances [&hellip;]<\/p>","protected":false},"author":1,"featured_media":0,"parent":7172,"menu_order":0,"comment_status":"closed","ping_status":"closed","template":"","meta":{"_et_pb_use_builder":"on","_et_pb_old_content":"<!-- wp:divi\/placeholder \/-->","_et_gb_content_width":"","footnotes":""},"_links":{"self":[{"href":"https:\/\/infoimmobilier360.com\/en\/wp-json\/wp\/v2\/pages\/7160"}],"collection":[{"href":"https:\/\/infoimmobilier360.com\/en\/wp-json\/wp\/v2\/pages"}],"about":[{"href":"https:\/\/infoimmobilier360.com\/en\/wp-json\/wp\/v2\/types\/page"}],"author":[{"embeddable":true,"href":"https:\/\/infoimmobilier360.com\/en\/wp-json\/wp\/v2\/users\/1"}],"replies":[{"embeddable":true,"href":"https:\/\/infoimmobilier360.com\/en\/wp-json\/wp\/v2\/comments?post=7160"}],"version-history":[{"count":10,"href":"https:\/\/infoimmobilier360.com\/en\/wp-json\/wp\/v2\/pages\/7160\/revisions"}],"predecessor-version":[{"id":7437,"href":"https:\/\/infoimmobilier360.com\/en\/wp-json\/wp\/v2\/pages\/7160\/revisions\/7437"}],"up":[{"embeddable":true,"href":"https:\/\/infoimmobilier360.com\/en\/wp-json\/wp\/v2\/pages\/7172"}],"wp:attachment":[{"href":"https:\/\/infoimmobilier360.com\/en\/wp-json\/wp\/v2\/media?parent=7160"}],"curies":[{"name":"wp","href":"https:\/\/api.w.org\/{rel}","templated":true}]}}