{"id":7164,"date":"2024-01-15T21:56:24","date_gmt":"2024-01-16T02:56:24","guid":{"rendered":"http:\/\/localhost\/infoimmobilier360\/?page_id=7164"},"modified":"2024-01-17T10:37:38","modified_gmt":"2024-01-17T15:37:38","slug":"courtiers-hypothecaire-2","status":"publish","type":"page","link":"https:\/\/infoimmobilier360.com\/en\/ressources\/courtiers-hypothecaire-2\/","title":{"rendered":"Mortgage Brokers"},"content":{"rendered":"<p>[et_pb_section fb_built=&raquo;1&Prime; _builder_version=&raquo;4.23.4&Prime; _module_preset=&raquo;default&raquo; global_colors_info=&raquo;{}&raquo;][et_pb_row column_structure=&raquo;1_2,1_2&Prime; _builder_version=&raquo;4.23.4&Prime; _module_preset=&raquo;default&raquo; global_colors_info=&raquo;{}&raquo;][et_pb_column type=&raquo;1_2&Prime; _builder_version=&raquo;4.23.4&Prime; _module_preset=&raquo;default&raquo; global_colors_info=&raquo;{}&raquo;][et_pb_heading title=&raquo;COURTIERS HYPOTH\u00c9CAIRES&raquo; _builder_version=&raquo;4.23.4&Prime; _module_preset=&raquo;default&raquo; title_font=&raquo;Lato|300|||||||&raquo; title_text_color=&raquo;#A4C2A5&Prime; title_line_height=&raquo;0.9em&raquo; background_color=&raquo;RGBA(255,255,255,0)&raquo; global_colors_info=&raquo;{}&raquo;][\/et_pb_heading][et_pb_image src=&raquo;https:\/\/infoimmobilier360.com\/wp-content\/uploads\/2024\/01\/Courtiers-hyothecaires.png&raquo; title_text=&raquo;Courtiers hyoth\u00e9caires&raquo; _builder_version=&raquo;4.23.4&Prime; _module_preset=&raquo;default&raquo; hover_enabled=&raquo;0&Prime; global_colors_info=&raquo;{}&raquo; sticky_enabled=&raquo;0&Prime;][\/et_pb_image][et_pb_text _builder_version=&raquo;4.23.4&Prime; _module_preset=&raquo;default&raquo; text_font=&raquo;Roboto|300|||||||&raquo; text_font_size=&raquo;17px&raquo; global_colors_info=&raquo;{}&raquo;]<\/p>\n<p style=\"text-align: justify;\"><span>Le r\u00f4le d&rsquo;un courtier hypoth\u00e9caire ind\u00e9pendant est de n\u00e9gocier, pour vous, les meilleures conditions d&#8217;emprunt en tenant compte de votre situation. C&rsquo;est un sp\u00e9cialiste qui n&rsquo;est rattach\u00e9 \u00e0 aucune institution financi\u00e8re ou pr\u00eateur priv\u00e9 en particulier. Il a acc\u00e8s \u00e0 un \u00e9ventail de ressources et institutions pr\u00eateuses de m\u00eame qu&rsquo;\u00e0 des taux hypoth\u00e9caires tr\u00e8s comp\u00e9titifs. Dans le contexte o\u00f9 l&rsquo;achat d&rsquo;une propri\u00e9t\u00e9 constitue votre principal investissement, c&rsquo;est votre atout indispensable pour planifier la meilleure strat\u00e9gie financi\u00e8re en fonction de votre r\u00e9alit\u00e9.<\/span><\/p>\n<p style=\"text-align: justify;\"><span><\/span><\/p>\n<p style=\"text-align: justify;\"><strong>Remplissez le formulaire pour trouver le professionnel que vous cherchez.<\/strong><\/p>\n<p>[\/et_pb_text][\/et_pb_column][et_pb_column type=&raquo;1_2&Prime; _builder_version=&raquo;4.23.4&Prime; _module_preset=&raquo;default&raquo; global_colors_info=&raquo;{}&raquo;][et_pb_heading title=&raquo;Pour obtenir plus de renseignements, remplissez ce formulaire:&raquo; _builder_version=&raquo;4.23.4&Prime; _module_preset=&raquo;default&raquo; title_font=&raquo;Roboto||||||||&raquo; title_font_size=&raquo;17px&raquo; global_colors_info=&raquo;{}&raquo;][\/et_pb_heading][wpforms_selector form_id=&raquo;6823&Prime; _builder_version=&raquo;4.23.4&Prime; _module_preset=&raquo;default&raquo; custom_padding=&raquo;0px|||||&raquo; global_colors_info=&raquo;{}&raquo;][\/wpforms_selector][\/et_pb_column][\/et_pb_row][\/et_pb_section]<\/p>","protected":false},"excerpt":{"rendered":"<p>Le r\u00f4le d&rsquo;un courtier hypoth\u00e9caire ind\u00e9pendant est de n\u00e9gocier, pour vous, les meilleures conditions d&#8217;emprunt en tenant compte de votre situation. C&rsquo;est un sp\u00e9cialiste qui n&rsquo;est rattach\u00e9 \u00e0 aucune institution financi\u00e8re ou pr\u00eateur priv\u00e9 en particulier. Il a acc\u00e8s \u00e0 un \u00e9ventail de ressources et institutions pr\u00eateuses de m\u00eame qu&rsquo;\u00e0 des taux hypoth\u00e9caires tr\u00e8s comp\u00e9titifs. [&hellip;]<\/p>","protected":false},"author":1,"featured_media":0,"parent":7172,"menu_order":0,"comment_status":"closed","ping_status":"closed","template":"","meta":{"_et_pb_use_builder":"on","_et_pb_old_content":"<!-- wp:divi\/placeholder \/-->","_et_gb_content_width":"","footnotes":""},"_links":{"self":[{"href":"https:\/\/infoimmobilier360.com\/en\/wp-json\/wp\/v2\/pages\/7164"}],"collection":[{"href":"https:\/\/infoimmobilier360.com\/en\/wp-json\/wp\/v2\/pages"}],"about":[{"href":"https:\/\/infoimmobilier360.com\/en\/wp-json\/wp\/v2\/types\/page"}],"author":[{"embeddable":true,"href":"https:\/\/infoimmobilier360.com\/en\/wp-json\/wp\/v2\/users\/1"}],"replies":[{"embeddable":true,"href":"https:\/\/infoimmobilier360.com\/en\/wp-json\/wp\/v2\/comments?post=7164"}],"version-history":[{"count":8,"href":"https:\/\/infoimmobilier360.com\/en\/wp-json\/wp\/v2\/pages\/7164\/revisions"}],"predecessor-version":[{"id":7423,"href":"https:\/\/infoimmobilier360.com\/en\/wp-json\/wp\/v2\/pages\/7164\/revisions\/7423"}],"up":[{"embeddable":true,"href":"https:\/\/infoimmobilier360.com\/en\/wp-json\/wp\/v2\/pages\/7172"}],"wp:attachment":[{"href":"https:\/\/infoimmobilier360.com\/en\/wp-json\/wp\/v2\/media?parent=7164"}],"curies":[{"name":"wp","href":"https:\/\/api.w.org\/{rel}","templated":true}]}}