{"id":7166,"date":"2024-01-15T21:57:07","date_gmt":"2024-01-16T02:57:07","guid":{"rendered":"http:\/\/localhost\/infoimmobilier360\/?page_id=7166"},"modified":"2024-01-17T11:15:39","modified_gmt":"2024-01-17T16:15:39","slug":"notaires","status":"publish","type":"page","link":"https:\/\/infoimmobilier360.com\/en\/ressources\/notaires\/","title":{"rendered":"Notaries"},"content":{"rendered":"[et_pb_section fb_built=&raquo;1&Prime; admin_label=&raquo;section&raquo; _builder_version=&raquo;4.16&Prime; global_colors_info=&raquo;{}&raquo;][et_pb_row column_structure=&raquo;1_2,1_2&Prime; admin_label=&raquo;row&raquo; _builder_version=&raquo;4.16&Prime; background_size=&raquo;initial&raquo; background_position=&raquo;top_left&raquo; background_repeat=&raquo;repeat&raquo; global_colors_info=&raquo;{}&raquo;][et_pb_column type=&raquo;1_2&Prime; _builder_version=&raquo;4.16&Prime; custom_padding=&raquo;|||&raquo; global_colors_info=&raquo;{}&raquo; custom_padding__hover=&raquo;|||&raquo;][et_pb_heading title=&raquo;NOTAIRES&raquo; _builder_version=&raquo;4.23.4&Prime; _module_preset=&raquo;default&raquo; title_font=&raquo;Lato|300|||||||&raquo; title_text_color=&raquo;#A4C2A5&Prime; title_line_height=&raquo;0.9em&raquo; custom_padding=&raquo;||0px|||&raquo; global_colors_info=&raquo;{}&raquo;][\/et_pb_heading][et_pb_image src=&raquo;https:\/\/infoimmobilier360.com\/wp-content\/uploads\/2024\/01\/Notaires.png&raquo; title_text=&raquo;Notaires&raquo; _builder_version=&raquo;4.23.4&Prime; _module_preset=&raquo;default&raquo; global_colors_info=&raquo;{}&raquo;][\/et_pb_image][et_pb_text admin_label=&raquo;Text&raquo; _builder_version=&raquo;4.23.4&Prime; text_font=&raquo;Roboto|300|||||||&raquo; text_font_size=&raquo;17px&raquo; background_size=&raquo;initial&raquo; background_position=&raquo;top_left&raquo; background_repeat=&raquo;repeat&raquo; global_colors_info=&raquo;{}&raquo;]<p style=\"text-align: justify;\"><span>Alors que plusieurs croient que le notaire a pour unique fonction de faire signer les diff\u00e9rents documents lors de la transaction d\u2019une propri\u00e9t\u00e9, il n\u2019en est rien. Son travail est bien plus diversifi\u00e9. Son intervention, obligatoire au Qu\u00e9bec, permet non seulement de prot\u00e9ger votre patrimoine, mais aussi vos droits.<\/span><\/p>\n<p style=\"text-align: justify;\"><span>Le notaire agit principalement de mani\u00e8re pr\u00e9ventive, pour assurer la s\u00e9curit\u00e9 juridique et financi\u00e8re de ses clients lors de la transaction d\u2019un bien immobilier. Dans quelques situations, il peut aussi agir \u00e0 titre de m\u00e9diateur pour r\u00e9gler un conflit entre deux parties, dans le cas d\u2019une querelle de voisinage ou d\u2019un divorce par exemple.<\/span><span><\/span><\/p>\n<p style=\"text-align: justify;\">Il peut ainsi vous renseigner et vous conseiller, \u00e0 titre d\u2019expert impartial, sur plusieurs aspects li\u00e9s \u00e0 la vente ou l\u2019achat d\u2019une habitation, tels que\u2009:<\/p>\n<ul style=\"text-align: justify;\">\n<li>Les clauses et les\u00a0conditions \u00e0 inclure \u00e0 l\u2019offre d\u2019achat\u2009;<\/li>\n<li>L\u2019importance de v\u00e9rifier le<span>\u00a0<\/span>certificat de localisation\u2009;<\/li>\n<li>Les pr\u00e9cautions \u00e0 prendre lors de l\u2019achat d\u2019une<span>\u00a0<\/span>propri\u00e9t\u00e9 en indivision\u2009;<\/li>\n<li>L\u2019importance de v\u00e9rifier la<span>\u00a0<\/span>d\u00e9claration de copropri\u00e9t\u00e9<span>\u00a0<\/span>avant d\u2019acqu\u00e9rir un condo\u2009;<\/li>\n<li>Les diff\u00e9rentes formes de financement possible\u2009;<\/li>\n<li>Les implications l\u00e9gales des divers documents<\/li>\n<\/ul>\n<p style=\"text-align: justify;\"><span><\/span><\/p>\n<p style=\"text-align: justify;\"><strong>Remplissez le formulaire pour trouver le professionnel que vous cherchez.<\/strong><\/p>[\/et_pb_text][\/et_pb_column][et_pb_column type=&raquo;1_2&Prime; _builder_version=&raquo;4.16&Prime; custom_padding=&raquo;|||&raquo; global_colors_info=&raquo;{}&raquo; custom_padding__hover=&raquo;|||&raquo;][et_pb_text _builder_version=&raquo;4.23.4&Prime; _module_preset=&raquo;default&raquo; text_font=&raquo;Roboto||||||||&raquo; text_font_size=&raquo;17px&raquo; global_colors_info=&raquo;{}&raquo;]<p><strong>For more information, fill out the form below<\/strong><\/p>[\/et_pb_text][wpforms_selector form_id=&raquo;6823&Prime; _builder_version=&raquo;4.23.4&Prime; _module_preset=&raquo;default&raquo; global_colors_info=&raquo;{}&raquo;][\/wpforms_selector][\/et_pb_column][\/et_pb_row][\/et_pb_section]","protected":false},"excerpt":{"rendered":"<p>Alors que plusieurs croient que le notaire a pour unique fonction de faire signer les diff\u00e9rents documents lors de la transaction d\u2019une propri\u00e9t\u00e9, il n\u2019en est rien. Son travail est bien plus diversifi\u00e9. Son intervention, obligatoire au Qu\u00e9bec, permet non seulement de prot\u00e9ger votre patrimoine, mais aussi vos droits. Le notaire agit principalement de mani\u00e8re [&hellip;]<\/p>","protected":false},"author":1,"featured_media":0,"parent":7172,"menu_order":0,"comment_status":"closed","ping_status":"closed","template":"","meta":{"_et_pb_use_builder":"on","_et_pb_old_content":"<!-- wp:divi\/placeholder \/-->","_et_gb_content_width":"","footnotes":""},"_links":{"self":[{"href":"https:\/\/infoimmobilier360.com\/en\/wp-json\/wp\/v2\/pages\/7166"}],"collection":[{"href":"https:\/\/infoimmobilier360.com\/en\/wp-json\/wp\/v2\/pages"}],"about":[{"href":"https:\/\/infoimmobilier360.com\/en\/wp-json\/wp\/v2\/types\/page"}],"author":[{"embeddable":true,"href":"https:\/\/infoimmobilier360.com\/en\/wp-json\/wp\/v2\/users\/1"}],"replies":[{"embeddable":true,"href":"https:\/\/infoimmobilier360.com\/en\/wp-json\/wp\/v2\/comments?post=7166"}],"version-history":[{"count":10,"href":"https:\/\/infoimmobilier360.com\/en\/wp-json\/wp\/v2\/pages\/7166\/revisions"}],"predecessor-version":[{"id":7434,"href":"https:\/\/infoimmobilier360.com\/en\/wp-json\/wp\/v2\/pages\/7166\/revisions\/7434"}],"up":[{"embeddable":true,"href":"https:\/\/infoimmobilier360.com\/en\/wp-json\/wp\/v2\/pages\/7172"}],"wp:attachment":[{"href":"https:\/\/infoimmobilier360.com\/en\/wp-json\/wp\/v2\/media?parent=7166"}],"curies":[{"name":"wp","href":"https:\/\/api.w.org\/{rel}","templated":true}]}}