{"id":7168,"date":"2024-01-15T21:57:34","date_gmt":"2024-01-16T02:57:34","guid":{"rendered":"http:\/\/localhost\/infoimmobilier360\/?page_id=7168"},"modified":"2024-01-17T10:53:56","modified_gmt":"2024-01-17T15:53:56","slug":"demenagement","status":"publish","type":"page","link":"https:\/\/infoimmobilier360.com\/en\/ressources\/demenagement\/","title":{"rendered":"Moving companies"},"content":{"rendered":"<p>[et_pb_section fb_built=&raquo;1&Prime; admin_label=&raquo;section&raquo; _builder_version=&raquo;4.16&Prime; global_colors_info=&raquo;{}&raquo;][et_pb_row column_structure=&raquo;1_2,1_2&Prime; admin_label=&raquo;row&raquo; _builder_version=&raquo;4.16&Prime; background_size=&raquo;initial&raquo; background_position=&raquo;top_left&raquo; background_repeat=&raquo;repeat&raquo; global_colors_info=&raquo;{}&raquo;][et_pb_column type=&raquo;1_2&Prime; _builder_version=&raquo;4.16&Prime; custom_padding=&raquo;|||&raquo; global_colors_info=&raquo;{}&raquo; custom_padding__hover=&raquo;|||&raquo;][et_pb_heading title=&raquo;COMPAGNIES DE D\u00c9M\u00c9NAGEMENT&raquo; _builder_version=&raquo;4.23.4&Prime; _module_preset=&raquo;default&raquo; title_font=&raquo;Lato|300|||||||&raquo; title_text_color=&raquo;#A4C2A5&Prime; title_line_height=&raquo;0.9em&raquo; custom_padding=&raquo;||0px|||&raquo; global_colors_info=&raquo;{}&raquo;][\/et_pb_heading][et_pb_image src=&raquo;https:\/\/infoimmobilier360.com\/wp-content\/uploads\/2024\/01\/demenageurs.png&raquo; title_text=&raquo;d\u00e9m\u00e9nageurs&raquo; _builder_version=&raquo;4.23.4&Prime; _module_preset=&raquo;default&raquo; global_colors_info=&raquo;{}&raquo;][\/et_pb_image][et_pb_text admin_label=&raquo;Text&raquo; _builder_version=&raquo;4.23.4&Prime; text_font=&raquo;Roboto|300|||||||&raquo; text_font_size=&raquo;17px&raquo; background_size=&raquo;initial&raquo; background_position=&raquo;top_left&raquo; background_repeat=&raquo;repeat&raquo; global_colors_info=&raquo;{}&raquo;]<\/p>\n<p style=\"text-align: justify;\">Le choix d\u2019un d\u00e9m\u00e9nageur est avant tout une d\u00e9cision personnelle. Toutefois, il est g\u00e9n\u00e9ralement recommand\u00e9 de faire affaire avec une compagnie r\u00e9put\u00e9e<span>\u00a0<\/span>dans votre r\u00e9gion. Pourquoi? Tout simplement parce qu\u2019une entreprise connue et bien \u00e9tablie comporte moins de risque pour le client.<\/p>\n<p style=\"text-align: justify;\">Un individu vous annonce dans une publication sur les r\u00e9seaux sociaux qu\u2019il peut vous d\u00e9m\u00e9nager rapidement et \u00e0 moindres frais? Vous avez seulement un num\u00e9ro de t\u00e9l\u00e9phone ou une adresse courriel pour le rejoindre? M\u00e9fiez-vous! Il pourrait s\u2019agir d\u2019une arnaque. Et m\u00eame si ce n\u2019est pas le cas, il est peu probable que cette personne dispose de l\u2019\u00e9quipement et des assurances n\u00e9cessaires.<\/p>\n<p style=\"text-align: justify;\">Contrairement \u00e0 ce que vous pouvez croire, les d\u00e9m\u00e9nagements qui se transforment en cauchemar n\u2019arrivent pas qu\u2019aux autres. Mieux vaut \u00eatre prudent et ne pas prendre de risque inutile. Privil\u00e9giez donc un d\u00e9m\u00e9nageur reconnu, que ce soit une grande banni\u00e8re ou une entreprise locale.<\/p>\n<p style=\"text-align: justify;\"><strong>Remplissez le formulaire pour trouver le professionnel que vous cherchez.<\/strong><\/p>\n<p>[\/et_pb_text][\/et_pb_column][et_pb_column type=&raquo;1_2&Prime; _builder_version=&raquo;4.16&Prime; custom_padding=&raquo;|||&raquo; global_colors_info=&raquo;{}&raquo; custom_padding__hover=&raquo;|||&raquo;][et_pb_text _builder_version=&raquo;4.23.4&Prime; _module_preset=&raquo;default&raquo; text_font=&raquo;Roboto||||||||&raquo; text_font_size=&raquo;17px&raquo; global_colors_info=&raquo;{}&raquo;]<\/p>\n<p><strong>For more information, fill out the form below<\/strong><\/p>\n<p>[\/et_pb_text][wpforms_selector form_id=&raquo;6823&Prime; _builder_version=&raquo;4.23.4&Prime; _module_preset=&raquo;default&raquo; global_colors_info=&raquo;{}&raquo;][\/wpforms_selector][\/et_pb_column][\/et_pb_row][\/et_pb_section]<\/p>","protected":false},"excerpt":{"rendered":"<p>Le choix d\u2019un d\u00e9m\u00e9nageur est avant tout une d\u00e9cision personnelle. Toutefois, il est g\u00e9n\u00e9ralement recommand\u00e9 de faire affaire avec une compagnie r\u00e9put\u00e9e\u00a0dans votre r\u00e9gion. Pourquoi? Tout simplement parce qu\u2019une entreprise connue et bien \u00e9tablie comporte moins de risque pour le client. Un individu vous annonce dans une publication sur les r\u00e9seaux sociaux qu\u2019il peut vous [&hellip;]<\/p>","protected":false},"author":1,"featured_media":0,"parent":7172,"menu_order":0,"comment_status":"closed","ping_status":"closed","template":"","meta":{"_et_pb_use_builder":"on","_et_pb_old_content":"<!-- wp:divi\/placeholder \/-->","_et_gb_content_width":"","footnotes":""},"_links":{"self":[{"href":"https:\/\/infoimmobilier360.com\/en\/wp-json\/wp\/v2\/pages\/7168"}],"collection":[{"href":"https:\/\/infoimmobilier360.com\/en\/wp-json\/wp\/v2\/pages"}],"about":[{"href":"https:\/\/infoimmobilier360.com\/en\/wp-json\/wp\/v2\/types\/page"}],"author":[{"embeddable":true,"href":"https:\/\/infoimmobilier360.com\/en\/wp-json\/wp\/v2\/users\/1"}],"replies":[{"embeddable":true,"href":"https:\/\/infoimmobilier360.com\/en\/wp-json\/wp\/v2\/comments?post=7168"}],"version-history":[{"count":7,"href":"https:\/\/infoimmobilier360.com\/en\/wp-json\/wp\/v2\/pages\/7168\/revisions"}],"predecessor-version":[{"id":7429,"href":"https:\/\/infoimmobilier360.com\/en\/wp-json\/wp\/v2\/pages\/7168\/revisions\/7429"}],"up":[{"embeddable":true,"href":"https:\/\/infoimmobilier360.com\/en\/wp-json\/wp\/v2\/pages\/7172"}],"wp:attachment":[{"href":"https:\/\/infoimmobilier360.com\/en\/wp-json\/wp\/v2\/media?parent=7168"}],"curies":[{"name":"wp","href":"https:\/\/api.w.org\/{rel}","templated":true}]}}