{"id":7209,"date":"2024-01-16T00:00:25","date_gmt":"2024-01-16T05:00:25","guid":{"rendered":"http:\/\/localhost\/infoimmobilier360\/?page_id=7209"},"modified":"2024-02-01T00:38:51","modified_gmt":"2024-02-01T05:38:51","slug":"terr-599","status":"publish","type":"page","link":"https:\/\/infoimmobilier360.com\/en\/acheter\/terr-599\/","title":{"rendered":"Houses for sale in Terrebonne for less than 599k"},"content":{"rendered":"<p>[et_pb_section fb_built=&raquo;1&Prime; _builder_version=&raquo;4.23.4&Prime; _module_preset=&raquo;default&raquo; global_colors_info=&raquo;{}&raquo;][et_pb_row column_structure=&raquo;1_2,1_2&Prime; _builder_version=&raquo;4.23.4&Prime; _module_preset=&raquo;default&raquo; global_colors_info=&raquo;{}&raquo;][et_pb_column type=&raquo;1_2&Prime; _builder_version=&raquo;4.23.4&Prime; _module_preset=&raquo;default&raquo; global_colors_info=&raquo;{}&raquo;][et_pb_heading title=&raquo;LISTE GRATUITE DES PROPRI\u00c9T\u00c9S \u00c0 VENDRE \u00c0 TERREBONNE POUR MOINS DE 599 000$ !&raquo; _builder_version=&raquo;4.24.0&Prime; _module_preset=&raquo;default&raquo; title_font=&raquo;Lato|300|||||||&raquo; title_text_color=&raquo;#A4C2A5&Prime; title_line_height=&raquo;0.9em&raquo; background_color=&raquo;RGBA(255,255,255,0)&raquo; global_colors_info=&raquo;{}&raquo;][\/et_pb_heading][et_pb_text _builder_version=&raquo;4.24.0&Prime; _module_preset=&raquo;default&raquo; text_font=&raquo;Roboto|300|||||||&raquo; text_font_size=&raquo;17px&raquo; global_colors_info=&raquo;{}&raquo;]<\/p>\n<p style=\"text-align: justify;\">Get the free list of homes for sale in Terrebonne for less than $599,000. The list includes photos, the full address of the property as well as the sale price.<\/p>\n<p style=\"text-align: justify;\">Complete the form to obtain priority access to all corresponding properties including bank foreclosures and properties from all real estate companies.<\/p>\n<p style=\"text-align: justify;\"><strong>Complete the form to receive your FREE list.<\/strong><\/p>\n<p>[\/et_pb_text][\/et_pb_column][et_pb_column type=&raquo;1_2&Prime; _builder_version=&raquo;4.23.4&Prime; _module_preset=&raquo;default&raquo; global_colors_info=&raquo;{}&raquo;][et_pb_heading title=&raquo;Pour obtenir plus de renseignements, remplissez ce formulaire:&raquo; _builder_version=&raquo;4.23.4&Prime; _module_preset=&raquo;default&raquo; title_font=&raquo;Roboto||||||||&raquo; title_font_size=&raquo;17px&raquo; global_colors_info=&raquo;{}&raquo;][\/et_pb_heading][wpforms_selector form_id=&raquo;6823&Prime; _builder_version=&raquo;4.23.4&Prime; _module_preset=&raquo;default&raquo; custom_padding=&raquo;0px|||||&raquo; global_colors_info=&raquo;{}&raquo;][\/wpforms_selector][\/et_pb_column][\/et_pb_row][\/et_pb_section]<\/p>","protected":false},"excerpt":{"rendered":"<p>Obtenez la liste gratuite des propri\u00e9t\u00e9s \u00e0 vendre \u00e0 Terrebonne pour moins de 599 000$. La liste inclut les photos, l&rsquo;adresse compl\u00e8te de la propri\u00e9t\u00e9 ainsi que le prix de vente. Compl\u00e9tez le formulaire pour obtenir un acc\u00e8s prioritaire \u00e0 toutes les propri\u00e9t\u00e9s correspondantes y compris les reprises de finances, et les propri\u00e9t\u00e9s des autres [&hellip;]<\/p>","protected":false},"author":1,"featured_media":0,"parent":15,"menu_order":0,"comment_status":"closed","ping_status":"closed","template":"","meta":{"_et_pb_use_builder":"on","_et_pb_old_content":"<!-- wp:divi\/placeholder \/-->","_et_gb_content_width":"","footnotes":""},"_links":{"self":[{"href":"https:\/\/infoimmobilier360.com\/en\/wp-json\/wp\/v2\/pages\/7209"}],"collection":[{"href":"https:\/\/infoimmobilier360.com\/en\/wp-json\/wp\/v2\/pages"}],"about":[{"href":"https:\/\/infoimmobilier360.com\/en\/wp-json\/wp\/v2\/types\/page"}],"author":[{"embeddable":true,"href":"https:\/\/infoimmobilier360.com\/en\/wp-json\/wp\/v2\/users\/1"}],"replies":[{"embeddable":true,"href":"https:\/\/infoimmobilier360.com\/en\/wp-json\/wp\/v2\/comments?post=7209"}],"version-history":[{"count":8,"href":"https:\/\/infoimmobilier360.com\/en\/wp-json\/wp\/v2\/pages\/7209\/revisions"}],"predecessor-version":[{"id":7469,"href":"https:\/\/infoimmobilier360.com\/en\/wp-json\/wp\/v2\/pages\/7209\/revisions\/7469"}],"up":[{"embeddable":true,"href":"https:\/\/infoimmobilier360.com\/en\/wp-json\/wp\/v2\/pages\/15"}],"wp:attachment":[{"href":"https:\/\/infoimmobilier360.com\/en\/wp-json\/wp\/v2\/media?parent=7209"}],"curies":[{"name":"wp","href":"https:\/\/api.w.org\/{rel}","templated":true}]}}