{"id":7214,"date":"2024-01-16T00:02:49","date_gmt":"2024-01-16T05:02:49","guid":{"rendered":"http:\/\/localhost\/infoimmobilier360\/?page_id=7214"},"modified":"2024-02-01T00:25:24","modified_gmt":"2024-02-01T05:25:24","slug":"rive-nord-550","status":"publish","type":"page","link":"https:\/\/infoimmobilier360.com\/en\/acheter\/rive-nord-550\/","title":{"rendered":"Houses for sale on the North Shore for less than 550k"},"content":{"rendered":"<p>[et_pb_section fb_built=&raquo;1&Prime; _builder_version=&raquo;4.23.4&Prime; _module_preset=&raquo;default&raquo; global_colors_info=&raquo;{}&raquo;][et_pb_row column_structure=&raquo;1_2,1_2&Prime; _builder_version=&raquo;4.23.4&Prime; _module_preset=&raquo;default&raquo; global_colors_info=&raquo;{}&raquo;][et_pb_column type=&raquo;1_2&Prime; _builder_version=&raquo;4.23.4&Prime; _module_preset=&raquo;default&raquo; global_colors_info=&raquo;{}&raquo;][et_pb_heading title=&raquo;LISTE GRATUITE DES PROPRI\u00c9T\u00c9S \u00c0 VENDRE SUR LA RIVE-NORD POUR MOINS DE 550 000$ !&raquo; _builder_version=&raquo;4.24.0&Prime; _module_preset=&raquo;default&raquo; title_font=&raquo;Lato|300|||||||&raquo; title_text_color=&raquo;#A4C2A5&Prime; title_line_height=&raquo;0.9em&raquo; background_color=&raquo;RGBA(255,255,255,0)&raquo; global_colors_info=&raquo;{}&raquo;][\/et_pb_heading][et_pb_text _builder_version=&raquo;4.23.4&Prime; _module_preset=&raquo;default&raquo; text_font=&raquo;Roboto|300|||||||&raquo; text_font_size=&raquo;17px&raquo; global_colors_info=&raquo;{}&raquo;]<\/p>\n<p style=\"text-align: justify;\">Get the free list of homes for sale on the North Shore for less than $550,000. The list includes photos, the full address of the property as well as the sale price.<\/p>\n<p style=\"text-align: justify;\">Complete the form to obtain priority access to all corresponding properties including bank foreclosures and properties from all real estate companies.<\/p>\n<p style=\"text-align: justify;\"><strong>Complete the form to receive your FREE list.<\/strong><\/p>\n<p>[\/et_pb_text][\/et_pb_column][et_pb_column type=&raquo;1_2&Prime; _builder_version=&raquo;4.23.4&Prime; _module_preset=&raquo;default&raquo; global_colors_info=&raquo;{}&raquo;][et_pb_heading title=&raquo;Pour obtenir plus de renseignements, remplissez ce formulaire:&raquo; _builder_version=&raquo;4.23.4&Prime; _module_preset=&raquo;default&raquo; title_font=&raquo;Roboto||||||||&raquo; title_font_size=&raquo;17px&raquo; global_colors_info=&raquo;{}&raquo;][\/et_pb_heading][wpforms_selector form_id=&raquo;6823&Prime; _builder_version=&raquo;4.23.4&Prime; _module_preset=&raquo;default&raquo; custom_padding=&raquo;0px|||||&raquo; global_colors_info=&raquo;{}&raquo;][\/wpforms_selector][\/et_pb_column][\/et_pb_row][\/et_pb_section][et_pb_section fb_built=&raquo;1&Prime; admin_label=&raquo;Contact Form &#038; Map&raquo; _builder_version=&raquo;4.23.4&Prime; _module_preset=&raquo;default&raquo; background_color=&raquo;gcid-b0afb9e7-00cb-4a3b-9bdf-e3137e7083ae&raquo; custom_padding=&raquo;0px|||||&raquo; collapsed=&raquo;on&raquo; global_colors_info=&raquo;{%22gcid-b0afb9e7-00cb-4a3b-9bdf-e3137e7083ae%22:%91%22background_color%22%93}&raquo;][et_pb_row _builder_version=&raquo;4.23.1&Prime; _module_preset=&raquo;default&raquo; global_colors_info=&raquo;{}&raquo;][et_pb_column type=&raquo;4_4&Prime; _builder_version=&raquo;4.23.1&Prime; _module_preset=&raquo;default&raquo; global_colors_info=&raquo;{}&raquo;][et_pb_text _builder_version=&raquo;4.23.4&Prime; _module_preset=&raquo;default&raquo; text_font=&raquo;Roboto|300|||||||&raquo; header_font=&raquo;Roboto|300|||||||&raquo; header_font_size=&raquo;20px&raquo; global_colors_info=&raquo;{}&raquo;]<\/p>\n<p style=\"text-align: center;\">Free information provided by:<\/p>\n<p style=\"text-align: center;\">Sasha Mc Innis - Real Estate Broker<\/p>\n<p style=\"text-align: center;\">Nous Vendons Votre Maison - Real Estate Agency<\/p>\n<p>[\/et_pb_text][\/et_pb_column][\/et_pb_row][et_pb_row column_structure=&raquo;1_3,1_3,1_3&Prime; _builder_version=&raquo;4.23.1&Prime; _module_preset=&raquo;default&raquo; global_colors_info=&raquo;{}&raquo;][et_pb_column type=&raquo;1_3&Prime; _builder_version=&raquo;4.22.0&Prime; _module_preset=&raquo;default&raquo; global_colors_info=&raquo;{}&raquo;][et_pb_blurb title=&raquo;Adresse&raquo; use_icon=&raquo;on&raquo; font_icon=&raquo;&#xe081;||divi||400&Prime; image_icon_width=&raquo;9px&raquo; _builder_version=&raquo;4.23.4&Prime; _module_preset=&raquo;18cfa247-231d-48ab-912a-5d1c9502083f&raquo; header_font_size=&raquo;14px&raquo; body_font_size=&raquo;14px&raquo; body_link_text_color=&raquo;gcid-f8a81bcb-7a6c-4824-875d-1e4bcf05cdd1&Prime; locked=&raquo;off&raquo; global_colors_info=&raquo;{%22gcid-f8a81bcb-7a6c-4824-875d-1e4bcf05cdd1%22:%91%22body_link_text_color%22%93}&raquo;]<\/p>\n<p>11800 rue de l&rsquo;Avenir # 104, Mirabel (Qu\u00e9bec) J7J 1R4<\/p>\n<p>[\/et_pb_blurb][\/et_pb_column][et_pb_column type=&raquo;1_3&Prime; _builder_version=&raquo;4.22.0&Prime; _module_preset=&raquo;default&raquo; global_colors_info=&raquo;{}&raquo;][et_pb_blurb title=&raquo;T\u00e9l\u00e9phone&raquo; use_icon=&raquo;on&raquo; font_icon=&raquo;&#xe090;||divi||400&Prime; image_icon_width=&raquo;9px&raquo; _builder_version=&raquo;4.23.4&Prime; _module_preset=&raquo;18cfa247-231d-48ab-912a-5d1c9502083f&raquo; header_font_size=&raquo;14px&raquo; body_font_size=&raquo;14px&raquo; body_link_text_color=&raquo;gcid-f8a81bcb-7a6c-4824-875d-1e4bcf05cdd1&Prime; locked=&raquo;off&raquo; global_colors_info=&raquo;{%22gcid-f8a81bcb-7a6c-4824-875d-1e4bcf05cdd1%22:%91%22body_link_text_color%22%93}&raquo;]<\/p>\n<p>(514) 995-0067<\/p>\n<p>[\/et_pb_blurb][\/et_pb_column][et_pb_column type=&raquo;1_3&Prime; _builder_version=&raquo;4.22.0&Prime; _module_preset=&raquo;default&raquo; global_colors_info=&raquo;{}&raquo;][et_pb_blurb title=&raquo;Courriel&raquo; use_icon=&raquo;on&raquo; font_icon=&raquo;&#xe076;||divi||400&Prime; image_icon_width=&raquo;9px&raquo; _builder_version=&raquo;4.23.4&Prime; _module_preset=&raquo;18cfa247-231d-48ab-912a-5d1c9502083f&raquo; header_font_size=&raquo;14px&raquo; body_font_size=&raquo;14px&raquo; body_link_text_color=&raquo;gcid-f8a81bcb-7a6c-4824-875d-1e4bcf05cdd1&Prime; locked=&raquo;off&raquo; global_colors_info=&raquo;{%22gcid-f8a81bcb-7a6c-4824-875d-1e4bcf05cdd1%22:%91%22body_link_text_color%22%93}&raquo;]<\/p>\n<p>sasha@mcinnis.com<\/p>\n<p>[\/et_pb_blurb][\/et_pb_column][\/et_pb_row][et_pb_row _builder_version=&raquo;4.22.0&Prime; _module_preset=&raquo;default&raquo; global_colors_info=&raquo;{}&raquo;][et_pb_column type=&raquo;4_4&Prime; _builder_version=&raquo;4.22.0&Prime; _module_preset=&raquo;default&raquo; global_colors_info=&raquo;{}&raquo;][et_pb_social_media_follow _builder_version=&raquo;4.23.4&Prime; _module_preset=&raquo;default&raquo; text_orientation=&raquo;center&raquo; global_colors_info=&raquo;{}&raquo;][et_pb_social_media_follow_network social_network=&raquo;facebook&raquo; url=&raquo;http:\/\/www.facebook.com\/infoimmobilier360&Prime; _builder_version=&raquo;4.23.4&Prime; _module_preset=&raquo;default&raquo; background_color=&raquo;#3b5998&Prime; global_colors_info=&raquo;{}&raquo; follow_button=&raquo;off&raquo; url_new_window=&raquo;on&raquo;]facebook[\/et_pb_social_media_follow_network][et_pb_social_media_follow_network social_network=&raquo;instagram&raquo; url=&raquo;http:\/\/www.instagram.com\/infoimmobilier360&Prime; _builder_version=&raquo;4.23.4&Prime; _module_preset=&raquo;default&raquo; background_color=&raquo;#ea2c59&Prime; global_colors_info=&raquo;{}&raquo; follow_button=&raquo;off&raquo; url_new_window=&raquo;on&raquo;]instagram[\/et_pb_social_media_follow_network][\/et_pb_social_media_follow][et_pb_text _builder_version=&raquo;4.23.4&Prime; _module_preset=&raquo;bc4ed052-525d-4412-8ea6-f4bd3a203f12&Prime; text_font=&raquo;Roboto||||||||&raquo; text_text_color=&raquo;#292F36&Prime; text_font_size=&raquo;14px&raquo; header_text_color=&raquo;#292F36&Prime; text_orientation=&raquo;center&raquo; link_option_url=&raquo;#politique-dutilisation-et-confidentialite&raquo; link_option_url_new_window=&raquo;on&raquo; global_colors_info=&raquo;{}&raquo;]<\/p>\n<p><a href=\"https:\/\/infoimmobilier360.com\/en\/politique-dutilisation-et-confidentialite\/\">Usage and privacy policy<\/a><\/p>\n<p>[\/et_pb_text][et_pb_text _builder_version=&raquo;4.23.4&Prime; _dynamic_attributes=&raquo;content&raquo; _module_preset=&raquo;bc4ed052-525d-4412-8ea6-f4bd3a203f12&Prime; text_text_color=&raquo;#292F36&Prime; text_font_size=&raquo;11px&raquo; header_text_color=&raquo;#292F36&Prime; text_orientation=&raquo;center&raquo; global_colors_info=&raquo;{}&raquo;]@ET-DC@eyJkeW5hbWljIjp0cnVlLCJjb250ZW50IjoiY3VycmVudF9kYXRlIiwic2V0dGluZ3MiOnsiYmVmb3JlIjoiQ29weXJpZ2h0ICZjb3B5OyAiLCJhZnRlciI6IiBTYXNoYSBNYyBJbm5pcy4gQWxsIFJpZ2h0cyBSZXNlcnZlZC4iLCJkYXRlX2Zvcm1hdCI6ImN1c3RvbSIsImN1c3RvbV9kYXRlX2Zvcm1hdCI6IlkifX0=@[\/et_pb_text][\/et_pb_column][\/et_pb_row][\/et_pb_section]<\/p>","protected":false},"excerpt":{"rendered":"<p>Obtenez la liste gratuite des propri\u00e9t\u00e9s \u00e0 vendre sur la rive-Nord pour moins de 550 000$. La liste inclut les photos, l&rsquo;adresse compl\u00e8te de la propri\u00e9t\u00e9 ainsi que le prix de vente. Compl\u00e9tez le formulaire pour obtenir un acc\u00e8s prioritaire \u00e0 toutes les propri\u00e9t\u00e9s correspondantes y compris les reprises de finances, et les propri\u00e9t\u00e9s des [&hellip;]<\/p>","protected":false},"author":1,"featured_media":0,"parent":15,"menu_order":0,"comment_status":"closed","ping_status":"closed","template":"","meta":{"_et_pb_use_builder":"on","_et_pb_old_content":"","_et_gb_content_width":"","footnotes":""},"_links":{"self":[{"href":"https:\/\/infoimmobilier360.com\/en\/wp-json\/wp\/v2\/pages\/7214"}],"collection":[{"href":"https:\/\/infoimmobilier360.com\/en\/wp-json\/wp\/v2\/pages"}],"about":[{"href":"https:\/\/infoimmobilier360.com\/en\/wp-json\/wp\/v2\/types\/page"}],"author":[{"embeddable":true,"href":"https:\/\/infoimmobilier360.com\/en\/wp-json\/wp\/v2\/users\/1"}],"replies":[{"embeddable":true,"href":"https:\/\/infoimmobilier360.com\/en\/wp-json\/wp\/v2\/comments?post=7214"}],"version-history":[{"count":9,"href":"https:\/\/infoimmobilier360.com\/en\/wp-json\/wp\/v2\/pages\/7214\/revisions"}],"predecessor-version":[{"id":7467,"href":"https:\/\/infoimmobilier360.com\/en\/wp-json\/wp\/v2\/pages\/7214\/revisions\/7467"}],"up":[{"embeddable":true,"href":"https:\/\/infoimmobilier360.com\/en\/wp-json\/wp\/v2\/pages\/15"}],"wp:attachment":[{"href":"https:\/\/infoimmobilier360.com\/en\/wp-json\/wp\/v2\/media?parent=7214"}],"curies":[{"name":"wp","href":"https:\/\/api.w.org\/{rel}","templated":true}]}}