{"id":7399,"date":"2024-01-17T09:58:16","date_gmt":"2024-01-17T14:58:16","guid":{"rendered":"http:\/\/localhost\/infoimmobilier360\/?page_id=7399"},"modified":"2024-01-17T10:13:36","modified_gmt":"2024-01-17T15:13:36","slug":"preapprobation-hypothecaire","status":"publish","type":"page","link":"https:\/\/infoimmobilier360.com\/en\/acheter\/preapprobation-hypothecaire\/","title":{"rendered":"5 reasons to get a mortgage pre-approval"},"content":{"rendered":"<p>[et_pb_section fb_built=&raquo;1&Prime; _builder_version=&raquo;4.23.1&Prime; _module_preset=&raquo;default&raquo; global_colors_info=&raquo;{}&raquo; theme_builder_area=&raquo;post_content&raquo;][et_pb_row column_structure=&raquo;3_5,2_5&Prime; _builder_version=&raquo;4.23.1&Prime; _module_preset=&raquo;default&raquo; custom_margin=&raquo;|||||false&raquo; custom_padding=&raquo;25px|25px|25px|25px|true|true&raquo; border_width_all=&raquo;2px&raquo; border_color_all=&raquo;#F3F5F6&Prime; global_colors_info=&raquo;{}&raquo; theme_builder_area=&raquo;post_content&raquo;][et_pb_column type=&raquo;3_5&Prime; _builder_version=&raquo;4.23.1&Prime; _module_preset=&raquo;default&raquo; global_colors_info=&raquo;{}&raquo; theme_builder_area=&raquo;post_content&raquo;][et_pb_heading title=&raquo;5 raisons pour obtenir une pr\u00e9approbation hypoth\u00e9caire&raquo; _builder_version=&raquo;4.23.4&Prime; _module_preset=&raquo;default&raquo; title_font=&raquo;Lato|300||on|||||&raquo; title_text_color=&raquo;#A4C2A5&Prime; title_line_height=&raquo;0.9em&raquo; hover_enabled=&raquo;0&Prime; global_colors_info=&raquo;{}&raquo; theme_builder_area=&raquo;post_content&raquo; sticky_enabled=&raquo;0&Prime;][\/et_pb_heading][et_pb_image src=&raquo;https:\/\/infoimmobilier360.com\/wp-content\/uploads\/2024\/01\/preapprobation-hypothecaire.png&raquo; title_text=&raquo;pr\u00e9approbation hypoth\u00e9caire&raquo; _builder_version=&raquo;4.23.4&Prime; _module_preset=&raquo;default&raquo; hover_enabled=&raquo;0&Prime; global_colors_info=&raquo;{}&raquo; theme_builder_area=&raquo;post_content&raquo; sticky_enabled=&raquo;0&Prime;][\/et_pb_image][et_pb_text _builder_version=&raquo;4.23.4&Prime; _module_preset=&raquo;default&raquo; text_font=&raquo;Roboto|300|||||||&raquo; text_font_size=&raquo;17px&raquo; text_orientation=&raquo;justified&raquo; global_colors_info=&raquo;{}&raquo; theme_builder_area=&raquo;post_content&raquo;]<\/p>\n<p>L\u2019achat d\u2019une maison comporte de nombreuses \u00e9tapes. Parmi celles-ci se trouve la pr\u00e9approbation hypoth\u00e9caire, une \u00e9tape parfois d\u00e9laiss\u00e9e, mais fort importante dans tout processus d\u2019acquisition d\u2019une propri\u00e9t\u00e9.<\/p>\n<p>En effet, bien qu\u2019elle ne soit pas obligatoire, la pr\u00e9autorisation hypoth\u00e9caire demeure un atout fortement recommand\u00e9, que vous soyez un premier acheteur ou un propri\u00e9taire d\u00e9j\u00e0 exp\u00e9riment\u00e9. Cette d\u00e9marche pr\u00e9alable offre de nombreux avantages qu\u2019il ne faut pas n\u00e9gliger\u2009!<\/p>\n<p><strong>Compl\u00e9tez le formulaire pour recevoir notre liste GRATUITE des 5 raisons pour\u00a0 obtenir une pr\u00e9approbation hypoth\u00e9caire.<\/strong><\/p>\n<p>[\/et_pb_text][\/et_pb_column][et_pb_column type=&raquo;2_5&Prime; _builder_version=&raquo;4.23.1&Prime; _module_preset=&raquo;default&raquo; global_colors_info=&raquo;{}&raquo; theme_builder_area=&raquo;post_content&raquo;][et_pb_text _builder_version=&raquo;4.23.2&Prime; _module_preset=&raquo;default&raquo; text_font=&raquo;Roboto||||||||&raquo; text_font_size=&raquo;17px&raquo; global_colors_info=&raquo;{}&raquo; theme_builder_area=&raquo;post_content&raquo;]<\/p>\n<p><strong>For more information, fill out the form below:<\/strong><\/p>\n<p>[\/et_pb_text][wpforms_selector form_id=&raquo;6823&Prime; _builder_version=&raquo;4.23.3&Prime; _module_preset=&raquo;default&raquo; global_colors_info=&raquo;{}&raquo; theme_builder_area=&raquo;post_content&raquo;][\/wpforms_selector][et_pb_text _builder_version=&raquo;4.23.2&Prime; _module_preset=&raquo;default&raquo; text_font=&raquo;Roboto|300|||||||&raquo; global_colors_info=&raquo;{}&raquo; theme_builder_area=&raquo;post_content&raquo;]<\/p>\n<p style=\"text-align: justify;\" class=\" translation-block\"><b>We care about your privacy<\/b><br>\n<span>If you have any questions about the collection, use or disclosure of your personal information, please consult the Usage and privacy policy page accessible through the link at the bottom of this page.<\/span><\/p>\n<p>[\/et_pb_text][\/et_pb_column][\/et_pb_row][\/et_pb_section]<\/p>","protected":false},"excerpt":{"rendered":"<p>L\u2019achat d\u2019une maison comporte de nombreuses \u00e9tapes. Parmi celles-ci se trouve la pr\u00e9approbation hypoth\u00e9caire, une \u00e9tape parfois d\u00e9laiss\u00e9e, mais fort importante dans tout processus d\u2019acquisition d\u2019une propri\u00e9t\u00e9. En effet, bien qu\u2019elle ne soit pas obligatoire, la pr\u00e9autorisation hypoth\u00e9caire demeure un atout fortement recommand\u00e9, que vous soyez un premier acheteur ou un propri\u00e9taire d\u00e9j\u00e0 exp\u00e9riment\u00e9. Cette [&hellip;]<\/p>","protected":false},"author":1,"featured_media":0,"parent":15,"menu_order":0,"comment_status":"closed","ping_status":"closed","template":"","meta":{"_et_pb_use_builder":"on","_et_pb_old_content":"","_et_gb_content_width":"","footnotes":""},"_links":{"self":[{"href":"https:\/\/infoimmobilier360.com\/en\/wp-json\/wp\/v2\/pages\/7399"}],"collection":[{"href":"https:\/\/infoimmobilier360.com\/en\/wp-json\/wp\/v2\/pages"}],"about":[{"href":"https:\/\/infoimmobilier360.com\/en\/wp-json\/wp\/v2\/types\/page"}],"author":[{"embeddable":true,"href":"https:\/\/infoimmobilier360.com\/en\/wp-json\/wp\/v2\/users\/1"}],"replies":[{"embeddable":true,"href":"https:\/\/infoimmobilier360.com\/en\/wp-json\/wp\/v2\/comments?post=7399"}],"version-history":[{"count":3,"href":"https:\/\/infoimmobilier360.com\/en\/wp-json\/wp\/v2\/pages\/7399\/revisions"}],"predecessor-version":[{"id":7407,"href":"https:\/\/infoimmobilier360.com\/en\/wp-json\/wp\/v2\/pages\/7399\/revisions\/7407"}],"up":[{"embeddable":true,"href":"https:\/\/infoimmobilier360.com\/en\/wp-json\/wp\/v2\/pages\/15"}],"wp:attachment":[{"href":"https:\/\/infoimmobilier360.com\/en\/wp-json\/wp\/v2\/media?parent=7399"}],"curies":[{"name":"wp","href":"https:\/\/api.w.org\/{rel}","templated":true}]}}