{"id":7475,"date":"2024-02-01T01:15:18","date_gmt":"2024-02-01T06:15:18","guid":{"rendered":"http:\/\/localhost\/infoimmobilier360\/?page_id=7475"},"modified":"2024-02-01T09:28:32","modified_gmt":"2024-02-01T14:28:32","slug":"ressources_acheteurs","status":"publish","type":"page","link":"https:\/\/infoimmobilier360.com\/en\/acheter\/ressources_acheteurs\/","title":{"rendered":"FREE Resources for buyers"},"content":{"rendered":"<p>[et_pb_section fb_built=&raquo;1&Prime; _builder_version=&raquo;4.23.1&Prime; _module_preset=&raquo;default&raquo; global_colors_info=&raquo;{}&raquo; theme_builder_area=&raquo;post_content&raquo;][et_pb_row column_structure=&raquo;3_5,2_5&Prime; _builder_version=&raquo;4.23.1&Prime; _module_preset=&raquo;default&raquo; custom_margin=&raquo;|||||false&raquo; custom_padding=&raquo;25px|25px|25px|25px|true|true&raquo; border_width_all=&raquo;2px&raquo; border_color_all=&raquo;#F3F5F6&Prime; global_colors_info=&raquo;{}&raquo; theme_builder_area=&raquo;post_content&raquo;][et_pb_column type=&raquo;3_5&Prime; _builder_version=&raquo;4.23.1&Prime; _module_preset=&raquo;default&raquo; global_colors_info=&raquo;{}&raquo; theme_builder_area=&raquo;post_content&raquo;][et_pb_heading title=&raquo;TROUVER LA MAISON DE VOS R\u00caVES AU MEILLEUR PRIX&raquo; _builder_version=&raquo;4.24.0&Prime; _module_preset=&raquo;default&raquo; title_font=&raquo;Lato|300||on|||||&raquo; title_text_color=&raquo;#A4C2A5&Prime; title_line_height=&raquo;0.9em&raquo; hover_enabled=&raquo;0&Prime; global_colors_info=&raquo;{}&raquo; theme_builder_area=&raquo;post_content&raquo; sticky_enabled=&raquo;0&Prime;][\/et_pb_heading][et_pb_text _builder_version=&raquo;4.24.0&Prime; _module_preset=&raquo;default&raquo; text_font=&raquo;Roboto|300|||||||&raquo; text_font_size=&raquo;17px&raquo; text_orientation=&raquo;justified&raquo; hover_enabled=&raquo;0&Prime; global_colors_info=&raquo;{}&raquo; theme_builder_area=&raquo;post_content&raquo; sticky_enabled=&raquo;0&Prime;]<\/p>\n<div class=\"et_pb_module et_pb_text et_pb_text_0  et_pb_text_align_justified et_pb_bg_layout_light\">\n<div class=\"et_pb_text_inner\">\n<div class=\"col-md-8 col-md-offset-0\">\n<p class=\" translation-block\">Complete the form to get FREE access to all the buyer resources below. Whether you're a first-time home buyer or seasoned investor, these links will help you find your dream home at the best possible price.<\/p>\n<\/div>\n<\/div>\n<\/div>\n<p>[\/et_pb_text][et_pb_blurb title=&raquo;Alertes immobili\u00e8res&raquo; _builder_version=&raquo;4.24.0&Prime; _module_preset=&raquo;default&raquo; theme_builder_area=&raquo;post_content&raquo; url_new_window=&raquo;on&raquo; url=&raquo;@ET-DC@eyJkeW5hbWljIjp0cnVlLCJjb250ZW50IjoicG9zdF9saW5rX3VybF9wYWdlIiwic2V0dGluZ3MiOnsicG9zdF9pZCI6IjY0OTMifX0=@&raquo; _dynamic_attributes=&raquo;url&raquo; header_text_color=&raquo;#A4C2A5&Prime; header_font_size=&raquo;15px&raquo; body_font=&raquo;Roboto|300|||||||&raquo; body_font_size=&raquo;15px&raquo; header_font=&raquo;Roboto||||||||&raquo; hover_enabled=&raquo;0&Prime; sticky_enabled=&raquo;0&Prime; header_line_height=&raquo;0.9em&raquo;]<\/p>\n<p class=\" translation-block\">Get priority access to all the newest properties on the market as soon as they become available by subscribing for free to our online property alerts!<\/p>\n<p>[\/et_pb_blurb][et_pb_blurb title=&raquo;5 raisons pour obtenir une pr\u00e9aprobation hypoth\u00e9caire&raquo; _builder_version=&raquo;4.24.0&Prime; _module_preset=&raquo;default&raquo; theme_builder_area=&raquo;post_content&raquo; url_new_window=&raquo;on&raquo; url=&raquo;@ET-DC@eyJkeW5hbWljIjp0cnVlLCJjb250ZW50IjoicG9zdF9saW5rX3VybF9wYWdlIiwic2V0dGluZ3MiOnsicG9zdF9pZCI6IjY0OTMifX0=@&raquo; _dynamic_attributes=&raquo;url&raquo; header_text_color=&raquo;#A4C2A5&Prime; header_font_size=&raquo;15px&raquo; body_font=&raquo;Roboto|300|||||||&raquo; body_font_size=&raquo;15px&raquo; header_font=&raquo;Roboto||||||||&raquo; hover_enabled=&raquo;0&Prime; sticky_enabled=&raquo;0&Prime; header_line_height=&raquo;0.9em&raquo;]<\/p>\n<p><span>Get our FREE list of 5 Reasons to Get a Mortgage Pre-Approval<\/span><\/p>\n<p>[\/et_pb_blurb][et_pb_blurb title=&raquo;Comment arr\u00eater de payer un loyer et devenir propri\u00e9taire&raquo; _builder_version=&raquo;4.24.0&Prime; _module_preset=&raquo;default&raquo; theme_builder_area=&raquo;post_content&raquo; url_new_window=&raquo;on&raquo; url=&raquo;@ET-DC@eyJkeW5hbWljIjp0cnVlLCJjb250ZW50IjoicG9zdF9saW5rX3VybF9wYWdlIiwic2V0dGluZ3MiOnsicG9zdF9pZCI6IjY0OTMifX0=@&raquo; _dynamic_attributes=&raquo;url&raquo; header_text_color=&raquo;#A4C2A5&Prime; header_font_size=&raquo;15px&raquo; body_font=&raquo;Roboto|300|||||||&raquo; body_font_size=&raquo;15px&raquo; header_font=&raquo;Roboto||||||||&raquo; hover_enabled=&raquo;0&Prime; sticky_enabled=&raquo;0&Prime; header_line_height=&raquo;0.9em&raquo;]<\/p>\n<p><span>Get our FREE guide to learn how to stop enriching your landlord and become a homeowner.<\/span><\/p>\n<p>[\/et_pb_blurb][et_pb_blurb title=&raquo;6 conseils \u00e0 conna\u00eetre avant d&rsquo;obtenir un pret hypoth\u00e9caire&raquo; _builder_version=&raquo;4.24.0&Prime; _module_preset=&raquo;default&raquo; theme_builder_area=&raquo;post_content&raquo; url_new_window=&raquo;on&raquo; url=&raquo;@ET-DC@eyJkeW5hbWljIjp0cnVlLCJjb250ZW50IjoicG9zdF9saW5rX3VybF9wYWdlIiwic2V0dGluZ3MiOnsicG9zdF9pZCI6IjY0OTMifX0=@&raquo; _dynamic_attributes=&raquo;url&raquo; header_text_color=&raquo;#A4C2A5&Prime; header_font_size=&raquo;15px&raquo; body_font=&raquo;Roboto|300|||||||&raquo; body_font_size=&raquo;15px&raquo; header_font=&raquo;Roboto||||||||&raquo; hover_enabled=&raquo;0&Prime; sticky_enabled=&raquo;0&Prime; header_line_height=&raquo;0.9em&raquo;]<\/p>\n<p class=\" translation-block\">Learn how to be well prepared when purchasing a home and avoid making costly mistakes with your mortgage.<\/p>\n<p>[\/et_pb_blurb][et_pb_blurb title=&raquo;12 co\u00fbts suppl\u00e9mentaires que vous devez conna\u00eetre avant d&rsquo;acheter une propri\u00e9t\u00e9&raquo; _builder_version=&raquo;4.24.0&Prime; _module_preset=&raquo;default&raquo; theme_builder_area=&raquo;post_content&raquo; url_new_window=&raquo;on&raquo; url=&raquo;@ET-DC@eyJkeW5hbWljIjp0cnVlLCJjb250ZW50IjoicG9zdF9saW5rX3VybF9wYWdlIiwic2V0dGluZ3MiOnsicG9zdF9pZCI6IjY0OTMifX0=@&raquo; _dynamic_attributes=&raquo;url&raquo; header_text_color=&raquo;#A4C2A5&Prime; header_font_size=&raquo;15px&raquo; body_font=&raquo;Roboto|300|||||||&raquo; body_font_size=&raquo;15px&raquo; header_font=&raquo;Roboto||||||||&raquo; hover_enabled=&raquo;0&Prime; sticky_enabled=&raquo;0&Prime; header_line_height=&raquo;0.9em&raquo;]<\/p>\n<p class=\" translation-block\">Get our FREE checklist that outlines the 12 short-term expenses you need to cover when you become a homeowner.<\/p>\n<p>[\/et_pb_blurb][et_pb_blurb title=&raquo;D\u00e9couvrez combien vous pouvez payer pour votre prochaine maison&raquo; _builder_version=&raquo;4.24.0&Prime; _module_preset=&raquo;default&raquo; theme_builder_area=&raquo;post_content&raquo; url_new_window=&raquo;on&raquo; url=&raquo;@ET-DC@eyJkeW5hbWljIjp0cnVlLCJjb250ZW50IjoicG9zdF9saW5rX3VybF9wYWdlIiwic2V0dGluZ3MiOnsicG9zdF9pZCI6IjY0OTMifX0=@&raquo; _dynamic_attributes=&raquo;url&raquo; header_text_color=&raquo;#A4C2A5&Prime; header_font_size=&raquo;15px&raquo; body_font=&raquo;Roboto|300|||||||&raquo; body_font_size=&raquo;15px&raquo; header_font=&raquo;Roboto||||||||&raquo; hover_enabled=&raquo;0&Prime; sticky_enabled=&raquo;0&Prime; header_line_height=&raquo;0.9em&raquo;]<\/p>\n<p><span>Use this mortgage payment calculator to estimate the purchase price you could pay for your next home.<\/span><\/p>\n<p>[\/et_pb_blurb][\/et_pb_column][et_pb_column type=&raquo;2_5&Prime; _builder_version=&raquo;4.23.1&Prime; _module_preset=&raquo;default&raquo; global_colors_info=&raquo;{}&raquo; theme_builder_area=&raquo;post_content&raquo;][et_pb_text _builder_version=&raquo;4.23.2&Prime; _module_preset=&raquo;default&raquo; text_font=&raquo;Roboto||||||||&raquo; text_font_size=&raquo;17px&raquo; global_colors_info=&raquo;{}&raquo; theme_builder_area=&raquo;post_content&raquo;]<\/p>\n<p><strong>For more information, fill out the form below:<\/strong><\/p>\n<p>[\/et_pb_text][wpforms_selector form_id=&raquo;6823&Prime; _builder_version=&raquo;4.23.3&Prime; _module_preset=&raquo;default&raquo; global_colors_info=&raquo;{}&raquo; theme_builder_area=&raquo;post_content&raquo;][\/wpforms_selector][et_pb_text _builder_version=&raquo;4.23.2&Prime; _module_preset=&raquo;default&raquo; text_font=&raquo;Roboto|300|||||||&raquo; global_colors_info=&raquo;{}&raquo; theme_builder_area=&raquo;post_content&raquo;]<\/p>\n<p style=\"text-align: justify;\" class=\" translation-block\"><b>We care about your privacy<\/b><br>\n<span>If you have any questions about the collection, use or disclosure of your personal information, please consult the Usage and privacy policy page accessible through the link at the bottom of this page.<\/span><\/p>\n<p>[\/et_pb_text][\/et_pb_column][\/et_pb_row][\/et_pb_section]<\/p>","protected":false},"excerpt":{"rendered":"<p>Remplissez le formulaire pour obtenir un acc\u00e8s GRATUIT \u00e0 toutes les ressources pour acheteurs ci-dessous.\u00a0Que vous soyez un acheteur de premi\u00e8re maison ou un investisseur chevronn\u00e9, ces liens vous aideront \u00e0 trouver la maison de vos r\u00eaves au meilleur prix possible. Recevez en primeur toutes les nouveaut\u00e9s sur le march\u00e9 d\u00e8s leur disponibilit\u00e9 en vous [&hellip;]<\/p>","protected":false},"author":1,"featured_media":0,"parent":15,"menu_order":100,"comment_status":"closed","ping_status":"closed","template":"","meta":{"_et_pb_use_builder":"on","_et_pb_old_content":"<!-- wp:divi\/placeholder \/-->","_et_gb_content_width":"","footnotes":""},"_links":{"self":[{"href":"https:\/\/infoimmobilier360.com\/en\/wp-json\/wp\/v2\/pages\/7475"}],"collection":[{"href":"https:\/\/infoimmobilier360.com\/en\/wp-json\/wp\/v2\/pages"}],"about":[{"href":"https:\/\/infoimmobilier360.com\/en\/wp-json\/wp\/v2\/types\/page"}],"author":[{"embeddable":true,"href":"https:\/\/infoimmobilier360.com\/en\/wp-json\/wp\/v2\/users\/1"}],"replies":[{"embeddable":true,"href":"https:\/\/infoimmobilier360.com\/en\/wp-json\/wp\/v2\/comments?post=7475"}],"version-history":[{"count":5,"href":"https:\/\/infoimmobilier360.com\/en\/wp-json\/wp\/v2\/pages\/7475\/revisions"}],"predecessor-version":[{"id":7502,"href":"https:\/\/infoimmobilier360.com\/en\/wp-json\/wp\/v2\/pages\/7475\/revisions\/7502"}],"up":[{"embeddable":true,"href":"https:\/\/infoimmobilier360.com\/en\/wp-json\/wp\/v2\/pages\/15"}],"wp:attachment":[{"href":"https:\/\/infoimmobilier360.com\/en\/wp-json\/wp\/v2\/media?parent=7475"}],"curies":[{"name":"wp","href":"https:\/\/api.w.org\/{rel}","templated":true}]}}