{"id":7478,"date":"2024-02-01T01:16:17","date_gmt":"2024-02-01T06:16:17","guid":{"rendered":"http:\/\/localhost\/infoimmobilier360\/?page_id=7478"},"modified":"2024-02-01T09:40:42","modified_gmt":"2024-02-01T14:40:42","slug":"ressources_vendeurs","status":"publish","type":"page","link":"https:\/\/infoimmobilier360.com\/en\/vendre\/ressources_vendeurs\/","title":{"rendered":"Free resources for sellers"},"content":{"rendered":"<p>[et_pb_section fb_built=&raquo;1&Prime; _builder_version=&raquo;4.23.1&Prime; _module_preset=&raquo;default&raquo; global_colors_info=&raquo;{}&raquo; theme_builder_area=&raquo;post_content&raquo;][et_pb_row column_structure=&raquo;3_5,2_5&Prime; _builder_version=&raquo;4.23.1&Prime; _module_preset=&raquo;default&raquo; custom_margin=&raquo;|||||false&raquo; custom_padding=&raquo;25px|25px|25px|25px|true|true&raquo; border_width_all=&raquo;2px&raquo; border_color_all=&raquo;#F3F5F6&Prime; global_colors_info=&raquo;{}&raquo; theme_builder_area=&raquo;post_content&raquo;][et_pb_column type=&raquo;3_5&Prime; _builder_version=&raquo;4.23.1&Prime; _module_preset=&raquo;default&raquo; global_colors_info=&raquo;{}&raquo; theme_builder_area=&raquo;post_content&raquo;][et_pb_heading title=&raquo;VENDEZ VOTRE PROPRI\u00c9T\u00c9 AU MEILLEUR PRIX ET DANS LES MEILLEURS D\u00c9LAIS&raquo; _builder_version=&raquo;4.24.0&Prime; _module_preset=&raquo;default&raquo; title_font=&raquo;Lato|300||on|||||&raquo; title_text_color=&raquo;#A4C2A5&Prime; title_line_height=&raquo;0.9em&raquo; global_colors_info=&raquo;{}&raquo; theme_builder_area=&raquo;post_content&raquo;][\/et_pb_heading][et_pb_text _builder_version=&raquo;4.24.0&Prime; _module_preset=&raquo;default&raquo; text_font=&raquo;Roboto|300|||||||&raquo; text_font_size=&raquo;17px&raquo; text_orientation=&raquo;justified&raquo; global_colors_info=&raquo;{}&raquo; theme_builder_area=&raquo;post_content&raquo;]<\/p>\n<div class=\"et_pb_module et_pb_text et_pb_text_0  et_pb_text_align_justified et_pb_bg_layout_light\">\n<div class=\"et_pb_text_inner\">\n<div class=\"col-md-8 col-md-offset-0\">\n<div class=\"et_pb_module et_pb_text et_pb_text_0  et_pb_text_align_left et_pb_bg_layout_light\">\n<div class=\"et_pb_text_inner\">\n<p>Remplissez le formulaire pour obtenir un acc\u00e8s GRATUIT \u00e0 toutes les ressources pour vendeurs ci-dessous. Ces ressources vous aideront \u00e0 vendre votre maison au meilleur prix, dans les meilleurs d\u00e9lais et avec le moins de soucis possible.<\/p>\n<\/div>\n<\/div>\n<\/div>\n<\/div>\n<\/div>\n<p>[\/et_pb_text][et_pb_blurb title=&raquo;Combien vaut votre maison?&raquo; url=&raquo;@ET-DC@eyJkeW5hbWljIjp0cnVlLCJjb250ZW50IjoicG9zdF9saW5rX3VybF9wYWdlIiwic2V0dGluZ3MiOnsicG9zdF9pZCI6IjY0OTMifX0=@&raquo; url_new_window=&raquo;on&raquo; _builder_version=&raquo;4.24.0&Prime; _dynamic_attributes=&raquo;url&raquo; _module_preset=&raquo;default&raquo; header_font=&raquo;Roboto||||||||&raquo; header_text_color=&raquo;#A4C2A5&Prime; header_font_size=&raquo;15px&raquo; header_line_height=&raquo;0.9em&raquo; body_font=&raquo;Roboto|300|||||||&raquo; body_font_size=&raquo;15px&raquo; hover_enabled=&raquo;0&Prime; global_colors_info=&raquo;{}&raquo; theme_builder_area=&raquo;post_content&raquo; sticky_enabled=&raquo;0&Prime;]<\/p>\n<p><span>D\u00e9couvrez la valeur de votre propri\u00e9t\u00e9 en r\u00e9pondant \u00e0 quelques questions simples.<\/span><\/p>\n<p>[\/et_pb_blurb][et_pb_blurb title=&raquo;Laquelle de ces erreurs co\u00fbteuses ferez-vous?&raquo; url=&raquo;@ET-DC@eyJkeW5hbWljIjp0cnVlLCJjb250ZW50IjoicG9zdF9saW5rX3VybF9wYWdlIiwic2V0dGluZ3MiOnsicG9zdF9pZCI6IjY0OTMifX0=@&raquo; url_new_window=&raquo;on&raquo; _builder_version=&raquo;4.24.0&Prime; _dynamic_attributes=&raquo;url&raquo; _module_preset=&raquo;default&raquo; header_font=&raquo;Roboto||||||||&raquo; header_text_color=&raquo;#A4C2A5&Prime; header_font_size=&raquo;15px&raquo; header_line_height=&raquo;0.9em&raquo; body_font=&raquo;Roboto|300|||||||&raquo; body_font_size=&raquo;15px&raquo; hover_enabled=&raquo;0&Prime; global_colors_info=&raquo;{}&raquo; theme_builder_area=&raquo;post_content&raquo; sticky_enabled=&raquo;0&Prime;]<\/p>\n<p><span>D\u00e9couvrez les 5 erreurs co\u00fbteuses \u00e0 \u00e9viter lors de la vente de votre propri\u00e9t\u00e9.<\/span><\/p>\n<p>[\/et_pb_blurb][et_pb_blurb title=&raquo;Sachez \u00e0 combien le voisin \u00e0 vendu sa maison&raquo; url=&raquo;@ET-DC@eyJkeW5hbWljIjp0cnVlLCJjb250ZW50IjoicG9zdF9saW5rX3VybF9wYWdlIiwic2V0dGluZ3MiOnsicG9zdF9pZCI6IjY0OTMifX0=@&raquo; url_new_window=&raquo;on&raquo; _builder_version=&raquo;4.24.0&Prime; _dynamic_attributes=&raquo;url&raquo; _module_preset=&raquo;default&raquo; header_font=&raquo;Roboto||||||||&raquo; header_text_color=&raquo;#A4C2A5&Prime; header_font_size=&raquo;15px&raquo; header_line_height=&raquo;0.9em&raquo; body_font=&raquo;Roboto|300|||||||&raquo; body_font_size=&raquo;15px&raquo; hover_enabled=&raquo;0&Prime; global_colors_info=&raquo;{}&raquo; theme_builder_area=&raquo;post_content&raquo; sticky_enabled=&raquo;0&Prime;]<\/p>\n<p><span>Obtenez une liste des ventes de maisons r\u00e9centes dans votre secteur.<\/span><\/p>\n<p>[\/et_pb_blurb][et_pb_blurb title=&raquo;\u00cates-vous pr\u00eat pour la visite de l&rsquo;inspecteur?&raquo; url=&raquo;@ET-DC@eyJkeW5hbWljIjp0cnVlLCJjb250ZW50IjoicG9zdF9saW5rX3VybF9wYWdlIiwic2V0dGluZ3MiOnsicG9zdF9pZCI6IjY0OTMifX0=@&raquo; url_new_window=&raquo;on&raquo; _builder_version=&raquo;4.24.0&Prime; _dynamic_attributes=&raquo;url&raquo; _module_preset=&raquo;default&raquo; header_font=&raquo;Roboto||||||||&raquo; header_text_color=&raquo;#A4C2A5&Prime; header_font_size=&raquo;15px&raquo; header_line_height=&raquo;0.9em&raquo; body_font=&raquo;Roboto|300|||||||&raquo; body_font_size=&raquo;15px&raquo; hover_enabled=&raquo;0&Prime; global_colors_info=&raquo;{}&raquo; theme_builder_area=&raquo;post_content&raquo; sticky_enabled=&raquo;0&Prime;]<\/p>\n<p><span>Obtenez une liste GRATUITE des \u00e9l\u00e9ments \u00e0 v\u00e9rifier pour passer l\u2019inspection de votre propri\u00e9t\u00e9.<\/span><\/p>\n<p>[\/et_pb_blurb][et_pb_blurb title=&raquo;S\u00e9paration ou divorce: quoi faire avec la maison?&raquo; url=&raquo;@ET-DC@eyJkeW5hbWljIjp0cnVlLCJjb250ZW50IjoicG9zdF9saW5rX3VybF9wYWdlIiwic2V0dGluZ3MiOnsicG9zdF9pZCI6IjY0OTMifX0=@&raquo; url_new_window=&raquo;on&raquo; _builder_version=&raquo;4.24.0&Prime; _dynamic_attributes=&raquo;url&raquo; _module_preset=&raquo;default&raquo; header_font=&raquo;Roboto||||||||&raquo; header_text_color=&raquo;#A4C2A5&Prime; header_font_size=&raquo;15px&raquo; header_line_height=&raquo;0.9em&raquo; body_font=&raquo;Roboto|300|||||||&raquo; body_font_size=&raquo;15px&raquo; hover_enabled=&raquo;0&Prime; global_colors_info=&raquo;{}&raquo; theme_builder_area=&raquo;post_content&raquo; sticky_enabled=&raquo;0&Prime;]<\/p>\n<p><span>D\u00e9couvrez les options qui s\u2019offrent \u00e0 vous lors d\u2019une s\u00e9paration ou divorce et commencez \u00e0 naviguer votre situation de mani\u00e8re un peu plus \u00e9clair\u00e9e.<\/span><\/p>\n<p>[\/et_pb_blurb][et_pb_blurb title=&raquo;30 trucs pour vendre votre propri\u00e9t\u00e9 au meilleur prix&raquo; url=&raquo;@ET-DC@eyJkeW5hbWljIjp0cnVlLCJjb250ZW50IjoicG9zdF9saW5rX3VybF9wYWdlIiwic2V0dGluZ3MiOnsicG9zdF9pZCI6IjY0OTMifX0=@&raquo; url_new_window=&raquo;on&raquo; _builder_version=&raquo;4.24.0&Prime; _dynamic_attributes=&raquo;url&raquo; _module_preset=&raquo;default&raquo; header_font=&raquo;Roboto||||||||&raquo; header_text_color=&raquo;#A4C2A5&Prime; header_font_size=&raquo;15px&raquo; header_line_height=&raquo;0.9em&raquo; body_font=&raquo;Roboto|300|||||||&raquo; body_font_size=&raquo;15px&raquo; hover_enabled=&raquo;0&Prime; global_colors_info=&raquo;{}&raquo; theme_builder_area=&raquo;post_content&raquo; sticky_enabled=&raquo;0&Prime;]<\/p>\n<div class=\"et_pb_module et_pb_blurb et_pb_blurb_5  et_pb_text_align_left  et_pb_blurb_position_top et_pb_bg_layout_light\">\n<div class=\"et_pb_blurb_content\">\n<div class=\"et_pb_blurb_container\">\n<div class=\"et_pb_blurb_description\">\n<p>Obtenez notre liste GRATUITE des 30 trucs pour augmenter la valeur de votre maison pour vendre rapidement et au meilleur prix.<\/p>\n<\/div>\n<\/div>\n<\/div>\n<\/div>\n<p>[\/et_pb_blurb][et_pb_blurb title=&raquo;Quoi faire si votre propri\u00e9t\u00e9 ne s&rsquo;est pas vendue?&raquo; url=&raquo;@ET-DC@eyJkeW5hbWljIjp0cnVlLCJjb250ZW50IjoicG9zdF9saW5rX3VybF9wYWdlIiwic2V0dGluZ3MiOnsicG9zdF9pZCI6IjY0OTMifX0=@&raquo; url_new_window=&raquo;on&raquo; _builder_version=&raquo;4.24.0&Prime; _dynamic_attributes=&raquo;url&raquo; _module_preset=&raquo;default&raquo; header_font=&raquo;Roboto||||||||&raquo; header_text_color=&raquo;#A4C2A5&Prime; header_font_size=&raquo;15px&raquo; header_line_height=&raquo;0.9em&raquo; body_font=&raquo;Roboto|300|||||||&raquo; body_font_size=&raquo;15px&raquo; hover_enabled=&raquo;0&Prime; global_colors_info=&raquo;{}&raquo; theme_builder_area=&raquo;post_content&raquo; sticky_enabled=&raquo;0&Prime;]<\/p>\n<div class=\"et_pb_module et_pb_blurb et_pb_blurb_5  et_pb_text_align_left  et_pb_blurb_position_top et_pb_bg_layout_light\">\n<div class=\"et_pb_blurb_content\">\n<div class=\"et_pb_blurb_container\">\n<div class=\"et_pb_blurb_description\">\n<p><span>D\u00e9couvrez commment r\u00e9ussir la vente d\u2019une propri\u00e9t\u00e9 qui ne s\u2019est pas vendue.<\/span><\/p>\n<\/div>\n<\/div>\n<\/div>\n<\/div>\n<p>[\/et_pb_blurb][et_pb_blurb title=&raquo;D\u00e9m\u00e9nager \u00e0 la retraite: 5 fa\u00e7ons que cela peut changer votre vie&raquo; url=&raquo;@ET-DC@eyJkeW5hbWljIjp0cnVlLCJjb250ZW50IjoicG9zdF9saW5rX3VybF9wYWdlIiwic2V0dGluZ3MiOnsicG9zdF9pZCI6IjY0OTMifX0=@&raquo; url_new_window=&raquo;on&raquo; _builder_version=&raquo;4.24.0&Prime; _dynamic_attributes=&raquo;url&raquo; _module_preset=&raquo;default&raquo; header_font=&raquo;Roboto||||||||&raquo; header_text_color=&raquo;#A4C2A5&Prime; header_font_size=&raquo;15px&raquo; header_line_height=&raquo;0.9em&raquo; body_font=&raquo;Roboto|300|||||||&raquo; body_font_size=&raquo;15px&raquo; hover_enabled=&raquo;0&Prime; global_colors_info=&raquo;{}&raquo; theme_builder_area=&raquo;post_content&raquo; sticky_enabled=&raquo;0&Prime;]<\/p>\n<div class=\"et_pb_module et_pb_blurb et_pb_blurb_5  et_pb_text_align_left  et_pb_blurb_position_top et_pb_bg_layout_light\">\n<div class=\"et_pb_blurb_content\">\n<div class=\"et_pb_blurb_container\">\n<div class=\"et_pb_blurb_description\">\n<p><span>Les enfants ont tous grandi et maintenant vous vous retrouvez dans un nid vide avec plein d\u2019espace inutilis\u00e9? D\u00e9couvrez comment vous pouvez profiter de ce nouveau chapitre pour changer votre vie!<\/span><\/p>\n<\/div>\n<\/div>\n<\/div>\n<\/div>\n<p>[\/et_pb_blurb][et_pb_blurb title=&raquo;8 Conseils pour faciliter le d\u00e9m\u00e9nagement avec les animaux de compagnie&raquo; url=&raquo;@ET-DC@eyJkeW5hbWljIjp0cnVlLCJjb250ZW50IjoicG9zdF9saW5rX3VybF9wYWdlIiwic2V0dGluZ3MiOnsicG9zdF9pZCI6IjY0OTMifX0=@&raquo; url_new_window=&raquo;on&raquo; _builder_version=&raquo;4.24.0&Prime; _dynamic_attributes=&raquo;url&raquo; _module_preset=&raquo;default&raquo; header_font=&raquo;Roboto||||||||&raquo; header_text_color=&raquo;#A4C2A5&Prime; header_font_size=&raquo;15px&raquo; header_line_height=&raquo;0.9em&raquo; body_font=&raquo;Roboto|300|||||||&raquo; body_font_size=&raquo;15px&raquo; hover_enabled=&raquo;0&Prime; global_colors_info=&raquo;{}&raquo; theme_builder_area=&raquo;post_content&raquo; sticky_enabled=&raquo;0&Prime;]<\/p>\n<div class=\"et_pb_module et_pb_blurb et_pb_blurb_5  et_pb_text_align_left  et_pb_blurb_position_top et_pb_bg_layout_light\">\n<div class=\"et_pb_blurb_content\">\n<div class=\"et_pb_blurb_container\">\n<div class=\"et_pb_blurb_description\">\n<p><span>Obtenez notre guide GRATUIT des 8 conseils pour faciliter le d\u00e9m\u00e9namegemt avec votre animal.<\/span><\/p>\n<\/div>\n<\/div>\n<\/div>\n<\/div>\n<p>[\/et_pb_blurb][et_pb_blurb title=&raquo;8 Conseils pour faciliter le d\u00e9m\u00e9nagement avec les enfants&raquo; url=&raquo;@ET-DC@eyJkeW5hbWljIjp0cnVlLCJjb250ZW50IjoicG9zdF9saW5rX3VybF9wYWdlIiwic2V0dGluZ3MiOnsicG9zdF9pZCI6IjY0OTMifX0=@&raquo; url_new_window=&raquo;on&raquo; _builder_version=&raquo;4.24.0&Prime; _dynamic_attributes=&raquo;url&raquo; _module_preset=&raquo;default&raquo; header_font=&raquo;Roboto||||||||&raquo; header_text_color=&raquo;#A4C2A5&Prime; header_font_size=&raquo;15px&raquo; header_line_height=&raquo;0.9em&raquo; body_font=&raquo;Roboto|300|||||||&raquo; body_font_size=&raquo;15px&raquo; hover_enabled=&raquo;0&Prime; global_colors_info=&raquo;{}&raquo; theme_builder_area=&raquo;post_content&raquo; sticky_enabled=&raquo;0&Prime;]<\/p>\n<div class=\"et_pb_module et_pb_blurb et_pb_blurb_5  et_pb_text_align_left  et_pb_blurb_position_top et_pb_bg_layout_light\">\n<div class=\"et_pb_blurb_content\">\n<div class=\"et_pb_blurb_container\">\n<div class=\"et_pb_blurb_description\">\n<p><span>Obtenez notre guide GRATUIT des 8 conseils pour faciliter le d\u00e9m\u00e9namegemt avec vos enfants.<\/span><\/p>\n<\/div>\n<\/div>\n<\/div>\n<\/div>\n<p>[\/et_pb_blurb][\/et_pb_column][et_pb_column type=&raquo;2_5&Prime; _builder_version=&raquo;4.23.1&Prime; _module_preset=&raquo;default&raquo; global_colors_info=&raquo;{}&raquo; theme_builder_area=&raquo;post_content&raquo;][et_pb_text _builder_version=&raquo;4.23.2&Prime; _module_preset=&raquo;default&raquo; text_font=&raquo;Roboto||||||||&raquo; text_font_size=&raquo;17px&raquo; global_colors_info=&raquo;{}&raquo; theme_builder_area=&raquo;post_content&raquo;]<\/p>\n<p><strong>For more information, fill out the form below:<\/strong><\/p>\n<p>[\/et_pb_text][wpforms_selector form_id=&raquo;6823&Prime; _builder_version=&raquo;4.23.3&Prime; _module_preset=&raquo;default&raquo; global_colors_info=&raquo;{}&raquo; theme_builder_area=&raquo;post_content&raquo;][\/wpforms_selector][et_pb_text _builder_version=&raquo;4.23.2&Prime; _module_preset=&raquo;default&raquo; text_font=&raquo;Roboto|300|||||||&raquo; global_colors_info=&raquo;{}&raquo; theme_builder_area=&raquo;post_content&raquo;]<\/p>\n<p style=\"text-align: justify;\" class=\" translation-block\"><b>We care about your privacy<\/b><br>\n<span>If you have any questions about the collection, use or disclosure of your personal information, please consult the Usage and privacy policy page accessible through the link at the bottom of this page.<\/span><\/p>\n<p>[\/et_pb_text][\/et_pb_column][\/et_pb_row][\/et_pb_section]<\/p>","protected":false},"excerpt":{"rendered":"<p>Remplissez le formulaire pour obtenir un acc\u00e8s GRATUIT \u00e0 toutes les ressources pour vendeurs ci-dessous. Ces ressources vous aideront \u00e0 vendre votre maison au meilleur prix, dans les meilleurs d\u00e9lais et avec le moins de soucis possible. D\u00e9couvrez la valeur de votre propri\u00e9t\u00e9 en r\u00e9pondant \u00e0 quelques questions simples.D\u00e9couvrez les 5 erreurs co\u00fbteuses \u00e0 \u00e9viter [&hellip;]<\/p>","protected":false},"author":1,"featured_media":0,"parent":16,"menu_order":100,"comment_status":"closed","ping_status":"closed","template":"","meta":{"_et_pb_use_builder":"on","_et_pb_old_content":"","_et_gb_content_width":"","footnotes":""},"_links":{"self":[{"href":"https:\/\/infoimmobilier360.com\/en\/wp-json\/wp\/v2\/pages\/7478"}],"collection":[{"href":"https:\/\/infoimmobilier360.com\/en\/wp-json\/wp\/v2\/pages"}],"about":[{"href":"https:\/\/infoimmobilier360.com\/en\/wp-json\/wp\/v2\/types\/page"}],"author":[{"embeddable":true,"href":"https:\/\/infoimmobilier360.com\/en\/wp-json\/wp\/v2\/users\/1"}],"replies":[{"embeddable":true,"href":"https:\/\/infoimmobilier360.com\/en\/wp-json\/wp\/v2\/comments?post=7478"}],"version-history":[{"count":4,"href":"https:\/\/infoimmobilier360.com\/en\/wp-json\/wp\/v2\/pages\/7478\/revisions"}],"predecessor-version":[{"id":7506,"href":"https:\/\/infoimmobilier360.com\/en\/wp-json\/wp\/v2\/pages\/7478\/revisions\/7506"}],"up":[{"embeddable":true,"href":"https:\/\/infoimmobilier360.com\/en\/wp-json\/wp\/v2\/pages\/16"}],"wp:attachment":[{"href":"https:\/\/infoimmobilier360.com\/en\/wp-json\/wp\/v2\/media?parent=7478"}],"curies":[{"name":"wp","href":"https:\/\/api.w.org\/{rel}","templated":true}]}}