{"id":7484,"date":"2024-02-01T01:25:45","date_gmt":"2024-02-01T06:25:45","guid":{"rendered":"http:\/\/localhost\/infoimmobilier360\/?page_id=7484"},"modified":"2024-02-01T09:56:38","modified_gmt":"2024-02-01T14:56:38","slug":"questions","status":"publish","type":"page","link":"https:\/\/infoimmobilier360.com\/en\/ressources\/questions\/","title":{"rendered":"Demandez \u00e0 un expert"},"content":{"rendered":"<p>[et_pb_section fb_built=&raquo;1&Prime; _builder_version=&raquo;4.23.1&Prime; _module_preset=&raquo;default&raquo; global_colors_info=&raquo;{}&raquo;][et_pb_row column_structure=&raquo;3_5,2_5&Prime; _builder_version=&raquo;4.23.1&Prime; _module_preset=&raquo;default&raquo; custom_margin=&raquo;|||||false&raquo; custom_padding=&raquo;25px|25px|25px|25px|true|true&raquo; border_width_all=&raquo;2px&raquo; border_color_all=&raquo;#F3F5F6&Prime; global_colors_info=&raquo;{}&raquo;][et_pb_column type=&raquo;3_5&Prime; _builder_version=&raquo;4.23.1&Prime; _module_preset=&raquo;default&raquo; global_colors_info=&raquo;{}&raquo;][et_pb_heading title=&raquo;VOUS AVEZ DES QUESTIONS? DEMANDEZ \u00c0 UN EXPERT&raquo; _builder_version=&raquo;4.24.0&Prime; _module_preset=&raquo;default&raquo; title_font=&raquo;Lato|300||on|||||&raquo; title_text_color=&raquo;#A4C2A5&Prime; title_line_height=&raquo;0.9em&raquo; global_colors_info=&raquo;{}&raquo;][\/et_pb_heading][et_pb_image src=&raquo;https:\/\/infoimmobilier360.com\/wp-content\/uploads\/2024\/02\/expert.png&raquo; title_text=&raquo;expert&raquo; _builder_version=&raquo;4.24.0&Prime; _module_preset=&raquo;default&raquo; global_colors_info=&raquo;{}&raquo;][\/et_pb_image][et_pb_text _builder_version=&raquo;4.24.0&Prime; _module_preset=&raquo;default&raquo; text_font=&raquo;Roboto|300|||||||&raquo; text_font_size=&raquo;17px&raquo; text_orientation=&raquo;justified&raquo; hover_enabled=&raquo;0&Prime; global_colors_info=&raquo;{}&raquo; sticky_enabled=&raquo;0&Prime;]<\/p>\n<div class=\"et_pb_module et_pb_text et_pb_text_0  et_pb_text_align_justified et_pb_bg_layout_light\">\n<div class=\"et_pb_text_inner\">\n<div class=\"col-md-8 col-md-offset-0\">\n<p>It\u2019s hard to ignore the level of stress associated with selling or buying a property. We are deeply convinced that it is possible to reduce, or even eliminate, this stress. How? We provide you with simple information to help explain this complex process.\u00a0<\/p>\n<p class=\" translation-block\">If you have any questions, concerns, or can't find the information you need on our site, don't worry. We are here to help you. Send us your question via the form on this page, and we promise to provide you with a fast, free, no-obligation response.<\/p>\n<\/div>\n<\/div>\n<\/div>\n<p>[\/et_pb_text][\/et_pb_column][et_pb_column type=&raquo;2_5&Prime; _builder_version=&raquo;4.23.1&Prime; _module_preset=&raquo;default&raquo; global_colors_info=&raquo;{}&raquo;][et_pb_text _builder_version=&raquo;4.23.2&Prime; _module_preset=&raquo;default&raquo; text_font=&raquo;Roboto||||||||&raquo; text_font_size=&raquo;17px&raquo; global_colors_info=&raquo;{}&raquo;]<\/p>\n<p><strong>For more information, fill out the form below:<\/strong><\/p>\n<p>[\/et_pb_text][wpforms_selector form_id=&raquo;6823&Prime; _builder_version=&raquo;4.23.3&Prime; _module_preset=&raquo;default&raquo; global_colors_info=&raquo;{}&raquo;][\/wpforms_selector][et_pb_text _builder_version=&raquo;4.23.2&Prime; _module_preset=&raquo;default&raquo; text_font=&raquo;Roboto|300|||||||&raquo; global_colors_info=&raquo;{}&raquo;]<\/p>\n<p style=\"text-align: justify;\" class=\" translation-block\"><b>We care about your privacy<\/b><br>\n<span>If you have any questions about the collection, use or disclosure of your personal information, please consult the Usage and privacy policy page accessible through the link at the bottom of this page.<\/span><\/p>\n<p>[\/et_pb_text][\/et_pb_column][\/et_pb_row][\/et_pb_section]<\/p>","protected":false},"excerpt":{"rendered":"<p>Il est difficile d\u2019ignorer le niveau de stress associ\u00e9 \u00e0 la vente ou \u00e0 l\u2019achat d\u2019une propri\u00e9t\u00e9. Nous sommes profond\u00e9ment convaincues qu\u2019il est possible de r\u00e9duire, voire d\u2019\u00e9liminer, ce stress. Comment? Nous vous fournissons des informations simples pour expliquer ce processus complexe.\u00a0 Si vous avez des questions, des inqui\u00e9tudes ou si vous ne trouvez pas [&hellip;]<\/p>","protected":false},"author":1,"featured_media":0,"parent":7172,"menu_order":100,"comment_status":"closed","ping_status":"closed","template":"","meta":{"_et_pb_use_builder":"on","_et_pb_old_content":"<!-- wp:divi\/placeholder \/-->","_et_gb_content_width":"","footnotes":""},"_links":{"self":[{"href":"https:\/\/infoimmobilier360.com\/en\/wp-json\/wp\/v2\/pages\/7484"}],"collection":[{"href":"https:\/\/infoimmobilier360.com\/en\/wp-json\/wp\/v2\/pages"}],"about":[{"href":"https:\/\/infoimmobilier360.com\/en\/wp-json\/wp\/v2\/types\/page"}],"author":[{"embeddable":true,"href":"https:\/\/infoimmobilier360.com\/en\/wp-json\/wp\/v2\/users\/1"}],"replies":[{"embeddable":true,"href":"https:\/\/infoimmobilier360.com\/en\/wp-json\/wp\/v2\/comments?post=7484"}],"version-history":[{"count":4,"href":"https:\/\/infoimmobilier360.com\/en\/wp-json\/wp\/v2\/pages\/7484\/revisions"}],"predecessor-version":[{"id":7515,"href":"https:\/\/infoimmobilier360.com\/en\/wp-json\/wp\/v2\/pages\/7484\/revisions\/7515"}],"up":[{"embeddable":true,"href":"https:\/\/infoimmobilier360.com\/en\/wp-json\/wp\/v2\/pages\/7172"}],"wp:attachment":[{"href":"https:\/\/infoimmobilier360.com\/en\/wp-json\/wp\/v2\/media?parent=7484"}],"curies":[{"name":"wp","href":"https:\/\/api.w.org\/{rel}","templated":true}]}}