{"id":7487,"date":"2024-02-01T08:27:05","date_gmt":"2024-02-01T13:27:05","guid":{"rendered":"http:\/\/localhost\/infoimmobilier360\/?page_id=7487"},"modified":"2024-02-01T08:35:33","modified_gmt":"2024-02-01T13:35:33","slug":"calcul","status":"publish","type":"page","link":"https:\/\/infoimmobilier360.com\/en\/acheter\/calcul\/","title":{"rendered":"Find out how much you can afford for your next home"},"content":{"rendered":"<p>[et_pb_section fb_built=&raquo;1&Prime; admin_label=&raquo;section&raquo; _builder_version=&raquo;4.16&Prime; global_colors_info=&raquo;{}&raquo; theme_builder_area=&raquo;post_content&raquo;][et_pb_row column_structure=&raquo;1_2,1_2&Prime; admin_label=&raquo;row&raquo; _builder_version=&raquo;4.16&Prime; background_size=&raquo;initial&raquo; background_position=&raquo;top_left&raquo; background_repeat=&raquo;repeat&raquo; global_colors_info=&raquo;{}&raquo; theme_builder_area=&raquo;post_content&raquo;][et_pb_column type=&raquo;1_2&Prime; _builder_version=&raquo;4.16&Prime; custom_padding=&raquo;|||&raquo; global_colors_info=&raquo;{}&raquo; custom_padding__hover=&raquo;|||&raquo; theme_builder_area=&raquo;post_content&raquo;][et_pb_heading title=&raquo;D\u00c9COUVREZ COMBIEN VOUS POUVEZ PAYER POUR VOTRE PROCHAINE MAISON&raquo; _builder_version=&raquo;4.24.0&Prime; _module_preset=&raquo;default&raquo; title_font=&raquo;Lato|300|||||||&raquo; title_text_color=&raquo;#A4C2A5&Prime; title_line_height=&raquo;0.9em&raquo; custom_padding=&raquo;||0px|||&raquo; hover_enabled=&raquo;0&Prime; global_colors_info=&raquo;{}&raquo; theme_builder_area=&raquo;post_content&raquo; sticky_enabled=&raquo;0&Prime;][\/et_pb_heading][et_pb_image src=&raquo;https:\/\/infoimmobilier360.com\/wp-content\/uploads\/2024\/02\/mortgage-calculor.png&raquo; title_text=&raquo;mortgage calculor&raquo; _builder_version=&raquo;4.24.0&Prime; _module_preset=&raquo;default&raquo; hover_enabled=&raquo;0&Prime; global_colors_info=&raquo;{}&raquo; theme_builder_area=&raquo;post_content&raquo; sticky_enabled=&raquo;0&Prime;][\/et_pb_image][et_pb_text admin_label=&raquo;Text&raquo; _builder_version=&raquo;4.24.0&Prime; text_font=&raquo;Roboto|300|||||||&raquo; text_font_size=&raquo;17px&raquo; background_size=&raquo;initial&raquo; background_position=&raquo;top_left&raquo; background_repeat=&raquo;repeat&raquo; hover_enabled=&raquo;0&Prime; global_colors_info=&raquo;{}&raquo; theme_builder_area=&raquo;post_content&raquo; sticky_enabled=&raquo;0&Prime;]<\/p>\n<p style=\"text-align: justify;\"><strong>Use this mortgage calculator to estimate the purchase price you may be able to afford for your next home<\/strong><\/p>\n<p>[\/et_pb_text][et_pb_sidebar _builder_version=&raquo;4.24.0&Prime; _module_preset=&raquo;default&raquo; theme_builder_area=&raquo;post_content&raquo; area=&raquo;et_pb_widget_area_1&Prime; hover_enabled=&raquo;0&Prime; sticky_enabled=&raquo;0&Prime;][\/et_pb_sidebar][et_pb_text _builder_version=&raquo;4.24.0&Prime; _module_preset=&raquo;default&raquo; theme_builder_area=&raquo;post_content&raquo; hover_enabled=&raquo;0&Prime; sticky_enabled=&raquo;0&Prime;]<\/p>\n<ul>\n<li><em>The amounts obtained above are for informational purposes only and do not include taxes, if applicable.<\/em><\/li>\n<li><em>You must purchase mortgage loan insurance if your down payment is less than 20% of the purchase price of the property.\u00a0<\/em><\/li>\n<\/ul>\n<p>[\/et_pb_text][\/et_pb_column][et_pb_column type=&raquo;1_2&Prime; _builder_version=&raquo;4.16&Prime; custom_padding=&raquo;|||&raquo; global_colors_info=&raquo;{}&raquo; custom_padding__hover=&raquo;|||&raquo; theme_builder_area=&raquo;post_content&raquo;][et_pb_text _builder_version=&raquo;4.23.4&Prime; _module_preset=&raquo;default&raquo; text_font=&raquo;Roboto||||||||&raquo; text_font_size=&raquo;17px&raquo; global_colors_info=&raquo;{}&raquo; theme_builder_area=&raquo;post_content&raquo;]<\/p>\n<p><strong>For more information, fill out the form below<\/strong><\/p>\n<p>[\/et_pb_text][wpforms_selector form_id=&raquo;6823&Prime; _builder_version=&raquo;4.23.4&Prime; _module_preset=&raquo;default&raquo; global_colors_info=&raquo;{}&raquo; theme_builder_area=&raquo;post_content&raquo;][\/wpforms_selector][\/et_pb_column][\/et_pb_row][\/et_pb_section]<\/p>","protected":false},"excerpt":{"rendered":"<p>Utilisez ce calculateur hypoth\u00e9caire pour estimer le prix d\u2019achat que vous pourriez vous permettre pour votre prochaine maison. Les montants obtenus ci-dessus sont \u00e0 titre indicatif seulement et n\u2019incluent pas les taxes, si applicables. Vous devez acheter une assurance-pr\u00eat hypoth\u00e9caire si votre mise de fonds est inf\u00e9rieure \u00e0 20 % du prix d\u2019achat de la [&hellip;]<\/p>","protected":false},"author":1,"featured_media":0,"parent":15,"menu_order":0,"comment_status":"closed","ping_status":"closed","template":"","meta":{"_et_pb_use_builder":"on","_et_pb_old_content":"","_et_gb_content_width":"","footnotes":""},"_links":{"self":[{"href":"https:\/\/infoimmobilier360.com\/en\/wp-json\/wp\/v2\/pages\/7487"}],"collection":[{"href":"https:\/\/infoimmobilier360.com\/en\/wp-json\/wp\/v2\/pages"}],"about":[{"href":"https:\/\/infoimmobilier360.com\/en\/wp-json\/wp\/v2\/types\/page"}],"author":[{"embeddable":true,"href":"https:\/\/infoimmobilier360.com\/en\/wp-json\/wp\/v2\/users\/1"}],"replies":[{"embeddable":true,"href":"https:\/\/infoimmobilier360.com\/en\/wp-json\/wp\/v2\/comments?post=7487"}],"version-history":[{"count":6,"href":"https:\/\/infoimmobilier360.com\/en\/wp-json\/wp\/v2\/pages\/7487\/revisions"}],"predecessor-version":[{"id":7495,"href":"https:\/\/infoimmobilier360.com\/en\/wp-json\/wp\/v2\/pages\/7487\/revisions\/7495"}],"up":[{"embeddable":true,"href":"https:\/\/infoimmobilier360.com\/en\/wp-json\/wp\/v2\/pages\/15"}],"wp:attachment":[{"href":"https:\/\/infoimmobilier360.com\/en\/wp-json\/wp\/v2\/media?parent=7487"}],"curies":[{"name":"wp","href":"https:\/\/api.w.org\/{rel}","templated":true}]}}